{"id":47574,"date":"2025-10-23T12:40:25","date_gmt":"2025-10-23T18:40:25","guid":{"rendered":"https:\/\/soymigrante.com\/revista\/?page_id=47574"},"modified":"2025-10-23T16:05:25","modified_gmt":"2025-10-23T22:05:25","slug":"oportunidades","status":"publish","type":"page","link":"https:\/\/soymigrante.com\/revista\/oportunidades\/","title":{"rendered":"Oportunidades en SoyMigrante.com"},"content":{"rendered":"\t\t<div data-elementor-type=\"wp-page\" data-elementor-id=\"47574\" class=\"elementor elementor-47574\" data-elementor-post-type=\"page\">\n\t\t\t\t<div data-particle_enable=\"false\" data-particle-mobile-disabled=\"false\" class=\"elementor-element elementor-element-28a7353 e-con-full e-flex e-con e-parent\" data-id=\"28a7353\" data-element_type=\"container\" data-e-type=\"container\" data-settings=\"{&quot;background_background&quot;:&quot;classic&quot;}\">\n\t\t\t\t<div class=\"elementor-element elementor-element-014e2a6 elementor-widget elementor-widget-heading\" data-id=\"014e2a6\" data-element_type=\"widget\" data-e-type=\"widget\" data-widget_type=\"heading.default\">\n\t\t\t\t\t<h1 class=\"elementor-heading-title elementor-size-default\">Oportunidades en SoyMigrante.com<\/h1>\t\t\t\t<\/div>\n\t\t\t\t<\/div>\n\t\t<div data-particle_enable=\"false\" data-particle-mobile-disabled=\"false\" class=\"elementor-element elementor-element-e938d82 e-flex e-con-boxed e-con e-parent\" data-id=\"e938d82\" data-element_type=\"container\" data-e-type=\"container\">\n\t\t\t\t\t<div class=\"e-con-inner\">\n\t\t\t\t<div class=\"elementor-element elementor-element-0400007 elementor-widget elementor-widget-heading\" data-id=\"0400007\" data-element_type=\"widget\" data-e-type=\"widget\" data-widget_type=\"heading.default\">\n\t\t\t\t\t<h2 class=\"elementor-heading-title elementor-size-default\">Trabaja con prop\u00f3sito. Inspira. Transforma.<\/h2>\t\t\t\t<\/div>\n\t\t\t\t<div class=\"elementor-element elementor-element-ecaafde elementor-widget elementor-widget-text-editor\" data-id=\"ecaafde\" data-element_type=\"widget\" data-e-type=\"widget\" data-widget_type=\"text-editor.default\">\n\t\t\t\t\t\t\t\t\t<p data-start=\"652\" data-end=\"884\">En <a href=\"http:\/\/SoyMigrante.com\"><strong data-start=\"655\" data-end=\"674\">SoyMigrante.com<\/strong> <\/a>creemos en el poder del talento guatemalteco para cambiar historias.<br data-start=\"743\" data-end=\"746\" \/>Buscamos personas que quieran usar su creatividad, conocimiento y coraz\u00f3n para construir un pa\u00eds con m\u00e1s oportunidades, desde donde est\u00e9n.<\/p><p data-start=\"652\" data-end=\"884\">Aqu\u00ed no solo trabajas. <strong data-start=\"909\" data-end=\"946\">Contribuyes. Creas. Dejas huella.<\/strong><\/p>\t\t\t\t\t\t\t\t<\/div>\n\t\t\t\t<div class=\"elementor-element elementor-element-12f06e2 elementor-widget elementor-widget-heading\" data-id=\"12f06e2\" data-element_type=\"widget\" data-e-type=\"widget\" data-widget_type=\"heading.default\">\n\t\t\t\t\t<h2 class=\"elementor-heading-title elementor-size-default\">\ud83d\udca1 Por qu\u00e9 unirte<\/h2>\t\t\t\t<\/div>\n\t\t\t\t<div class=\"elementor-element elementor-element-2f05cb7 elementor-widget elementor-widget-text-editor\" data-id=\"2f05cb7\" data-element_type=\"widget\" data-e-type=\"widget\" data-widget_type=\"text-editor.default\">\n\t\t\t\t\t\t\t\t\t<ul><li data-start=\"981\" data-end=\"1048\">\ud83c\udf31 Formar\u00e1s parte de un proyecto con prop\u00f3sito social y cultural.<\/li><li data-start=\"981\" data-end=\"1048\">\ud83d\udcbb Trabajar\u00e1s con tecnolog\u00eda moderna y equipos multidisciplinarios.<\/li><li data-start=\"981\" data-end=\"1048\">\ud83d\udcac Tu trabajo generar\u00e1 impacto real en comunidades guatemaltecas.<\/li><\/ul>\t\t\t\t\t\t\t\t<\/div>\n\t\t\t\t<div class=\"elementor-element elementor-element-0eb032f elementor-widget elementor-widget-heading\" data-id=\"0eb032f\" data-element_type=\"widget\" data-e-type=\"widget\" data-widget_type=\"heading.default\">\n\t\t\t\t\t<h2 class=\"elementor-heading-title elementor-size-default\">\ud83d\ude80 Oportunidades disponibles<\/h2>\t\t\t\t<\/div>\n\t\t\t\t<div class=\"elementor-element elementor-element-52b0ff4 elementor-widget elementor-widget-text-editor\" data-id=\"52b0ff4\" data-element_type=\"widget\" data-e-type=\"widget\" data-widget_type=\"text-editor.default\">\n\t\t\t\t\t\t\t\t\t<ol><li><strong><a href=\"https:\/\/soymigrante.com\/revista\/oportunidades\/desarrollador-full-stack-php-laravel-vue-oportunidad-laboral-en-soymigrante-com\/\">1. GUATEMALA:\u00a0 Desarrollador(a) Full-Stack Laravel + Vue<\/a><\/strong><\/li><\/ol><p>\u00a0<\/p><p>\u00a0<\/p><p>\u00a0<\/p>\t\t\t\t\t\t\t\t<\/div>\n\t\t\t\t\t<\/div>\n\t\t\t\t<\/div>\n\t\t\t\t<\/div>\n\t\t","protected":false},"excerpt":{"rendered":"<p>Oportunidades en SoyMigrante.com Trabaja con prop\u00f3sito. Inspira. Transforma. En SoyMigrante.com creemos en el poder del talento guatemalteco para cambiar historias.Buscamos personas que quieran usar su creatividad, conocimiento y coraz\u00f3n para construir un pa\u00eds con m\u00e1s oportunidades, desde donde est\u00e9n. Aqu\u00ed no solo trabajas. Contribuyes. Creas. Dejas huella. \ud83d\udca1 Por qu\u00e9 unirte \ud83c\udf31 Formar\u00e1s parte de [&hellip;]<\/p>\n","protected":false},"author":6,"featured_media":0,"parent":0,"menu_order":0,"comment_status":"closed","ping_status":"closed","template":"elementor_header_footer","meta":{"_acf_changed":false,"_eb_attr":"","footnotes":""},"class_list":["post-47574","page","type-page","status-publish","hentry"],"acf":[],"aioseo_notices":[],"aioseo_head":"\n\t\t<!-- All in One SEO Pro 4.9.6.2 - aioseo.com -->\n\t<meta name=\"description\" content=\"\u00danete a SoyMigrante.com y trabaja con prop\u00f3sito. Inspira, crea y transforma junto a un equipo que impulsa talento, identidad y esperanza desde Guatemala.\" \/>\n\t<meta name=\"robots\" content=\"max-snippet:-1, max-image-preview:large, max-video-preview:-1\" \/>\n\t<link rel=\"canonical\" href=\"https:\/\/soymigrante.com\/revista\/oportunidades\/\" \/>\n\t<meta name=\"generator\" content=\"All in One SEO Pro (AIOSEO) 4.9.6.2\" \/>\n\n\t\t<link rel=\"preconnect\" href=\"https:\/\/fonts.googleapis.com\" crossorigin>\n<link rel=\"preconnect\" href=\"https:\/\/fonts.gstatic.com\" crossorigin>\n\t\t<meta property=\"og:locale\" content=\"es_ES\" \/>\n\t\t<meta property=\"og:site_name\" content=\"SoyMigrante.com REVISTA \u2013 Nuestra misi\u00f3n es reconocer y dignificar al migrante.\" \/>\n\t\t<meta property=\"og:type\" content=\"article\" \/>\n\t\t<meta property=\"og:title\" content=\"Oportunidades en SoyMigrante.com\" \/>\n\t\t<meta property=\"og:description\" content=\"\u00danete a SoyMigrante.com y trabaja con prop\u00f3sito. Inspira, crea y transforma junto a un equipo que impulsa talento, identidad y esperanza desde Guatemala.\" \/>\n\t\t<meta property=\"og:url\" content=\"https:\/\/soymigrante.com\/revista\/oportunidades\/\" \/>\n\t\t<meta property=\"og:image\" content=\"https:\/\/soymigrante.com\/revista\/wp-content\/uploads\/2024\/11\/SoyMigrantecom-V-color-112x112-1.webp\" \/>\n\t\t<meta property=\"og:image:secure_url\" content=\"https:\/\/soymigrante.com\/revista\/wp-content\/uploads\/2024\/11\/SoyMigrantecom-V-color-112x112-1.webp\" \/>\n\t\t<meta property=\"article:published_time\" content=\"2025-10-23T18:40:25+00:00\" \/>\n\t\t<meta property=\"article:modified_time\" content=\"2025-10-23T22:05:25+00:00\" \/>\n\t\t<meta property=\"article:publisher\" content=\"https:\/\/www.facebook.com\/soymigrantecom\" \/>\n\t\t<meta name=\"twitter:card\" content=\"summary_large_image\" \/>\n\t\t<meta name=\"twitter:site\" content=\"@SoyMigrante_com\" \/>\n\t\t<meta name=\"twitter:title\" content=\"Oportunidades en SoyMigrante.com\" \/>\n\t\t<meta name=\"twitter:description\" content=\"\u00danete a SoyMigrante.com y trabaja con prop\u00f3sito. Inspira, crea y transforma junto a un equipo que impulsa talento, identidad y esperanza desde Guatemala.\" \/>\n\t\t<meta name=\"twitter:creator\" content=\"@SoyMigrante_com\" \/>\n\t\t<meta name=\"twitter:image\" content=\"https:\/\/soymigrante.com\/revista\/wp-content\/uploads\/2024\/11\/SoyMigrantecom-V-color-112x112-1.webp\" \/>\n\t\t<!-- All in One SEO Pro -->\r\n\t\t<title>Oportunidades en SoyMigrante.com<\/title>\n\n","aioseo_head_json":{"title":"Oportunidades en SoyMigrante.com","description":"\u00danete a SoyMigrante.com y trabaja con prop\u00f3sito. Inspira, crea y transforma junto a un equipo que impulsa talento, identidad y esperanza desde Guatemala.","canonical_url":"https:\/\/soymigrante.com\/revista\/oportunidades\/","robots":"max-snippet:-1, max-image-preview:large, max-video-preview:-1","keywords":"","webmasterTools":{"miscellaneous":"&lt;link rel=\"preconnect\" href=\"https:\/\/fonts.googleapis.com\" crossorigin&gt;\n&lt;link rel=\"preconnect\" href=\"https:\/\/fonts.gstatic.com\" crossorigin&gt;"},"schema":null,"og:locale":"es_ES","og:site_name":"SoyMigrante.com REVISTA \u2013 Nuestra misi\u00f3n es reconocer y dignificar al migrante.","og:type":"article","og:title":"Oportunidades en SoyMigrante.com","og:description":"\u00danete a SoyMigrante.com y trabaja con prop\u00f3sito. Inspira, crea y transforma junto a un equipo que impulsa talento, identidad y esperanza desde Guatemala.","og:url":"https:\/\/soymigrante.com\/revista\/oportunidades\/","og:image":"https:\/\/soymigrante.com\/revista\/wp-content\/uploads\/2024\/11\/SoyMigrantecom-V-color-112x112-1.webp","og:image:secure_url":"https:\/\/soymigrante.com\/revista\/wp-content\/uploads\/2024\/11\/SoyMigrantecom-V-color-112x112-1.webp","article:published_time":"2025-10-23T18:40:25+00:00","article:modified_time":"2025-10-23T22:05:25+00:00","article:publisher":"https:\/\/www.facebook.com\/soymigrantecom","twitter:card":"summary_large_image","twitter:site":"@SoyMigrante_com","twitter:title":"Oportunidades en SoyMigrante.com","twitter:description":"\u00danete a SoyMigrante.com y trabaja con prop\u00f3sito. Inspira, crea y transforma junto a un equipo que impulsa talento, identidad y esperanza desde Guatemala.","twitter:creator":"@SoyMigrante_com","twitter:image":"https:\/\/soymigrante.com\/revista\/wp-content\/uploads\/2024\/11\/SoyMigrantecom-V-color-112x112-1.webp"},"aioseo_meta_data":{"post_id":"47574","title":null,"description":"\u00danete a SoyMigrante.com y trabaja con prop\u00f3sito. Inspira, crea y transforma junto a un equipo que impulsa talento, identidad y esperanza desde Guatemala.","keywords":null,"keyphrases":{"focus":{"keyphrase":"oportunidades","score":90,"analysis":{"keyphraseInTitle":{"score":9,"maxScore":9,"error":0},"keyphraseInDescription":{"score":3,"maxScore":9,"error":1},"keyphraseLength":{"score":9,"maxScore":9,"error":0,"length":1},"keyphraseInURL":{"score":5,"maxScore":5,"error":0},"keyphraseInIntroduction":{"score":9,"maxScore":9,"error":0},"keyphraseInSubHeadings":{"score":9,"maxScore":9,"error":0},"keyphraseInImageAlt":[],"keywordDensity":{"type":"best","score":9,"maxScore":9,"error":0}}},"additional":[{"keyphrase":"trabajo","score":67,"analysis":{"keyphraseInDescription":{"score":3,"maxScore":9,"error":1},"keyphraseLength":{"score":9,"maxScore":9,"error":0,"length":1},"keyphraseInIntroduction":{"score":3,"maxScore":9,"error":1},"keyphraseInImageAlt":[],"keywordDensity":{"type":"best","score":9,"maxScore":9,"error":0}}}]},"primary_term":null,"canonical_url":null,"og_title":null,"og_description":null,"og_object_type":"default","og_image_type":"default","og_image_url":null,"og_image_width":null,"og_image_height":null,"og_image_custom_url":null,"og_image_custom_fields":null,"og_video":"","og_custom_url":null,"og_article_section":null,"og_article_tags":null,"twitter_use_og":false,"twitter_card":"default","twitter_image_type":"default","twitter_image_url":null,"twitter_image_custom_url":null,"twitter_image_custom_fields":null,"twitter_title":null,"twitter_description":null,"schema":{"blockGraphs":[],"customGraphs":[],"default":{"data":{"Article":[],"Course":[],"Dataset":[],"FAQPage":[],"Movie":[],"Person":[],"Product":[],"ProductReview":[],"Car":[],"Recipe":[],"Service":[],"SoftwareApplication":[],"WebPage":[]},"graphName":"none","isEnabled":true},"graphs":[]},"schema_type":"default","schema_type_options":null,"pillar_content":false,"robots_default":true,"robots_noindex":false,"robots_noarchive":false,"robots_nosnippet":false,"robots_nofollow":false,"robots_noimageindex":false,"robots_noodp":false,"robots_notranslate":false,"robots_max_snippet":"-1","robots_max_videopreview":"-1","robots_max_imagepreview":"large","priority":null,"frequency":"default","local_seo":null,"seo_analyzer_scan_date":"2025-10-23 22:05:45","breadcrumb_settings":null,"limit_modified_date":false,"reviewed_by":"0","open_ai":null,"ai":{"faqs":[],"keyPoints":[],"titles":[],"descriptions":[],"socialPosts":{"email":[],"linkedin":[],"twitter":[],"facebook":[],"instagram":[]}},"created":"2025-10-23 17:35:40","updated":"2026-02-04 03:56:22"},"aioseo_breadcrumb":"<div class=\"aioseo-breadcrumbs\"><span class=\"aioseo-breadcrumb\">\n\t<a href=\"https:\/\/soymigrante.com\/revista\" title=\"Home\">Home<\/a>\n<\/span><span class=\"aioseo-breadcrumb-separator\">\u00bb<\/span><span class=\"aioseo-breadcrumb\">\n\tOportunidades en SoyMigrante.com\n<\/span><\/div>","aioseo_breadcrumb_json":[{"label":"Home","link":"https:\/\/soymigrante.com\/revista"},{"label":"Oportunidades en SoyMigrante.com","link":"https:\/\/soymigrante.com\/revista\/oportunidades\/"}],"_links":{"self":[{"href":"https:\/\/soymigrante.com\/revista\/wp-json\/wp\/v2\/pages\/47574","targetHints":{"allow":["GET"]}}],"collection":[{"href":"https:\/\/soymigrante.com\/revista\/wp-json\/wp\/v2\/pages"}],"about":[{"href":"https:\/\/soymigrante.com\/revista\/wp-json\/wp\/v2\/types\/page"}],"author":[{"embeddable":true,"href":"https:\/\/soymigrante.com\/revista\/wp-json\/wp\/v2\/users\/6"}],"replies":[{"embeddable":true,"href":"https:\/\/soymigrante.com\/revista\/wp-json\/wp\/v2\/comments?post=47574"}],"version-history":[{"count":48,"href":"https:\/\/soymigrante.com\/revista\/wp-json\/wp\/v2\/pages\/47574\/revisions"}],"predecessor-version":[{"id":47690,"href":"https:\/\/soymigrante.com\/revista\/wp-json\/wp\/v2\/pages\/47574\/revisions\/47690"}],"wp:attachment":[{"href":"https:\/\/soymigrante.com\/revista\/wp-json\/wp\/v2\/media?parent=47574"}],"curies":[{"name":"wp","href":"https:\/\/api.w.org\/{rel}","templated":true}]}}