{"id":44579,"date":"2025-09-12T17:48:09","date_gmt":"2025-09-12T23:48:09","guid":{"rendered":"https:\/\/soymigrante.com\/revista\/?page_id=44579"},"modified":"2025-09-13T07:13:06","modified_gmt":"2025-09-13T13:13:06","slug":"unete-a-la-comunidad-de-miles-de-migrantes-guatemaltecos","status":"publish","type":"page","link":"https:\/\/soymigrante.com\/revista\/unete-a-la-comunidad-de-miles-de-migrantes-guatemaltecos\/","title":{"rendered":"\u00danete a la comunidad de miles de migrantes guatemaltecos\u200b"},"content":{"rendered":"\t\t<div data-elementor-type=\"wp-page\" data-elementor-id=\"44579\" class=\"elementor elementor-44579\" data-elementor-post-type=\"page\">\n\t\t\t\t<div data-particle_enable=\"false\" data-particle-mobile-disabled=\"false\" class=\"elementor-element elementor-element-baaa844 e-flex e-con-boxed e-con e-parent\" data-id=\"baaa844\" data-element_type=\"container\" data-e-type=\"container\">\n\t\t\t\t\t<div class=\"e-con-inner\">\n\t\t\t\t<div class=\"elementor-element elementor-element-817a2dd elementor-widget elementor-widget-heading\" data-id=\"817a2dd\" data-element_type=\"widget\" data-e-type=\"widget\" data-widget_type=\"heading.default\">\n\t\t\t\t\t<h2 class=\"elementor-heading-title elementor-size-default\">\u00danete a la comunidad de miles de migrantes guatemaltecos<\/h2>\t\t\t\t<\/div>\n\t\t\t\t<div class=\"elementor-element elementor-element-72182ac elementor-widget elementor-widget-text-editor\" data-id=\"72182ac\" data-element_type=\"widget\" data-e-type=\"widget\" data-widget_type=\"text-editor.default\">\n\t\t\t\t\t\t\t\t\t<p>Cada semana recibe en tu correo lo m\u00e1s relevante de SoyMigrante.com: informaci\u00f3n actualizada, noticias \u00fatiles y <strong data-start=\"378\" data-end=\"488\">historias inspiradoras de migrantes en EE.UU., en Guatemala y de familias que siguen unidas a la distancia<\/strong>.<\/p>\t\t\t\t\t\t\t\t<\/div>\n\t\t\t\t<div class=\"elementor-element elementor-element-4329825 elementor-widget elementor-widget-wpforms\" data-id=\"4329825\" data-element_type=\"widget\" data-e-type=\"widget\" data-widget_type=\"wpforms.default\">\n\t\t\t\t<div class=\"elementor-widget-container\">\n\t\t\t\t\t<div class=\"wpforms-container wpforms-container-full wpforms-render-modern\" id=\"wpforms-7232\"><form id=\"wpforms-form-7232\" class=\"wpforms-validate wpforms-form wpforms-ajax-form\" data-formid=\"7232\" method=\"post\" enctype=\"multipart\/form-data\" action=\"\/revista\/wp-json\/wp\/v2\/pages\/44579\" data-token=\"3aafa8ced0b6220d622fa30155c1a219\" data-token-time=\"1777773323\"><noscript class=\"wpforms-error-noscript\">Por favor, activa JavaScript en tu navegador para completar este formulario.<\/noscript><div id=\"wpforms-error-noscript\" style=\"display: none;\">Por favor, activa JavaScript en tu navegador para completar este formulario.<\/div><div class=\"wpforms-field-container\"><div id=\"wpforms-7232-field_7-container\" class=\"wpforms-field wpforms-field-html\" data-field-id=\"7\"><div id=\"wpforms-7232-field_7\" aria-errormessage=\"wpforms-7232-field_7-error\"><h2>Suscr\u00edbete<\/h2>\r\n<p>Suscr\u00edbase a nuestra newsletter para recibir nuestras novedades.<\/p>\r\n\r\n\r\n\r\n\r\n<\/div><\/div><div id=\"wpforms-7232-field_0-container\" class=\"wpforms-field wpforms-field-name\" data-field-id=\"0\"><label class=\"wpforms-field-label\" for=\"wpforms-7232-field_0\">Nombre <span class=\"wpforms-required-label\" aria-hidden=\"true\">*<\/span><\/label><input type=\"text\" id=\"wpforms-7232-field_0\" class=\"wpforms-field-large wpforms-field-required\" name=\"wpforms[fields][0]\" aria-errormessage=\"wpforms-7232-field_0-error\" required><\/div><div id=\"wpforms-7232-field_8-container\" class=\"wpforms-field wpforms-field-name\" data-field-id=\"8\"><label class=\"wpforms-field-label\" for=\"wpforms-7232-field_8\">Apellido <span class=\"wpforms-required-label\" aria-hidden=\"true\">*<\/span><\/label><input type=\"text\" id=\"wpforms-7232-field_8\" class=\"wpforms-field-large wpforms-field-required\" name=\"wpforms[fields][8]\" aria-errormessage=\"wpforms-7232-field_8-error\" required><\/div><div id=\"wpforms-7232-field_1-container\" class=\"wpforms-field wpforms-field-email\" data-field-id=\"1\"><fieldset><legend class=\"wpforms-field-label\">Introduzca su direcci\u00f3n de e-mail para suscribirse <span class=\"wpforms-required-label\" aria-hidden=\"true\">*<\/span><\/legend><div class=\"wpforms-field-row wpforms-field-large\"><div class=\"wpforms-field-row-block wpforms-one-half wpforms-first\"><input type=\"email\" id=\"wpforms-7232-field_1\" class=\"wpforms-field-required wpforms-field-email-primary\" name=\"wpforms[fields][1][primary]\" spellcheck=\"false\" aria-errormessage=\"wpforms-7232-field_1-error\" aria-describedby=\"wpforms-7232-field_1-description\" required><label for=\"wpforms-7232-field_1\" class=\"wpforms-field-sublabel after\">Correo electr\u00f3nico<\/label><\/div><div class=\"wpforms-field-row-block wpforms-one-half\"><input type=\"email\" id=\"wpforms-7232-field_1-secondary\" class=\"wpforms-field-email-secondary wpforms-field-required\" data-rule-confirm=\"#wpforms-7232-field_1\" name=\"wpforms[fields][1][secondary]\" spellcheck=\"false\" aria-errormessage=\"wpforms-7232-field_1-secondary-error\" aria-describedby=\"wpforms-7232-field_1-description\" required><label for=\"wpforms-7232-field_1-secondary\" class=\"wpforms-field-sublabel after\">Confirmar el correo electr\u00f3nico<\/label><\/div><\/div><div id=\"wpforms-7232-field_1-description\" class=\"wpforms-field-description\">Introduzca su direcci\u00f3n de e-mail para suscribirse. Ej.: abc@xyz.com\n<\/div><\/fieldset><\/div><div id=\"wpforms-7232-field_5-container\" class=\"wpforms-field wpforms-field-text\" data-field-id=\"5\"><label class=\"wpforms-field-label\" for=\"wpforms-7232-field_5\">\u00bfDe qu\u00e9 ciudad eres? <span class=\"wpforms-required-label\" aria-hidden=\"true\">*<\/span><\/label><input type=\"text\" id=\"wpforms-7232-field_5\" class=\"wpforms-field-large wpforms-field-required\" name=\"wpforms[fields][5]\" aria-errormessage=\"wpforms-7232-field_5-error\" aria-describedby=\"wpforms-7232-field_5-description\" required><div id=\"wpforms-7232-field_5-description\" class=\"wpforms-field-description\">Esta informaci\u00f3n nos ayuda a poder enviarte la informaci\u00f3n m\u00e1s relevante\n<\/div><\/div><div id=\"wpforms-7232-field_16-container\" class=\"wpforms-field wpforms-field-hidden\" data-field-id=\"16\"><input type=\"hidden\" id=\"wpforms-7232-field_16\" name=\"wpforms[fields][16]\" value=\"Columbus, Ohio, US\r\n39.9587, -82.9987\"><\/div><div id=\"wpforms-7232-field_17-container\" class=\"wpforms-field wpforms-field-hidden\" data-field-id=\"17\"><input type=\"hidden\" id=\"wpforms-7232-field_17\" name=\"wpforms[fields][17]\" value=\"216.73.217.98\"><\/div><div id=\"wpforms-7232-field_18-container\" class=\"wpforms-field wpforms-field-hidden\" data-field-id=\"18\"><input type=\"hidden\" id=\"wpforms-7232-field_18\" name=\"wpforms[fields][18]\"><\/div><div id=\"wpforms-7232-field_19-container\" class=\"wpforms-field wpforms-field-hidden\" data-field-id=\"19\"><input type=\"hidden\" id=\"wpforms-7232-field_19\" name=\"wpforms[fields][19]\" value=\"{entry_user_journey}\"><\/div><div id=\"wpforms-7232-field_20-container\" class=\"wpforms-field wpforms-field-hidden\" data-field-id=\"20\"><input type=\"hidden\" id=\"wpforms-7232-field_20\" name=\"wpforms[fields][20]\"><\/div><\/div><!-- .wpforms-field-container --><div class=\"wpforms-recaptcha-container wpforms-is-recaptcha wpforms-is-recaptcha-type-v2\" ><div class=\"g-recaptcha\" data-sitekey=\"6LewRsUrAAAAAJbqFwjaxSr8wIe55OT0LOLzH7N2\"><\/div><input type=\"text\" name=\"g-recaptcha-hidden\" class=\"wpforms-recaptcha-hidden\" style=\"position:absolute!important;clip:rect(0,0,0,0)!important;height:1px!important;width:1px!important;border:0!important;overflow:hidden!important;padding:0!important;margin:0!important;\" data-rule-recaptcha=\"1\"><\/div><div class=\"wpforms-submit-container\" ><input type=\"hidden\" name=\"wpforms[id]\" value=\"7232\"><input type=\"hidden\" name=\"page_title\" value=\"\"><input type=\"hidden\" name=\"page_url\" value=\"https:\/\/soymigrante.com\/revista\/wp-json\/wp\/v2\/pages\/44579\"><input type=\"hidden\" name=\"url_referer\" value=\"\"><button type=\"submit\" name=\"wpforms[submit]\" id=\"wpforms-submit-7232\" class=\"wpforms-submit\" data-alt-text=\"Conect\u00e1ndote con la comunidad migrante\u2026\" data-submit-text=\"Suscribirme gratis\" aria-live=\"assertive\" value=\"wpforms-submit\">Suscribirme gratis<\/button><img decoding=\"async\" src=\"https:\/\/soymigrante.com\/revista\/wp-content\/plugins\/wpforms\/assets\/images\/submit-spin.svg\" class=\"wpforms-submit-spinner\" style=\"display: none;\" width=\"26\" height=\"26\" alt=\"Cargando\"><\/div><\/form><\/div>  <!-- .wpforms-container -->\t\t\t\t<\/div>\n\t\t\t\t<\/div>\n\t\t\t\t<div class=\"elementor-element elementor-element-0218b0e elementor-widget elementor-widget-text-editor\" data-id=\"0218b0e\" data-element_type=\"widget\" data-e-type=\"widget\" data-widget_type=\"text-editor.default\">\n\t\t\t\t\t\t\t\t\t<div class=\"elementor-element elementor-element-d09c221 elementor-widget elementor-widget-heading sf-js-enabled sf-arrows\" data-id=\"d09c221\" data-element_type=\"widget\" data-widget_type=\"heading.default\"><h3 data-start=\"240\" data-end=\"261\"><strong>\u00bfQu\u00e9 recibir\u00e1s?<\/strong><\/h3><p data-start=\"262\" data-end=\"299\"><strong>Cada semana recibir\u00e1s en tu correo:<\/strong><\/p><ul data-start=\"300\" data-end=\"681\"><li data-start=\"300\" data-end=\"385\"><p data-start=\"302\" data-end=\"385\"><strong>\u2705 Informaci\u00f3n actualizada sobre migraci\u00f3n y oportunidades para nuestra comunidad.<\/strong><\/p><\/li><li data-start=\"386\" data-end=\"503\"><p data-start=\"388\" data-end=\"503\"><strong>\ud83c\udf0e Noticias relevantes para quienes viven en EE.UU., quienes han regresado a Guatemala o tienen familia migrante.<\/strong><\/p><\/li><li data-start=\"504\" data-end=\"604\"><p data-start=\"506\" data-end=\"604\"><strong>\ud83d\udca1 Historias inspiradoras de migrantes como t\u00fa, que luchan, triunfan y nunca olvidan a su gente.<\/strong><\/p><\/li><li data-start=\"605\" data-end=\"681\"><p data-start=\"607\" data-end=\"681\"><strong>\ud83c\udf81 Todo totalmente gratuito, pensado para acompa\u00f1arte est\u00e9s donde est\u00e9s.<\/strong><\/p><\/li><\/ul><p data-start=\"683\" data-end=\"803\"><strong>SoyMigrante.com es el sitio de consulta y apoyo con mayor informaci\u00f3n para migrantes guatemaltecos y sus familias.<\/strong><\/p><\/div>\t\t\t\t\t\t\t\t<\/div>\n\t\t\t\t\t<\/div>\n\t\t\t\t<\/div>\n\t\t\t\t<\/div>\n\t\t","protected":false},"excerpt":{"rendered":"<p>\u00danete a la comunidad de miles de migrantes guatemaltecos Cada semana recibe en tu correo lo m\u00e1s relevante de SoyMigrante.com: informaci\u00f3n actualizada, noticias \u00fatiles y historias inspiradoras de migrantes en EE.UU., en Guatemala y de familias que siguen unidas a la distancia. Please enable JavaScript in your browser to complete this form.Please enable JavaScript in [&hellip;]<\/p>\n","protected":false},"author":6,"featured_media":0,"parent":0,"menu_order":0,"comment_status":"open","ping_status":"closed","template":"elementor_header_footer","meta":{"_acf_changed":false,"_eb_attr":"","footnotes":""},"class_list":["post-44579","page","type-page","status-publish","hentry"],"acf":[],"aioseo_notices":[],"aioseo_head":"\n\t\t<!-- All in One SEO Pro 4.9.6.2 - aioseo.com -->\n\t<meta name=\"description\" content=\"Historias y noticias que unen a migrantes y familias \ud83c\udf0e\" \/>\n\t<meta name=\"robots\" content=\"max-snippet:-1, max-image-preview:large, max-video-preview:-1\" \/>\n\t<link rel=\"canonical\" href=\"https:\/\/soymigrante.com\/revista\/unete-a-la-comunidad-de-miles-de-migrantes-guatemaltecos\/\" \/>\n\t<meta name=\"generator\" content=\"All in One SEO Pro (AIOSEO) 4.9.6.2\" \/>\n\n\t\t<link rel=\"preconnect\" href=\"https:\/\/fonts.googleapis.com\" crossorigin>\n<link rel=\"preconnect\" href=\"https:\/\/fonts.gstatic.com\" crossorigin>\n\t\t<meta property=\"og:locale\" content=\"es_ES\" \/>\n\t\t<meta property=\"og:site_name\" content=\"SoyMigrante.com REVISTA \u2013 Nuestra misi\u00f3n es reconocer y dignificar al migrante.\" \/>\n\t\t<meta property=\"og:type\" content=\"article\" \/>\n\t\t<meta property=\"og:title\" content=\"\u00danete a la comunidad de miles de migrantes guatemaltecos\u200b\" \/>\n\t\t<meta property=\"og:description\" content=\"Historias y noticias que unen a migrantes y familias \ud83c\udf0e\" \/>\n\t\t<meta property=\"og:url\" content=\"https:\/\/soymigrante.com\/revista\/unete-a-la-comunidad-de-miles-de-migrantes-guatemaltecos\/\" \/>\n\t\t<meta property=\"og:image\" content=\"https:\/\/soymigrante.com\/revista\/wp-content\/uploads\/2024\/11\/SoyMigrantecom-V-color-112x112-1.webp\" \/>\n\t\t<meta property=\"og:image:secure_url\" content=\"https:\/\/soymigrante.com\/revista\/wp-content\/uploads\/2024\/11\/SoyMigrantecom-V-color-112x112-1.webp\" \/>\n\t\t<meta property=\"article:published_time\" content=\"2025-09-12T23:48:09+00:00\" \/>\n\t\t<meta property=\"article:modified_time\" content=\"2025-09-13T13:13:06+00:00\" \/>\n\t\t<meta property=\"article:publisher\" content=\"https:\/\/www.facebook.com\/soymigrantecom\" \/>\n\t\t<meta name=\"twitter:card\" content=\"summary_large_image\" \/>\n\t\t<meta name=\"twitter:site\" content=\"@SoyMigrante_com\" \/>\n\t\t<meta name=\"twitter:title\" content=\"\u00danete a la comunidad de miles de migrantes guatemaltecos\u200b\" \/>\n\t\t<meta name=\"twitter:description\" content=\"Historias y noticias que unen a migrantes y familias \ud83c\udf0e\" \/>\n\t\t<meta name=\"twitter:creator\" content=\"@SoyMigrante_com\" \/>\n\t\t<meta name=\"twitter:image\" content=\"https:\/\/soymigrante.com\/revista\/wp-content\/uploads\/2024\/11\/SoyMigrantecom-V-color-112x112-1.webp\" \/>\n\t\t<!-- All in One SEO Pro -->\r\n\t\t<title>\u00danete a la comunidad de miles de migrantes guatemaltecos\u200b<\/title>\n\n","aioseo_head_json":{"title":"\u00danete a la comunidad de miles de migrantes guatemaltecos\u200b","description":"Historias y noticias que unen a migrantes y familias \ud83c\udf0e","canonical_url":"https:\/\/soymigrante.com\/revista\/unete-a-la-comunidad-de-miles-de-migrantes-guatemaltecos\/","robots":"max-snippet:-1, max-image-preview:large, max-video-preview:-1","keywords":"","webmasterTools":{"miscellaneous":"&lt;link rel=\"preconnect\" href=\"https:\/\/fonts.googleapis.com\" crossorigin&gt;\n&lt;link rel=\"preconnect\" href=\"https:\/\/fonts.gstatic.com\" crossorigin&gt;"},"schema":null,"og:locale":"es_ES","og:site_name":"SoyMigrante.com REVISTA \u2013 Nuestra misi\u00f3n es reconocer y dignificar al migrante.","og:type":"article","og:title":"\u00danete a la comunidad de miles de migrantes guatemaltecos\u200b","og:description":"Historias y noticias que unen a migrantes y familias \ud83c\udf0e","og:url":"https:\/\/soymigrante.com\/revista\/unete-a-la-comunidad-de-miles-de-migrantes-guatemaltecos\/","og:image":"https:\/\/soymigrante.com\/revista\/wp-content\/uploads\/2024\/11\/SoyMigrantecom-V-color-112x112-1.webp","og:image:secure_url":"https:\/\/soymigrante.com\/revista\/wp-content\/uploads\/2024\/11\/SoyMigrantecom-V-color-112x112-1.webp","article:published_time":"2025-09-12T23:48:09+00:00","article:modified_time":"2025-09-13T13:13:06+00:00","article:publisher":"https:\/\/www.facebook.com\/soymigrantecom","twitter:card":"summary_large_image","twitter:site":"@SoyMigrante_com","twitter:title":"\u00danete a la comunidad de miles de migrantes guatemaltecos\u200b","twitter:description":"Historias y noticias que unen a migrantes y familias \ud83c\udf0e","twitter:creator":"@SoyMigrante_com","twitter:image":"https:\/\/soymigrante.com\/revista\/wp-content\/uploads\/2024\/11\/SoyMigrantecom-V-color-112x112-1.webp"},"aioseo_meta_data":{"post_id":"44579","title":null,"description":"Historias y noticias que unen a migrantes y familias \ud83c\udf0e","keywords":null,"keyphrases":{"focus":{"keyphrase":"migrantes guatemaltecos","score":65,"analysis":{"keyphraseInTitle":{"score":9,"maxScore":9,"error":0},"keyphraseInDescription":{"score":3,"maxScore":9,"error":1},"keyphraseLength":{"score":9,"maxScore":9,"error":0,"length":2},"keyphraseInURL":{"score":5,"maxScore":5,"error":0},"keyphraseInIntroduction":{"score":3,"maxScore":9,"error":1},"keyphraseInSubHeadings":{"score":3,"maxScore":9,"error":1},"keyphraseInImageAlt":{"score":3,"maxScore":9,"error":1},"keywordDensity":{"type":"best","score":9,"maxScore":9,"error":0}}},"additional":[]},"primary_term":null,"canonical_url":null,"og_title":null,"og_description":null,"og_object_type":"default","og_image_type":"default","og_image_url":null,"og_image_width":null,"og_image_height":null,"og_image_custom_url":null,"og_image_custom_fields":null,"og_video":"","og_custom_url":null,"og_article_section":null,"og_article_tags":null,"twitter_use_og":false,"twitter_card":"default","twitter_image_type":"default","twitter_image_url":null,"twitter_image_custom_url":null,"twitter_image_custom_fields":null,"twitter_title":null,"twitter_description":null,"schema":{"blockGraphs":[],"customGraphs":[],"default":{"data":{"Article":[],"Course":[],"Dataset":[],"FAQPage":[],"Movie":[],"Person":[],"Product":[],"ProductReview":[],"Car":[],"Recipe":[],"Service":[],"SoftwareApplication":[],"WebPage":[]},"graphName":"none","isEnabled":true},"graphs":[]},"schema_type":"default","schema_type_options":null,"pillar_content":false,"robots_default":true,"robots_noindex":false,"robots_noarchive":false,"robots_nosnippet":false,"robots_nofollow":false,"robots_noimageindex":false,"robots_noodp":false,"robots_notranslate":false,"robots_max_snippet":"-1","robots_max_videopreview":"-1","robots_max_imagepreview":"large","priority":null,"frequency":"default","local_seo":null,"seo_analyzer_scan_date":"2025-10-09 09:46:32","breadcrumb_settings":null,"limit_modified_date":false,"reviewed_by":"0","open_ai":null,"ai":{"faqs":[],"keyPoints":[],"titles":[],"descriptions":[],"socialPosts":{"email":[],"linkedin":[],"twitter":[],"facebook":[],"instagram":[]}},"created":"2025-09-12 23:34:54","updated":"2026-02-04 03:56:22"},"aioseo_breadcrumb":"<div class=\"aioseo-breadcrumbs\"><span class=\"aioseo-breadcrumb\">\n\t<a href=\"https:\/\/soymigrante.com\/revista\" title=\"Home\">Home<\/a>\n<\/span><span class=\"aioseo-breadcrumb-separator\">\u00bb<\/span><span class=\"aioseo-breadcrumb\">\n\t\u00danete a la comunidad de miles de migrantes guatemaltecos\u200b\n<\/span><\/div>","aioseo_breadcrumb_json":[{"label":"Home","link":"https:\/\/soymigrante.com\/revista"},{"label":"\u00danete a la comunidad de miles de migrantes guatemaltecos\u200b","link":"https:\/\/soymigrante.com\/revista\/unete-a-la-comunidad-de-miles-de-migrantes-guatemaltecos\/"}],"_links":{"self":[{"href":"https:\/\/soymigrante.com\/revista\/wp-json\/wp\/v2\/pages\/44579","targetHints":{"allow":["GET"]}}],"collection":[{"href":"https:\/\/soymigrante.com\/revista\/wp-json\/wp\/v2\/pages"}],"about":[{"href":"https:\/\/soymigrante.com\/revista\/wp-json\/wp\/v2\/types\/page"}],"author":[{"embeddable":true,"href":"https:\/\/soymigrante.com\/revista\/wp-json\/wp\/v2\/users\/6"}],"replies":[{"embeddable":true,"href":"https:\/\/soymigrante.com\/revista\/wp-json\/wp\/v2\/comments?post=44579"}],"version-history":[{"count":13,"href":"https:\/\/soymigrante.com\/revista\/wp-json\/wp\/v2\/pages\/44579\/revisions"}],"predecessor-version":[{"id":44613,"href":"https:\/\/soymigrante.com\/revista\/wp-json\/wp\/v2\/pages\/44579\/revisions\/44613"}],"wp:attachment":[{"href":"https:\/\/soymigrante.com\/revista\/wp-json\/wp\/v2\/media?parent=44579"}],"curies":[{"name":"wp","href":"https:\/\/api.w.org\/{rel}","templated":true}]}}