{"id":403,"date":"2023-02-14T10:36:49","date_gmt":"2023-02-14T10:36:49","guid":{"rendered":"https:\/\/soymigrante.wpengine.com\/?page_id=403"},"modified":"2025-04-14T06:45:08","modified_gmt":"2025-04-14T12:45:08","slug":"contactanos","status":"publish","type":"page","link":"https:\/\/soymigrante.com\/revista\/contactanos\/","title":{"rendered":"Cont\u00e1ctanos"},"content":{"rendered":"\t\t<div data-elementor-type=\"wp-page\" data-elementor-id=\"403\" class=\"elementor elementor-403\" data-elementor-post-type=\"page\">\n\t\t\t\t\t\t<section data-particle_enable=\"false\" data-particle-mobile-disabled=\"false\" class=\"elementor-section elementor-top-section elementor-element elementor-element-9cbfbaf elementor-section-full_width elementor-section-height-min-height elementor-section-stretched elementor-section-height-default elementor-section-items-middle\" data-id=\"9cbfbaf\" data-element_type=\"section\" data-e-type=\"section\" data-settings=\"{&quot;stretch_section&quot;:&quot;section-stretched&quot;,&quot;background_background&quot;:&quot;classic&quot;}\">\n\t\t\t\t\t\t\t<div class=\"elementor-background-overlay\"><\/div>\n\t\t\t\t\t\t\t<div class=\"elementor-container elementor-column-gap-default\">\n\t\t\t\t\t<div class=\"elementor-column elementor-col-100 elementor-top-column elementor-element elementor-element-42f6a42\" data-id=\"42f6a42\" data-element_type=\"column\" data-e-type=\"column\">\n\t\t\t<div class=\"elementor-widget-wrap elementor-element-populated\">\n\t\t\t\t\t\t<div class=\"elementor-element elementor-element-461ab8f elementor-widget elementor-widget-heading\" data-id=\"461ab8f\" data-element_type=\"widget\" data-e-type=\"widget\" data-widget_type=\"heading.default\">\n\t\t\t\t\t<h2 class=\"elementor-heading-title elementor-size-default\">Cont\u00e1ctanos<\/h2>\t\t\t\t<\/div>\n\t\t\t\t\t<\/div>\n\t\t<\/div>\n\t\t\t\t\t<\/div>\n\t\t<\/section>\n\t\t\t\t<section data-particle_enable=\"false\" data-particle-mobile-disabled=\"false\" class=\"elementor-section elementor-top-section elementor-element elementor-element-aac3e79 contact-ss elementor-section-boxed elementor-section-height-default elementor-section-height-default\" data-id=\"aac3e79\" data-element_type=\"section\" data-e-type=\"section\">\n\t\t\t\t\t\t<div class=\"elementor-container elementor-column-gap-default\">\n\t\t\t\t\t<div class=\"elementor-column elementor-col-100 elementor-top-column elementor-element elementor-element-297548d\" data-id=\"297548d\" data-element_type=\"column\" data-e-type=\"column\">\n\t\t\t<div class=\"elementor-widget-wrap\">\n\t\t\t\t\t\t\t<\/div>\n\t\t<\/div>\n\t\t\t\t\t<\/div>\n\t\t<\/section>\n\t\t\t\t<section data-particle_enable=\"false\" data-particle-mobile-disabled=\"false\" class=\"elementor-section elementor-top-section elementor-element elementor-element-7501e43 elementor-section-boxed elementor-section-height-default elementor-section-height-default\" data-id=\"7501e43\" data-element_type=\"section\" data-e-type=\"section\">\n\t\t\t\t\t\t<div class=\"elementor-container elementor-column-gap-default\">\n\t\t\t\t\t<div class=\"elementor-column elementor-col-100 elementor-top-column elementor-element elementor-element-2c70d2a\" data-id=\"2c70d2a\" data-element_type=\"column\" data-e-type=\"column\">\n\t\t\t<div class=\"elementor-widget-wrap elementor-element-populated\">\n\t\t\t\t\t\t<div class=\"elementor-element elementor-element-8dcb4dd elementor-widget elementor-widget-heading\" data-id=\"8dcb4dd\" data-element_type=\"widget\" data-e-type=\"widget\" data-widget_type=\"heading.default\">\n\t\t\t\t\t<h2 class=\"elementor-heading-title elementor-size-default\">Cont\u00e1ctenos aqu\u00ed.<\/h2>\t\t\t\t<\/div>\n\t\t\t\t\t<\/div>\n\t\t<\/div>\n\t\t\t\t\t<\/div>\n\t\t<\/section>\n\t\t\t\t<section data-particle_enable=\"false\" data-particle-mobile-disabled=\"false\" class=\"elementor-section elementor-top-section elementor-element elementor-element-8e1c5e9 elementor-section-boxed elementor-section-height-default elementor-section-height-default\" data-id=\"8e1c5e9\" data-element_type=\"section\" data-e-type=\"section\">\n\t\t\t\t\t\t<div class=\"elementor-container elementor-column-gap-default\">\n\t\t\t\t\t<div class=\"elementor-column elementor-col-100 elementor-top-column elementor-element elementor-element-7ae633d\" data-id=\"7ae633d\" data-element_type=\"column\" data-e-type=\"column\">\n\t\t\t<div class=\"elementor-widget-wrap elementor-element-populated\">\n\t\t\t\t\t\t<div class=\"elementor-element elementor-element-173ba31 elementor-widget elementor-widget-text-editor\" data-id=\"173ba31\" data-element_type=\"widget\" data-e-type=\"widget\" data-widget_type=\"text-editor.default\">\n\t\t\t\t\t\t\t\t\t<h1>SoyMigrante.com nace para servir. Queremos apoyarte y contar tu historia.<\/h1>\t\t\t\t\t\t\t\t<\/div>\n\t\t\t\t<div class=\"elementor-element elementor-element-4bd6b75 elementor-widget elementor-widget-text-editor\" data-id=\"4bd6b75\" data-element_type=\"widget\" data-e-type=\"widget\" data-widget_type=\"text-editor.default\">\n\t\t\t\t\t\t\t\t\t<h2 style=\"text-align: left;\">Si conoces a un migrante \u2014en Guatemala o en el extranjero\u2014 cuya historia merece ser reconocida, escr\u00edbenos.\u00a0<\/h2><h2 style=\"text-align: left;\">\u00bfTienes un evento, una propuesta o un tema de inter\u00e9s que quieras compartir? Estamos aqu\u00ed para escucharte y darte espacio.\u00a0<\/h2><h2 style=\"text-align: left;\">\u00bfEst\u00e1s interesado en espacios publicitarios en nuestro sitio web o redes sociales?\u00a0<\/h2><h2 style=\"text-align: left;\">Ser\u00e1 un honor trabajar contigo.\u00a0<\/h2><h2 style=\"text-align: left;\">Cont\u00e1ctanos usando el formulario a continuaci\u00f3n.<\/h2>\t\t\t\t\t\t\t\t<\/div>\n\t\t\t\t\t<\/div>\n\t\t<\/div>\n\t\t\t\t\t<\/div>\n\t\t<\/section>\n\t\t\t\t<section data-particle_enable=\"false\" data-particle-mobile-disabled=\"false\" class=\"elementor-section elementor-top-section elementor-element elementor-element-e5d2053 elementor-section-boxed elementor-section-height-default elementor-section-height-default\" data-id=\"e5d2053\" data-element_type=\"section\" data-e-type=\"section\">\n\t\t\t\t\t\t<div class=\"elementor-container elementor-column-gap-default\">\n\t\t\t\t\t<div class=\"elementor-column elementor-col-100 elementor-top-column elementor-element elementor-element-c22659a\" data-id=\"c22659a\" data-element_type=\"column\" data-e-type=\"column\">\n\t\t\t<div class=\"elementor-widget-wrap elementor-element-populated\">\n\t\t\t\t\t\t<div class=\"elementor-element elementor-element-6b83d36 elementor-widget elementor-widget-html\" data-id=\"6b83d36\" data-element_type=\"widget\" data-e-type=\"widget\" data-widget_type=\"html.default\">\n\t\t\t\t\t<style id=\"wpforms-css-vars-5921\">\n\t\t\t\t#wpforms-5921 {\n\t\t\t\t\n\t\t\t}\n\t\t\t<\/style><div class=\"wpforms-container wpforms-container-full wpforms-render-modern\" id=\"wpforms-5921\"><form id=\"wpforms-form-5921\" class=\"wpforms-validate wpforms-form wpforms-ajax-form\" data-formid=\"5921\" method=\"post\" enctype=\"multipart\/form-data\" action=\"\/revista\/wp-json\/wp\/v2\/pages\/403\" data-token=\"83b6419f436303decb1a8abe0d05cdae\" data-token-time=\"1777736285\"><noscript class=\"wpforms-error-noscript\">Por favor, activa JavaScript en tu navegador para completar este formulario.<\/noscript><div id=\"wpforms-error-noscript\" style=\"display: none;\">Por favor, activa JavaScript en tu navegador para completar este formulario.<\/div><div class=\"wpforms-field-container\"><div id=\"wpforms-5921-field_0-container\" class=\"wpforms-field wpforms-field-name\" data-field-id=\"0\"><fieldset><legend class=\"wpforms-field-label\">Nombre <span class=\"wpforms-required-label\" aria-hidden=\"true\">*<\/span><\/legend><div class=\"wpforms-field-row wpforms-field-medium\"><div class=\"wpforms-field-row-block wpforms-first wpforms-one-half\"><input type=\"text\" id=\"wpforms-5921-field_0\" class=\"wpforms-field-name-first wpforms-field-required\" name=\"wpforms[fields][0][first]\" aria-errormessage=\"wpforms-5921-field_0-error\" required><label for=\"wpforms-5921-field_0\" class=\"wpforms-field-sublabel after\">Nombre<\/label><\/div><div class=\"wpforms-field-row-block wpforms-one-half\"><input type=\"text\" id=\"wpforms-5921-field_0-last\" class=\"wpforms-field-name-last wpforms-field-required\" name=\"wpforms[fields][0][last]\" aria-errormessage=\"wpforms-5921-field_0-last-error\" required><label for=\"wpforms-5921-field_0-last\" class=\"wpforms-field-sublabel after\">Apellidos<\/label><\/div><\/div><\/fieldset><\/div><div id=\"wpforms-5921-field_1-container\" class=\"wpforms-field wpforms-field-email\" data-field-id=\"1\"><label class=\"wpforms-field-label\" for=\"wpforms-5921-field_1\">Correo electr\u00f3nico <span class=\"wpforms-required-label\" aria-hidden=\"true\">*<\/span><\/label><input type=\"email\" id=\"wpforms-5921-field_1\" class=\"wpforms-field-medium wpforms-field-required\" name=\"wpforms[fields][1]\" spellcheck=\"false\" aria-errormessage=\"wpforms-5921-field_1-error\" required><\/div><div id=\"wpforms-5921-field_5-container\" class=\"wpforms-field wpforms-field-phone\" data-field-id=\"5\"><label class=\"wpforms-field-label\" for=\"wpforms-5921-field_5\">Tel\u00e9fono <span class=\"wpforms-required-label\" aria-hidden=\"true\">*<\/span><\/label><input type=\"tel\" id=\"wpforms-5921-field_5\" class=\"wpforms-field-medium wpforms-field-required wpforms-smart-phone-field\" data-rule-smart-phone-field=\"true\" name=\"wpforms[fields][5]\" aria-label=\"Tel\u00e9fono\" aria-errormessage=\"wpforms-5921-field_5-error\" required><\/div><div id=\"wpforms-5921-field_2-container\" class=\"wpforms-field wpforms-field-textarea\" data-field-id=\"2\"><label class=\"wpforms-field-label\" for=\"wpforms-5921-field_2\">Tu historia <span class=\"wpforms-required-label\" aria-hidden=\"true\">*<\/span><\/label><textarea id=\"wpforms-5921-field_2\" class=\"wpforms-field-medium wpforms-field-required\" name=\"wpforms[fields][2]\" aria-errormessage=\"wpforms-5921-field_2-error\" aria-describedby=\"wpforms-5921-field_2-description\" required><\/textarea><div id=\"wpforms-5921-field_2-description\" class=\"wpforms-field-description\">Danos una peque\u00f1a rese\u00f1a de la historia que quieres que contemos.<\/div><\/div><\/div><!-- .wpforms-field-container --><div class=\"wpforms-recaptcha-container wpforms-is-recaptcha wpforms-is-recaptcha-type-v2\" ><div class=\"g-recaptcha\" data-sitekey=\"6LewRsUrAAAAAJbqFwjaxSr8wIe55OT0LOLzH7N2\"><\/div><input type=\"text\" name=\"g-recaptcha-hidden\" class=\"wpforms-recaptcha-hidden\" style=\"position:absolute!important;clip:rect(0,0,0,0)!important;height:1px!important;width:1px!important;border:0!important;overflow:hidden!important;padding:0!important;margin:0!important;\" data-rule-recaptcha=\"1\"><\/div><div class=\"wpforms-submit-container\" ><input type=\"hidden\" name=\"wpforms[id]\" value=\"5921\"><input type=\"hidden\" name=\"page_title\" value=\"\"><input type=\"hidden\" name=\"page_url\" value=\"https:\/\/soymigrante.com\/revista\/wp-json\/wp\/v2\/pages\/403\"><input type=\"hidden\" name=\"url_referer\" value=\"\"><button type=\"submit\" name=\"wpforms[submit]\" id=\"wpforms-submit-5921\" class=\"wpforms-submit\" data-alt-text=\"Enviando...\" data-submit-text=\"Enviar\" aria-live=\"assertive\" value=\"wpforms-submit\">Enviar<\/button><img decoding=\"async\" src=\"https:\/\/soymigrante.com\/revista\/wp-content\/plugins\/wpforms\/assets\/images\/submit-spin.svg\" class=\"wpforms-submit-spinner\" style=\"display: none;\" width=\"26\" height=\"26\" alt=\"Cargando\"><\/div><\/form><\/div>  <!-- .wpforms-container -->\t\t\t\t<\/div>\n\t\t\t\t\t<\/div>\n\t\t<\/div>\n\t\t\t\t\t<\/div>\n\t\t<\/section>\n\t\t\t\t<\/div>\n\t\t","protected":false},"excerpt":{"rendered":"<p>Cont\u00e1ctanos Cont\u00e1ctenos aqu\u00ed. SoyMigrante.com nace para servir. Queremos apoyarte y contar tu historia. Si conoces a un migrante \u2014en Guatemala o en el extranjero\u2014 cuya historia merece ser reconocida, escr\u00edbenos.\u00a0 \u00bfTienes un evento, una propuesta o un tema de inter\u00e9s que quieras compartir? Estamos aqu\u00ed para escucharte y darte espacio.\u00a0 \u00bfEst\u00e1s interesado en espacios publicitarios [&hellip;]<\/p>\n","protected":false},"author":6,"featured_media":0,"parent":0,"menu_order":0,"comment_status":"closed","ping_status":"closed","template":"elementor_header_footer","meta":{"_acf_changed":false,"_eb_attr":"","footnotes":""},"class_list":["post-403","page","type-page","status-publish","hentry"],"acf":[],"aioseo_notices":[],"aioseo_head":"\n\t\t<!-- All in One SEO Pro 4.9.6.2 - aioseo.com -->\n\t<meta name=\"description\" content=\"Cont\u00e1ctanos Cont\u00e1ctenos aqu\u00ed. SoyMigrante.com nace para servir. Queremos apoyarte y contar tu historia. Si conoces a un migrante \u2014en Guatemala o en el extranjero\u2014 cuya historia merece ser reconocida, escr\u00edbenos. \u00bfTienes un evento, una propuesta o un tema de inter\u00e9s que quieras compartir? Estamos aqu\u00ed para escucharte y darte espacio. \u00bfEst\u00e1s interesado en espacios publicitarios\" \/>\n\t<meta name=\"robots\" content=\"max-snippet:-1, max-image-preview:large, max-video-preview:-1\" \/>\n\t<link rel=\"canonical\" href=\"https:\/\/soymigrante.com\/revista\/contactanos\/\" \/>\n\t<meta name=\"generator\" content=\"All in One SEO Pro (AIOSEO) 4.9.6.2\" \/>\n\n\t\t<link rel=\"preconnect\" href=\"https:\/\/fonts.googleapis.com\" crossorigin>\n<link rel=\"preconnect\" href=\"https:\/\/fonts.gstatic.com\" crossorigin>\n\t\t<meta property=\"og:locale\" content=\"es_ES\" \/>\n\t\t<meta property=\"og:site_name\" content=\"SoyMigrante.com REVISTA \u2013 Nuestra misi\u00f3n es reconocer y dignificar al migrante.\" \/>\n\t\t<meta property=\"og:type\" content=\"article\" \/>\n\t\t<meta property=\"og:title\" content=\"Cont\u00e1ctanos\" \/>\n\t\t<meta property=\"og:description\" content=\"Cont\u00e1ctanos Cont\u00e1ctenos aqu\u00ed. SoyMigrante.com nace para servir. Queremos apoyarte y contar tu historia. Si conoces a un migrante \u2014en Guatemala o en el extranjero\u2014 cuya historia merece ser reconocida, escr\u00edbenos. \u00bfTienes un evento, una propuesta o un tema de inter\u00e9s que quieras compartir? Estamos aqu\u00ed para escucharte y darte espacio. \u00bfEst\u00e1s interesado en espacios publicitarios\" \/>\n\t\t<meta property=\"og:url\" content=\"https:\/\/soymigrante.com\/revista\/contactanos\/\" \/>\n\t\t<meta property=\"og:image\" content=\"https:\/\/soymigrante.com\/revista\/wp-content\/uploads\/2024\/11\/SoyMigrantecom-V-color-112x112-1.webp\" \/>\n\t\t<meta property=\"og:image:secure_url\" content=\"https:\/\/soymigrante.com\/revista\/wp-content\/uploads\/2024\/11\/SoyMigrantecom-V-color-112x112-1.webp\" \/>\n\t\t<meta property=\"article:published_time\" content=\"2023-02-14T10:36:49+00:00\" \/>\n\t\t<meta property=\"article:modified_time\" content=\"2025-04-14T12:45:08+00:00\" \/>\n\t\t<meta property=\"article:publisher\" content=\"https:\/\/www.facebook.com\/soymigrantecom\" \/>\n\t\t<meta name=\"twitter:card\" content=\"summary_large_image\" \/>\n\t\t<meta name=\"twitter:site\" content=\"@SoyMigrante_com\" \/>\n\t\t<meta name=\"twitter:title\" content=\"Cont\u00e1ctanos\" \/>\n\t\t<meta name=\"twitter:description\" content=\"Cont\u00e1ctanos Cont\u00e1ctenos aqu\u00ed. SoyMigrante.com nace para servir. Queremos apoyarte y contar tu historia. Si conoces a un migrante \u2014en Guatemala o en el extranjero\u2014 cuya historia merece ser reconocida, escr\u00edbenos. \u00bfTienes un evento, una propuesta o un tema de inter\u00e9s que quieras compartir? Estamos aqu\u00ed para escucharte y darte espacio. \u00bfEst\u00e1s interesado en espacios publicitarios\" \/>\n\t\t<meta name=\"twitter:creator\" content=\"@SoyMigrante_com\" \/>\n\t\t<meta name=\"twitter:image\" content=\"https:\/\/soymigrante.com\/revista\/wp-content\/uploads\/2024\/11\/SoyMigrantecom-V-color-112x112-1.webp\" \/>\n\t\t<!-- All in One SEO Pro -->\r\n\t\t<title>Cont\u00e1ctanos<\/title>\n\n","aioseo_head_json":{"title":"Cont\u00e1ctanos","description":"Cont\u00e1ctanos Cont\u00e1ctenos aqu\u00ed. SoyMigrante.com nace para servir. Queremos apoyarte y contar tu historia. Si conoces a un migrante \u2014en Guatemala o en el extranjero\u2014 cuya historia merece ser reconocida, escr\u00edbenos. \u00bfTienes un evento, una propuesta o un tema de inter\u00e9s que quieras compartir? Estamos aqu\u00ed para escucharte y darte espacio. \u00bfEst\u00e1s interesado en espacios publicitarios","canonical_url":"https:\/\/soymigrante.com\/revista\/contactanos\/","robots":"max-snippet:-1, max-image-preview:large, max-video-preview:-1","keywords":"","webmasterTools":{"miscellaneous":"&lt;link rel=\"preconnect\" href=\"https:\/\/fonts.googleapis.com\" crossorigin&gt;\n&lt;link rel=\"preconnect\" href=\"https:\/\/fonts.gstatic.com\" crossorigin&gt;"},"schema":null,"og:locale":"es_ES","og:site_name":"SoyMigrante.com REVISTA \u2013 Nuestra misi\u00f3n es reconocer y dignificar al migrante.","og:type":"article","og:title":"Cont\u00e1ctanos","og:description":"Cont\u00e1ctanos Cont\u00e1ctenos aqu\u00ed. SoyMigrante.com nace para servir. Queremos apoyarte y contar tu historia. Si conoces a un migrante \u2014en Guatemala o en el extranjero\u2014 cuya historia merece ser reconocida, escr\u00edbenos. \u00bfTienes un evento, una propuesta o un tema de inter\u00e9s que quieras compartir? Estamos aqu\u00ed para escucharte y darte espacio. \u00bfEst\u00e1s interesado en espacios publicitarios","og:url":"https:\/\/soymigrante.com\/revista\/contactanos\/","og:image":"https:\/\/soymigrante.com\/revista\/wp-content\/uploads\/2024\/11\/SoyMigrantecom-V-color-112x112-1.webp","og:image:secure_url":"https:\/\/soymigrante.com\/revista\/wp-content\/uploads\/2024\/11\/SoyMigrantecom-V-color-112x112-1.webp","article:published_time":"2023-02-14T10:36:49+00:00","article:modified_time":"2025-04-14T12:45:08+00:00","article:publisher":"https:\/\/www.facebook.com\/soymigrantecom","twitter:card":"summary_large_image","twitter:site":"@SoyMigrante_com","twitter:title":"Cont\u00e1ctanos","twitter:description":"Cont\u00e1ctanos Cont\u00e1ctenos aqu\u00ed. SoyMigrante.com nace para servir. Queremos apoyarte y contar tu historia. Si conoces a un migrante \u2014en Guatemala o en el extranjero\u2014 cuya historia merece ser reconocida, escr\u00edbenos. \u00bfTienes un evento, una propuesta o un tema de inter\u00e9s que quieras compartir? Estamos aqu\u00ed para escucharte y darte espacio. \u00bfEst\u00e1s interesado en espacios publicitarios","twitter:creator":"@SoyMigrante_com","twitter:image":"https:\/\/soymigrante.com\/revista\/wp-content\/uploads\/2024\/11\/SoyMigrantecom-V-color-112x112-1.webp"},"aioseo_meta_data":{"post_id":"403","title":null,"description":null,"keywords":[],"keyphrases":{"focus":{"keyphrase":"Cont\u00e1ctanos","score":0,"analysis":[]}},"primary_term":null,"canonical_url":null,"og_title":null,"og_description":null,"og_object_type":"default","og_image_type":"default","og_image_url":null,"og_image_width":null,"og_image_height":null,"og_image_custom_url":null,"og_image_custom_fields":null,"og_video":"","og_custom_url":null,"og_article_section":null,"og_article_tags":[],"twitter_use_og":false,"twitter_card":"default","twitter_image_type":"default","twitter_image_url":null,"twitter_image_custom_url":null,"twitter_image_custom_fields":null,"twitter_title":null,"twitter_description":null,"schema":{"blockGraphs":[],"customGraphs":[],"default":{"data":{"Article":[],"Course":[],"Dataset":[],"FAQPage":[],"Movie":[],"Person":[],"Product":[],"ProductReview":[],"Car":[],"Recipe":[],"Service":[],"SoftwareApplication":[],"WebPage":[]},"graphName":"WebPage","isEnabled":true},"graphs":[]},"schema_type":"default","schema_type_options":null,"pillar_content":false,"robots_default":true,"robots_noindex":false,"robots_noarchive":false,"robots_nosnippet":false,"robots_nofollow":false,"robots_noimageindex":false,"robots_noodp":false,"robots_notranslate":false,"robots_max_snippet":"-1","robots_max_videopreview":"-1","robots_max_imagepreview":"large","priority":null,"frequency":"default","local_seo":null,"seo_analyzer_scan_date":null,"breadcrumb_settings":null,"limit_modified_date":false,"reviewed_by":null,"open_ai":null,"ai":null,"created":"2023-08-17 09:56:45","updated":"2026-02-04 02:42:56"},"aioseo_breadcrumb":"<div class=\"aioseo-breadcrumbs\"><span class=\"aioseo-breadcrumb\">\n\t<a href=\"https:\/\/soymigrante.com\/revista\" title=\"Home\">Home<\/a>\n<\/span><span class=\"aioseo-breadcrumb-separator\">\u00bb<\/span><span class=\"aioseo-breadcrumb\">\n\tCont\u00e1ctanos\n<\/span><\/div>","aioseo_breadcrumb_json":[{"label":"Home","link":"https:\/\/soymigrante.com\/revista"},{"label":"Cont\u00e1ctanos","link":"https:\/\/soymigrante.com\/revista\/contactanos\/"}],"_links":{"self":[{"href":"https:\/\/soymigrante.com\/revista\/wp-json\/wp\/v2\/pages\/403","targetHints":{"allow":["GET"]}}],"collection":[{"href":"https:\/\/soymigrante.com\/revista\/wp-json\/wp\/v2\/pages"}],"about":[{"href":"https:\/\/soymigrante.com\/revista\/wp-json\/wp\/v2\/types\/page"}],"author":[{"embeddable":true,"href":"https:\/\/soymigrante.com\/revista\/wp-json\/wp\/v2\/users\/6"}],"replies":[{"embeddable":true,"href":"https:\/\/soymigrante.com\/revista\/wp-json\/wp\/v2\/comments?post=403"}],"version-history":[{"count":6,"href":"https:\/\/soymigrante.com\/revista\/wp-json\/wp\/v2\/pages\/403\/revisions"}],"predecessor-version":[{"id":30896,"href":"https:\/\/soymigrante.com\/revista\/wp-json\/wp\/v2\/pages\/403\/revisions\/30896"}],"wp:attachment":[{"href":"https:\/\/soymigrante.com\/revista\/wp-json\/wp\/v2\/media?parent=403"}],"curies":[{"name":"wp","href":"https:\/\/api.w.org\/{rel}","templated":true}]}}