{"id":2021,"date":"2023-07-31T15:21:07","date_gmt":"2023-07-31T15:21:07","guid":{"rendered":"https:\/\/soymigrante.com\/revista\/?page_id=2021"},"modified":"2024-07-31T10:57:23","modified_gmt":"2024-07-31T16:57:23","slug":"cuentanos-tu-historia","status":"publish","type":"page","link":"https:\/\/soymigrante.com\/revista\/cuentanos-tu-historia\/","title":{"rendered":"Cu\u00e9ntanos tu historia"},"content":{"rendered":"\t\t<div data-elementor-type=\"wp-page\" data-elementor-id=\"2021\" class=\"elementor elementor-2021\" data-elementor-post-type=\"page\">\n\t\t\t\t\t\t<section data-particle_enable=\"false\" data-particle-mobile-disabled=\"false\" class=\"elementor-section elementor-top-section elementor-element elementor-element-27e0921 elementor-section-boxed elementor-section-height-default elementor-section-height-default\" data-id=\"27e0921\" data-element_type=\"section\" data-e-type=\"section\" data-settings=\"{&quot;background_background&quot;:&quot;classic&quot;}\">\n\t\t\t\t\t\t<div class=\"elementor-container elementor-column-gap-default\">\n\t\t\t\t\t<div class=\"elementor-column elementor-col-100 elementor-top-column elementor-element elementor-element-8591fd3\" data-id=\"8591fd3\" data-element_type=\"column\" data-e-type=\"column\">\n\t\t\t<div class=\"elementor-widget-wrap elementor-element-populated\">\n\t\t\t\t\t\t<div class=\"elementor-element elementor-element-29a6ba8 elementor-widget elementor-widget-spacer\" data-id=\"29a6ba8\" data-element_type=\"widget\" data-e-type=\"widget\" data-widget_type=\"spacer.default\">\n\t\t\t\t\t\t\t<div class=\"elementor-spacer\">\n\t\t\t<div class=\"elementor-spacer-inner\"><\/div>\n\t\t<\/div>\n\t\t\t\t\t\t<\/div>\n\t\t\t\t<div class=\"elementor-element elementor-element-ff1540f elementor-widget elementor-widget-heading\" data-id=\"ff1540f\" data-element_type=\"widget\" data-e-type=\"widget\" data-widget_type=\"heading.default\">\n\t\t\t\t\t<h1 class=\"elementor-heading-title elementor-size-large\">Queremos contar tu historia MIGRANTE<\/h1>\t\t\t\t<\/div>\n\t\t\t\t<div class=\"elementor-element elementor-element-b7f623b elementor-widget elementor-widget-heading\" data-id=\"b7f623b\" data-element_type=\"widget\" data-e-type=\"widget\" data-widget_type=\"heading.default\">\n\t\t\t\t\t<h2 class=\"elementor-heading-title elementor-size-medium\">Desde la tierra del Quetzal hasta el vasto territorio de los Estados Unidos, miles de guatemaltecos han emprendido un viaje en busca de sue\u00f1os y oportunidades. <br><br>Si eres MIGRANTE, nos interesa escuchar y contar tu historia de esfuerzo, perseverancia, trabajo y \u00e9xito, para INSPIRAR a m\u00e1s Guatemaltecos, dentro y fuera del pa\u00eds.<\/h2>\t\t\t\t<\/div>\n\t\t\t\t\t<\/div>\n\t\t<\/div>\n\t\t\t\t\t<\/div>\n\t\t<\/section>\n\t\t\t\t<section data-particle_enable=\"false\" data-particle-mobile-disabled=\"false\" class=\"elementor-section elementor-top-section elementor-element elementor-element-667b0be elementor-section-boxed elementor-section-height-default elementor-section-height-default\" data-id=\"667b0be\" data-element_type=\"section\" data-e-type=\"section\">\n\t\t\t\t\t\t<div class=\"elementor-container elementor-column-gap-default\">\n\t\t\t\t\t<div class=\"elementor-column elementor-col-100 elementor-top-column elementor-element elementor-element-7e0e912\" data-id=\"7e0e912\" data-element_type=\"column\" data-e-type=\"column\">\n\t\t\t<div class=\"elementor-widget-wrap elementor-element-populated\">\n\t\t\t\t\t\t<div class=\"elementor-element elementor-element-ddc8cb9 elementor-mobile-align-center elementor-align-center elementor-widget elementor-widget-button\" data-id=\"ddc8cb9\" data-element_type=\"widget\" data-e-type=\"widget\" data-widget_type=\"button.default\">\n\t\t\t\t\t\t\t\t\t\t<a class=\"elementor-button elementor-button-link elementor-size-sm\" href=\"https:\/\/docs.google.com\/forms\/d\/e\/1FAIpQLSe-KaJkPajS7X3NO7s8Y7txSPJaVpP6ZIPR-WSnYssNKKkKdw\/viewform?usp=sf_link\">\n\t\t\t\t\t\t<span class=\"elementor-button-content-wrapper\">\n\t\t\t\t\t\t\t\t\t<span class=\"elementor-button-text\">Click para contar tu historia<\/span>\n\t\t\t\t\t<\/span>\n\t\t\t\t\t<\/a>\n\t\t\t\t\t\t\t\t<\/div>\n\t\t\t\t\t<\/div>\n\t\t<\/div>\n\t\t\t\t\t<\/div>\n\t\t<\/section>\n\t\t\t\t<section data-particle_enable=\"false\" data-particle-mobile-disabled=\"false\" class=\"elementor-section elementor-top-section elementor-element elementor-element-f68684c elementor-section-boxed elementor-section-height-default elementor-section-height-default\" data-id=\"f68684c\" data-element_type=\"section\" data-e-type=\"section\" data-settings=\"{&quot;background_background&quot;:&quot;classic&quot;}\">\n\t\t\t\t\t\t<div class=\"elementor-container elementor-column-gap-default\">\n\t\t\t\t\t<div class=\"elementor-column elementor-col-100 elementor-top-column elementor-element elementor-element-206fb1f\" data-id=\"206fb1f\" data-element_type=\"column\" data-e-type=\"column\">\n\t\t\t<div class=\"elementor-widget-wrap elementor-element-populated\">\n\t\t\t\t\t\t<div class=\"elementor-element elementor-element-1d13692 elementor-widget elementor-widget-spacer\" data-id=\"1d13692\" data-element_type=\"widget\" data-e-type=\"widget\" data-widget_type=\"spacer.default\">\n\t\t\t\t\t\t\t<div class=\"elementor-spacer\">\n\t\t\t<div class=\"elementor-spacer-inner\"><\/div>\n\t\t<\/div>\n\t\t\t\t\t\t<\/div>\n\t\t\t\t<div class=\"elementor-element elementor-element-ded8f81 elementor-widget elementor-widget-heading\" data-id=\"ded8f81\" data-element_type=\"widget\" data-e-type=\"widget\" data-widget_type=\"heading.default\">\n\t\t\t\t\t<h1 class=\"elementor-heading-title elementor-size-large\">S\u00ed, tu historia MIGRANTE cuenta. Y te decimos lo que puede generar:<\/h1>\t\t\t\t<\/div>\n\t\t\t\t<div class=\"elementor-element elementor-element-eb538b6 elementor-widget elementor-widget-heading\" data-id=\"eb538b6\" data-element_type=\"widget\" data-e-type=\"widget\" data-widget_type=\"heading.default\">\n\t\t\t\t\t<h2 class=\"elementor-heading-title elementor-size-medium\">\u2728 <b>Inspiraci\u00f3n:<\/b> Tu viaje puede ser la chispa que encienda la esperanza y determinaci\u00f3n en otros.<br><br>\n\u2728 <b>Conexi\u00f3n:<\/b> Al compartir tu historia, conectas con una comunidad que valora y celebra tus logros.<br><br>\n\n\u2728 <b>Legado:<\/b> Deja una marca y aseg\u00farate de que las futuras generaciones conozcan las historias de \u00e9xito que nacen de nuestro querido Guatemala.<\/h2>\t\t\t\t<\/div>\n\t\t\t\t\t<\/div>\n\t\t<\/div>\n\t\t\t\t\t<\/div>\n\t\t<\/section>\n\t\t\t\t<section data-particle_enable=\"false\" data-particle-mobile-disabled=\"false\" class=\"elementor-section elementor-top-section elementor-element elementor-element-b356cb0 elementor-section-boxed elementor-section-height-default elementor-section-height-default\" data-id=\"b356cb0\" data-element_type=\"section\" data-e-type=\"section\">\n\t\t\t\t\t\t<div class=\"elementor-container elementor-column-gap-default\">\n\t\t\t\t\t<div class=\"elementor-column elementor-col-100 elementor-top-column elementor-element elementor-element-c0d1c0c\" data-id=\"c0d1c0c\" data-element_type=\"column\" data-e-type=\"column\">\n\t\t\t<div class=\"elementor-widget-wrap elementor-element-populated\">\n\t\t\t\t\t\t<div class=\"elementor-element elementor-element-507dae4 elementor-mobile-align-center elementor-align-center elementor-widget elementor-widget-button\" data-id=\"507dae4\" data-element_type=\"widget\" data-e-type=\"widget\" data-widget_type=\"button.default\">\n\t\t\t\t\t\t\t\t\t\t<a class=\"elementor-button elementor-button-link elementor-size-sm\" href=\"https:\/\/docs.google.com\/forms\/d\/e\/1FAIpQLSe-KaJkPajS7X3NO7s8Y7txSPJaVpP6ZIPR-WSnYssNKKkKdw\/viewform?usp=sf_link\">\n\t\t\t\t\t\t<span class=\"elementor-button-content-wrapper\">\n\t\t\t\t\t\t\t\t\t<span class=\"elementor-button-text\">Click para contar tu historia<\/span>\n\t\t\t\t\t<\/span>\n\t\t\t\t\t<\/a>\n\t\t\t\t\t\t\t\t<\/div>\n\t\t\t\t\t<\/div>\n\t\t<\/div>\n\t\t\t\t\t<\/div>\n\t\t<\/section>\n\t\t\t\t<section data-particle_enable=\"false\" data-particle-mobile-disabled=\"false\" class=\"elementor-section elementor-top-section elementor-element elementor-element-320ff4f elementor-section-boxed elementor-section-height-default elementor-section-height-default\" data-id=\"320ff4f\" data-element_type=\"section\" data-e-type=\"section\">\n\t\t\t\t\t\t<div class=\"elementor-container elementor-column-gap-default\">\n\t\t\t\t\t<div class=\"elementor-column elementor-col-100 elementor-top-column elementor-element elementor-element-2c4651d\" data-id=\"2c4651d\" data-element_type=\"column\" data-e-type=\"column\">\n\t\t\t<div class=\"elementor-widget-wrap elementor-element-populated\">\n\t\t\t\t\t\t<div class=\"elementor-element elementor-element-fbed0fa elementor-widget elementor-widget-image\" data-id=\"fbed0fa\" data-element_type=\"widget\" data-e-type=\"widget\" data-widget_type=\"image.default\">\n\t\t\t\t\t\t\t\t\t\t\t\t\t\t\t<img decoding=\"async\" width=\"300\" height=\"82\" src=\"https:\/\/soymigrante.com\/revista\/wp-content\/uploads\/2023\/07\/SoyMigrante.com-Horizontal-color-300x82.webp\" class=\"attachment-medium size-medium wp-image-1738\" alt=\"\" srcset=\"https:\/\/soymigrante.com\/revista\/wp-content\/uploads\/2023\/07\/SoyMigrante.com-Horizontal-color-300x82.webp 300w, https:\/\/soymigrante.com\/revista\/wp-content\/uploads\/2023\/07\/SoyMigrante.com-Horizontal-color-1024x281.webp 1024w, https:\/\/soymigrante.com\/revista\/wp-content\/uploads\/2023\/07\/SoyMigrante.com-Horizontal-color-768x211.webp 768w, https:\/\/soymigrante.com\/revista\/wp-content\/uploads\/2023\/07\/SoyMigrante.com-Horizontal-color-1536x421.webp 1536w, https:\/\/soymigrante.com\/revista\/wp-content\/uploads\/2023\/07\/SoyMigrante.com-Horizontal-color.webp 1920w, https:\/\/soymigrante.com\/revista\/wp-content\/uploads\/2023\/07\/SoyMigrante.com-Horizontal-color-750x206.webp 750w, https:\/\/soymigrante.com\/revista\/wp-content\/uploads\/2023\/07\/SoyMigrante.com-Horizontal-color-1140x313.webp 1140w\" sizes=\"(max-width: 300px) 100vw, 300px\" title=\"SoyMigrante.com Horizontal color \u2013 SoyMigrante.com REVISTA\" \/>\t\t\t\t\t\t\t\t\t\t\t\t\t\t\t<\/div>\n\t\t\t\t\t<\/div>\n\t\t<\/div>\n\t\t\t\t\t<\/div>\n\t\t<\/section>\n\t\t\t\t<section data-particle_enable=\"false\" data-particle-mobile-disabled=\"false\" class=\"elementor-section elementor-top-section elementor-element elementor-element-f7eb9b4 elementor-section-boxed elementor-section-height-default elementor-section-height-default\" data-id=\"f7eb9b4\" data-element_type=\"section\" data-e-type=\"section\" data-settings=\"{&quot;background_background&quot;:&quot;classic&quot;}\">\n\t\t\t\t\t\t<div class=\"elementor-container elementor-column-gap-default\">\n\t\t\t\t\t<div class=\"elementor-column elementor-col-100 elementor-top-column elementor-element elementor-element-8e1a047\" data-id=\"8e1a047\" data-element_type=\"column\" data-e-type=\"column\">\n\t\t\t<div class=\"elementor-widget-wrap elementor-element-populated\">\n\t\t\t\t\t\t<div class=\"elementor-element elementor-element-57a63e5 elementor-widget elementor-widget-heading\" data-id=\"57a63e5\" data-element_type=\"widget\" data-e-type=\"widget\" data-widget_type=\"heading.default\">\n\t\t\t\t\t<h2 class=\"elementor-heading-title elementor-size-medium\">Somos el primer medio guatemalteco dedicado totalmente a dignificar, exaltar y promover el aporte de los migrantes connacionales en Estados Unidos.<\/h2>\t\t\t\t<\/div>\n\t\t\t\t<div class=\"elementor-element elementor-element-6dfb296 elementor-widget elementor-widget-heading\" data-id=\"6dfb296\" data-element_type=\"widget\" data-e-type=\"widget\" data-widget_type=\"heading.default\">\n\t\t\t\t\t<h3 class=\"elementor-heading-title elementor-size-small\">Relatamos historias de esfuerzo, logros, desaf\u00edos y sue\u00f1os de los guatemaltecos que buscaron mejores oportunidades en tierra lejana.<br><br>\nCada historia es un testimonio de vida y valores; cada historia cuenta y queremos relatarlas porque forman parte de la historia misma de Guatemala.<\/h3>\t\t\t\t<\/div>\n\t\t\t\t\t<\/div>\n\t\t<\/div>\n\t\t\t\t\t<\/div>\n\t\t<\/section>\n\t\t\t\t<section data-particle_enable=\"false\" data-particle-mobile-disabled=\"false\" class=\"elementor-section elementor-top-section elementor-element elementor-element-c71ed82 elementor-section-boxed elementor-section-height-default elementor-section-height-default\" data-id=\"c71ed82\" data-element_type=\"section\" data-e-type=\"section\">\n\t\t\t\t\t\t<div class=\"elementor-container elementor-column-gap-default\">\n\t\t\t\t\t<div class=\"elementor-column elementor-col-100 elementor-top-column elementor-element elementor-element-c283747\" data-id=\"c283747\" data-element_type=\"column\" data-e-type=\"column\">\n\t\t\t<div class=\"elementor-widget-wrap elementor-element-populated\">\n\t\t\t\t\t\t<div class=\"elementor-element elementor-element-799a6af elementor-mobile-align-center elementor-align-center elementor-widget elementor-widget-button\" data-id=\"799a6af\" data-element_type=\"widget\" data-e-type=\"widget\" data-widget_type=\"button.default\">\n\t\t\t\t\t\t\t\t\t\t<a class=\"elementor-button elementor-button-link elementor-size-sm\" href=\"https:\/\/docs.google.com\/forms\/d\/e\/1FAIpQLSe-KaJkPajS7X3NO7s8Y7txSPJaVpP6ZIPR-WSnYssNKKkKdw\/viewform?usp=sf_link\">\n\t\t\t\t\t\t<span class=\"elementor-button-content-wrapper\">\n\t\t\t\t\t\t\t\t\t<span class=\"elementor-button-text\">Click para contar tu historia<\/span>\n\t\t\t\t\t<\/span>\n\t\t\t\t\t<\/a>\n\t\t\t\t\t\t\t\t<\/div>\n\t\t\t\t\t<\/div>\n\t\t<\/div>\n\t\t\t\t\t<\/div>\n\t\t<\/section>\n\t\t\t\t<section data-particle_enable=\"false\" data-particle-mobile-disabled=\"false\" class=\"elementor-section elementor-top-section elementor-element elementor-element-c9e6002 elementor-section-boxed elementor-section-height-default elementor-section-height-default\" data-id=\"c9e6002\" data-element_type=\"section\" data-e-type=\"section\" data-settings=\"{&quot;background_background&quot;:&quot;classic&quot;}\">\n\t\t\t\t\t\t<div class=\"elementor-container elementor-column-gap-default\">\n\t\t\t\t\t<div class=\"elementor-column elementor-col-100 elementor-top-column elementor-element elementor-element-afd6e84\" data-id=\"afd6e84\" data-element_type=\"column\" data-e-type=\"column\">\n\t\t\t<div class=\"elementor-widget-wrap elementor-element-populated\">\n\t\t\t\t\t\t<div class=\"elementor-element elementor-element-d865a6c elementor-widget elementor-widget-spacer\" data-id=\"d865a6c\" data-element_type=\"widget\" data-e-type=\"widget\" data-widget_type=\"spacer.default\">\n\t\t\t\t\t\t\t<div class=\"elementor-spacer\">\n\t\t\t<div class=\"elementor-spacer-inner\"><\/div>\n\t\t<\/div>\n\t\t\t\t\t\t<\/div>\n\t\t\t\t<div class=\"elementor-element elementor-element-1aec1cf elementor-widget elementor-widget-heading\" data-id=\"1aec1cf\" data-element_type=\"widget\" data-e-type=\"widget\" data-widget_type=\"heading.default\">\n\t\t\t\t\t<h1 class=\"elementor-heading-title elementor-size-large\">An\u00edmate, tu historia CUENTA<\/h1>\t\t\t\t<\/div>\n\t\t\t\t<div class=\"elementor-element elementor-element-07d9c56 elementor-widget elementor-widget-heading\" data-id=\"07d9c56\" data-element_type=\"widget\" data-e-type=\"widget\" data-widget_type=\"heading.default\">\n\t\t\t\t\t<h2 class=\"elementor-heading-title elementor-size-medium\">1. <b>Llena el formulario<\/b> a continuaci\u00f3n con tus datos b\u00e1sicos.<br><br>2. <b>Cu\u00e9ntanos brevemente tu historia<\/b>: Describe los desaf\u00edos, logros y momentos que han definido tu experiencia en USA.<br><br>3.<b> Espera nuestra respuesta:<\/b> Si tu historia es seleccionada, nos pondremos en contacto contigo para coordinar una entrevista detallada.<\/h2>\t\t\t\t<\/div>\n\t\t\t\t\t<\/div>\n\t\t<\/div>\n\t\t\t\t\t<\/div>\n\t\t<\/section>\n\t\t\t\t<section data-particle_enable=\"false\" data-particle-mobile-disabled=\"false\" class=\"elementor-section elementor-top-section elementor-element elementor-element-b71dec3 elementor-section-boxed elementor-section-height-default elementor-section-height-default\" data-id=\"b71dec3\" data-element_type=\"section\" data-e-type=\"section\">\n\t\t\t\t\t\t<div class=\"elementor-container elementor-column-gap-default\">\n\t\t\t\t\t<div class=\"elementor-column elementor-col-100 elementor-top-column elementor-element elementor-element-f4206e9\" data-id=\"f4206e9\" data-element_type=\"column\" data-e-type=\"column\">\n\t\t\t<div class=\"elementor-widget-wrap elementor-element-populated\">\n\t\t\t\t\t\t<div class=\"elementor-element elementor-element-d0a07d2 elementor-mobile-align-center elementor-align-center elementor-widget elementor-widget-button\" data-id=\"d0a07d2\" data-element_type=\"widget\" data-e-type=\"widget\" data-widget_type=\"button.default\">\n\t\t\t\t\t\t\t\t\t\t<a class=\"elementor-button elementor-button-link elementor-size-sm\" href=\"https:\/\/docs.google.com\/forms\/d\/e\/1FAIpQLSe-KaJkPajS7X3NO7s8Y7txSPJaVpP6ZIPR-WSnYssNKKkKdw\/viewform?usp=sf_link\">\n\t\t\t\t\t\t<span class=\"elementor-button-content-wrapper\">\n\t\t\t\t\t\t\t\t\t<span class=\"elementor-button-text\">Click para contar tu historia<\/span>\n\t\t\t\t\t<\/span>\n\t\t\t\t\t<\/a>\n\t\t\t\t\t\t\t\t<\/div>\n\t\t\t\t<div class=\"elementor-element elementor-element-294cf75 elementor-widget elementor-widget-spacer\" data-id=\"294cf75\" data-element_type=\"widget\" data-e-type=\"widget\" data-widget_type=\"spacer.default\">\n\t\t\t\t\t\t\t<div class=\"elementor-spacer\">\n\t\t\t<div class=\"elementor-spacer-inner\"><\/div>\n\t\t<\/div>\n\t\t\t\t\t\t<\/div>\n\t\t\t\t\t<\/div>\n\t\t<\/div>\n\t\t\t\t\t<\/div>\n\t\t<\/section>\n\t\t\t\t<\/div>\n\t\t","protected":false},"excerpt":{"rendered":"<p>Queremos contar tu historia MIGRANTE Desde la tierra del Quetzal hasta el vasto territorio de los Estados Unidos, miles de guatemaltecos han emprendido un viaje en busca de sue\u00f1os y oportunidades. Si eres MIGRANTE, nos interesa escuchar y contar tu historia de esfuerzo, perseverancia, trabajo y \u00e9xito, para INSPIRAR a m\u00e1s Guatemaltecos, dentro y fuera [&hellip;]<\/p>\n","protected":false},"author":11,"featured_media":0,"parent":0,"menu_order":0,"comment_status":"closed","ping_status":"closed","template":"elementor_canvas","meta":{"_acf_changed":false,"_eb_attr":"","footnotes":""},"class_list":["post-2021","page","type-page","status-publish","hentry"],"acf":[],"aioseo_notices":[],"aioseo_head":"\n\t\t<!-- All in One SEO Pro 4.9.6.2 - aioseo.com -->\n\t<meta name=\"description\" content=\"Queremos contar tu historia MIGRANTE Desde la tierra del Quetzal hasta el vasto territorio de los Estados Unidos, miles de guatemaltecos han emprendido un viaje en busca de sue\u00f1os y oportunidades. Si eres MIGRANTE, nos interesa escuchar y contar tu historia de esfuerzo, perseverancia, trabajo y \u00e9xito, para INSPIRAR a m\u00e1s Guatemaltecos, dentro y fuera\" \/>\n\t<meta name=\"robots\" content=\"max-snippet:-1, max-image-preview:large, max-video-preview:-1\" \/>\n\t<link rel=\"canonical\" href=\"https:\/\/soymigrante.com\/revista\/cuentanos-tu-historia\/\" \/>\n\t<meta name=\"generator\" content=\"All in One SEO Pro (AIOSEO) 4.9.6.2\" \/>\n\n\t\t<link rel=\"preconnect\" href=\"https:\/\/fonts.googleapis.com\" crossorigin>\n<link rel=\"preconnect\" href=\"https:\/\/fonts.gstatic.com\" crossorigin>\n\t\t<meta property=\"og:locale\" content=\"es_ES\" \/>\n\t\t<meta property=\"og:site_name\" content=\"SoyMigrante.com REVISTA \u2013 Nuestra misi\u00f3n es reconocer y dignificar al migrante.\" \/>\n\t\t<meta property=\"og:type\" content=\"article\" \/>\n\t\t<meta property=\"og:title\" content=\"Cu\u00e9ntanos tu historia\" \/>\n\t\t<meta property=\"og:description\" content=\"Queremos contar tu historia MIGRANTE Desde la tierra del Quetzal hasta el vasto territorio de los Estados Unidos, miles de guatemaltecos han emprendido un viaje en busca de sue\u00f1os y oportunidades. Si eres MIGRANTE, nos interesa escuchar y contar tu historia de esfuerzo, perseverancia, trabajo y \u00e9xito, para INSPIRAR a m\u00e1s Guatemaltecos, dentro y fuera\" \/>\n\t\t<meta property=\"og:url\" content=\"https:\/\/soymigrante.com\/revista\/cuentanos-tu-historia\/\" \/>\n\t\t<meta property=\"og:image\" content=\"https:\/\/soymigrante.com\/revista\/wp-content\/uploads\/2024\/11\/SoyMigrantecom-V-color-112x112-1.webp\" \/>\n\t\t<meta property=\"og:image:secure_url\" content=\"https:\/\/soymigrante.com\/revista\/wp-content\/uploads\/2024\/11\/SoyMigrantecom-V-color-112x112-1.webp\" \/>\n\t\t<meta property=\"article:published_time\" content=\"2023-07-31T15:21:07+00:00\" \/>\n\t\t<meta property=\"article:modified_time\" content=\"2024-07-31T16:57:23+00:00\" \/>\n\t\t<meta property=\"article:publisher\" content=\"https:\/\/www.facebook.com\/soymigrantecom\" \/>\n\t\t<meta name=\"twitter:card\" content=\"summary_large_image\" \/>\n\t\t<meta name=\"twitter:site\" content=\"@SoyMigrante_com\" \/>\n\t\t<meta name=\"twitter:title\" content=\"Cu\u00e9ntanos tu historia\" \/>\n\t\t<meta name=\"twitter:description\" content=\"Queremos contar tu historia MIGRANTE Desde la tierra del Quetzal hasta el vasto territorio de los Estados Unidos, miles de guatemaltecos han emprendido un viaje en busca de sue\u00f1os y oportunidades. Si eres MIGRANTE, nos interesa escuchar y contar tu historia de esfuerzo, perseverancia, trabajo y \u00e9xito, para INSPIRAR a m\u00e1s Guatemaltecos, dentro y fuera\" \/>\n\t\t<meta name=\"twitter:creator\" content=\"@SoyMigrante_com\" \/>\n\t\t<meta name=\"twitter:image\" content=\"https:\/\/soymigrante.com\/revista\/wp-content\/uploads\/2024\/11\/SoyMigrantecom-V-color-112x112-1.webp\" \/>\n\t\t<!-- All in One SEO Pro -->\r\n\t\t<title>Cu\u00e9ntanos tu historia<\/title>\n\n","aioseo_head_json":{"title":"Cu\u00e9ntanos tu historia","description":"Queremos contar tu historia MIGRANTE Desde la tierra del Quetzal hasta el vasto territorio de los Estados Unidos, miles de guatemaltecos han emprendido un viaje en busca de sue\u00f1os y oportunidades. Si eres MIGRANTE, nos interesa escuchar y contar tu historia de esfuerzo, perseverancia, trabajo y \u00e9xito, para INSPIRAR a m\u00e1s Guatemaltecos, dentro y fuera","canonical_url":"https:\/\/soymigrante.com\/revista\/cuentanos-tu-historia\/","robots":"max-snippet:-1, max-image-preview:large, max-video-preview:-1","keywords":"","webmasterTools":{"miscellaneous":"&lt;link rel=\"preconnect\" href=\"https:\/\/fonts.googleapis.com\" crossorigin&gt;\n&lt;link rel=\"preconnect\" href=\"https:\/\/fonts.gstatic.com\" crossorigin&gt;"},"schema":null,"og:locale":"es_ES","og:site_name":"SoyMigrante.com REVISTA \u2013 Nuestra misi\u00f3n es reconocer y dignificar al migrante.","og:type":"article","og:title":"Cu\u00e9ntanos tu historia","og:description":"Queremos contar tu historia MIGRANTE Desde la tierra del Quetzal hasta el vasto territorio de los Estados Unidos, miles de guatemaltecos han emprendido un viaje en busca de sue\u00f1os y oportunidades. Si eres MIGRANTE, nos interesa escuchar y contar tu historia de esfuerzo, perseverancia, trabajo y \u00e9xito, para INSPIRAR a m\u00e1s Guatemaltecos, dentro y fuera","og:url":"https:\/\/soymigrante.com\/revista\/cuentanos-tu-historia\/","og:image":"https:\/\/soymigrante.com\/revista\/wp-content\/uploads\/2024\/11\/SoyMigrantecom-V-color-112x112-1.webp","og:image:secure_url":"https:\/\/soymigrante.com\/revista\/wp-content\/uploads\/2024\/11\/SoyMigrantecom-V-color-112x112-1.webp","article:published_time":"2023-07-31T15:21:07+00:00","article:modified_time":"2024-07-31T16:57:23+00:00","article:publisher":"https:\/\/www.facebook.com\/soymigrantecom","twitter:card":"summary_large_image","twitter:site":"@SoyMigrante_com","twitter:title":"Cu\u00e9ntanos tu historia","twitter:description":"Queremos contar tu historia MIGRANTE Desde la tierra del Quetzal hasta el vasto territorio de los Estados Unidos, miles de guatemaltecos han emprendido un viaje en busca de sue\u00f1os y oportunidades. Si eres MIGRANTE, nos interesa escuchar y contar tu historia de esfuerzo, perseverancia, trabajo y \u00e9xito, para INSPIRAR a m\u00e1s Guatemaltecos, dentro y fuera","twitter:creator":"@SoyMigrante_com","twitter:image":"https:\/\/soymigrante.com\/revista\/wp-content\/uploads\/2024\/11\/SoyMigrantecom-V-color-112x112-1.webp"},"aioseo_meta_data":{"post_id":"2021","title":null,"description":null,"keywords":null,"keyphrases":{"focus":{"keyphrase":"Cu\u00e9ntanos tu historia","score":0,"analysis":[]}},"primary_term":null,"canonical_url":null,"og_title":null,"og_description":null,"og_object_type":"default","og_image_type":"default","og_image_url":null,"og_image_width":null,"og_image_height":null,"og_image_custom_url":null,"og_image_custom_fields":null,"og_video":null,"og_custom_url":null,"og_article_section":null,"og_article_tags":null,"twitter_use_og":false,"twitter_card":"default","twitter_image_type":"default","twitter_image_url":null,"twitter_image_custom_url":null,"twitter_image_custom_fields":null,"twitter_title":null,"twitter_description":null,"schema":{"blockGraphs":[],"customGraphs":[],"default":{"data":{"Article":[],"Course":[],"Dataset":[],"FAQPage":[],"Movie":[],"Person":[],"Product":[],"ProductReview":[],"Car":[],"Recipe":[],"Service":[],"SoftwareApplication":[],"WebPage":[]},"graphName":"","isEnabled":true},"graphs":[]},"schema_type":"default","schema_type_options":null,"pillar_content":false,"robots_default":true,"robots_noindex":false,"robots_noarchive":false,"robots_nosnippet":false,"robots_nofollow":false,"robots_noimageindex":false,"robots_noodp":false,"robots_notranslate":false,"robots_max_snippet":null,"robots_max_videopreview":null,"robots_max_imagepreview":"large","priority":null,"frequency":null,"local_seo":null,"seo_analyzer_scan_date":null,"breadcrumb_settings":null,"limit_modified_date":false,"reviewed_by":null,"open_ai":null,"ai":null,"created":"2023-08-18 14:40:46","updated":"2026-02-04 02:59:17"},"aioseo_breadcrumb":"<div class=\"aioseo-breadcrumbs\"><span class=\"aioseo-breadcrumb\">\n\t<a href=\"https:\/\/soymigrante.com\/revista\" title=\"Home\">Home<\/a>\n<\/span><span class=\"aioseo-breadcrumb-separator\">\u00bb<\/span><span class=\"aioseo-breadcrumb\">\n\tCu\u00e9ntanos tu historia\n<\/span><\/div>","aioseo_breadcrumb_json":[{"label":"Home","link":"https:\/\/soymigrante.com\/revista"},{"label":"Cu\u00e9ntanos tu historia","link":"https:\/\/soymigrante.com\/revista\/cuentanos-tu-historia\/"}],"_links":{"self":[{"href":"https:\/\/soymigrante.com\/revista\/wp-json\/wp\/v2\/pages\/2021","targetHints":{"allow":["GET"]}}],"collection":[{"href":"https:\/\/soymigrante.com\/revista\/wp-json\/wp\/v2\/pages"}],"about":[{"href":"https:\/\/soymigrante.com\/revista\/wp-json\/wp\/v2\/types\/page"}],"author":[{"embeddable":true,"href":"https:\/\/soymigrante.com\/revista\/wp-json\/wp\/v2\/users\/11"}],"replies":[{"embeddable":true,"href":"https:\/\/soymigrante.com\/revista\/wp-json\/wp\/v2\/comments?post=2021"}],"version-history":[{"count":0,"href":"https:\/\/soymigrante.com\/revista\/wp-json\/wp\/v2\/pages\/2021\/revisions"}],"wp:attachment":[{"href":"https:\/\/soymigrante.com\/revista\/wp-json\/wp\/v2\/media?parent=2021"}],"curies":[{"name":"wp","href":"https:\/\/api.w.org\/{rel}","templated":true}]}}