{"id":19077,"date":"2025-01-02T22:04:03","date_gmt":"2025-01-03T04:04:03","guid":{"rendered":"https:\/\/soymigrante.com\/revista\/?page_id=19077"},"modified":"2025-01-08T22:03:35","modified_gmt":"2025-01-09T04:03:35","slug":"sobre-soymigrante-com-la-empresa","status":"publish","type":"page","link":"https:\/\/soymigrante.com\/revista\/sobre-soymigrante-com-la-empresa\/","title":{"rendered":"Sobre: SoyMigrante.com, la empresa"},"content":{"rendered":"\t\t<div data-elementor-type=\"wp-page\" data-elementor-id=\"19077\" class=\"elementor elementor-19077\" data-elementor-post-type=\"page\">\n\t\t\t\t<div data-particle_enable=\"false\" data-particle-mobile-disabled=\"false\" class=\"elementor-element elementor-element-09b5afe e-flex e-con-boxed e-con e-parent\" data-id=\"09b5afe\" data-element_type=\"container\" data-e-type=\"container\">\n\t\t\t\t\t<div class=\"e-con-inner\">\n\t\t\t\t<div class=\"elementor-element elementor-element-695afff elementor-widget elementor-widget-heading\" data-id=\"695afff\" data-element_type=\"widget\" data-e-type=\"widget\" data-widget_type=\"heading.default\">\n\t\t\t\t\t<h1 class=\"elementor-heading-title elementor-size-default\">Sobre SoyMigrante.com, la EMPRESA<\/h1>\t\t\t\t<\/div>\n\t\t\t\t<div class=\"elementor-element elementor-element-1d4bd87 elementor-widget elementor-widget-image\" data-id=\"1d4bd87\" data-element_type=\"widget\" data-e-type=\"widget\" data-widget_type=\"image.default\">\n\t\t\t\t\t\t\t\t\t\t\t\t<figure class=\"wp-caption\">\n\t\t\t\t\t\t\t\t\t\t<img decoding=\"async\" width=\"150\" height=\"150\" src=\"https:\/\/soymigrante.com\/revista\/wp-content\/uploads\/2023\/05\/logo-loading-150x150.webp\" class=\"attachment-thumbnail size-thumbnail wp-image-1043\" alt=\"Logo SoyMigrante.com\" srcset=\"https:\/\/soymigrante.com\/revista\/wp-content\/uploads\/2023\/05\/logo-loading-150x150.webp 150w, https:\/\/soymigrante.com\/revista\/wp-content\/uploads\/2023\/05\/logo-loading-300x300.webp 300w, https:\/\/soymigrante.com\/revista\/wp-content\/uploads\/2023\/05\/logo-loading-75x75.webp 75w, https:\/\/soymigrante.com\/revista\/wp-content\/uploads\/2023\/05\/logo-loading.webp 432w\" sizes=\"(max-width: 150px) 100vw, 150px\" title=\"Logo SoyMigrante.com \u2013 SoyMigrante.com REVISTA\" \/>\t\t\t\t\t\t\t\t\t\t\t<figcaption class=\"widget-image-caption wp-caption-text\">Logotipo general de la empresa SoyMigrante.com<\/figcaption>\n\t\t\t\t\t\t\t\t\t\t<\/figure>\n\t\t\t\t\t\t\t\t\t<\/div>\n\t\t\t\t<div class=\"elementor-element elementor-element-ed3f360 elementor-widget elementor-widget-text-editor\" data-id=\"ed3f360\" data-element_type=\"widget\" data-e-type=\"widget\" data-widget_type=\"text-editor.default\">\n\t\t\t\t\t\t\t\t\t<h3>La misi\u00f3n de SoyMigrante.com es reconocer y dignificar al migrante guatemalteco y aportar a la reducci\u00f3n de la migraci\u00f3n forzada.<\/h3><h3>SoyMigrante.com es una plataforma dedicada a reconocer y dignificar al guatemalteco, impulsando oportunidades locales de producci\u00f3n y crecimiento econ\u00f3mico comunitario, para contribuir al desarrollo local y la reducci\u00f3n de la migraci\u00f3n forzada.<\/h3>\t\t\t\t\t\t\t\t<\/div>\n\t\t\t\t<div class=\"elementor-element elementor-element-3a820b6 elementor-widget elementor-widget-text-editor\" data-id=\"3a820b6\" data-element_type=\"widget\" data-e-type=\"widget\" data-widget_type=\"text-editor.default\">\n\t\t\t\t\t\t\t\t\t<h3>Con <a href=\"https:\/\/soymigrante.com\/mercado\">MERCADO<\/a>, conectamos el talento de los emprendedores guatemaltecos con clientes que valoran la autenticidad, la calidad y la cultura, generando as\u00ed el florecimiento del potencial local de crecimiento econ\u00f3mico y desarrollo humano.<\/h3>\t\t\t\t\t\t\t\t<\/div>\n\t\t\t\t<div class=\"elementor-element elementor-element-5bd381d elementor-widget elementor-widget-image\" data-id=\"5bd381d\" data-element_type=\"widget\" data-e-type=\"widget\" data-widget_type=\"image.default\">\n\t\t\t\t\t\t\t\t\t\t\t\t<figure class=\"wp-caption\">\n\t\t\t\t\t\t\t\t\t\t\t<a href=\"https:\/\/soymigrante.com\/mercado\">\n\t\t\t\t\t\t\t<img decoding=\"async\" width=\"300\" height=\"61\" src=\"https:\/\/soymigrante.com\/revista\/wp-content\/uploads\/2024\/09\/Naranja_Logo_SoyMigrante-Mercado-300x61.webp\" class=\"attachment-medium size-medium wp-image-9686\" alt=\"Revista SoyMigrante.com: contenido sobre migraci\u00f3n, derechos, historias y desaf\u00edos de migrantes en su comunidad y en el mundo.\" srcset=\"https:\/\/soymigrante.com\/revista\/wp-content\/uploads\/2024\/09\/Naranja_Logo_SoyMigrante-Mercado-300x61.webp 300w, https:\/\/soymigrante.com\/revista\/wp-content\/uploads\/2024\/09\/Naranja_Logo_SoyMigrante-Mercado-1024x208.webp 1024w, https:\/\/soymigrante.com\/revista\/wp-content\/uploads\/2024\/09\/Naranja_Logo_SoyMigrante-Mercado-768x156.webp 768w, https:\/\/soymigrante.com\/revista\/wp-content\/uploads\/2024\/09\/Naranja_Logo_SoyMigrante-Mercado-1536x313.webp 1536w, https:\/\/soymigrante.com\/revista\/wp-content\/uploads\/2024\/09\/Naranja_Logo_SoyMigrante-Mercado-2048x417.png 2048w, https:\/\/soymigrante.com\/revista\/wp-content\/uploads\/2024\/09\/Naranja_Logo_SoyMigrante-Mercado-750x153.webp 750w, https:\/\/soymigrante.com\/revista\/wp-content\/uploads\/2024\/09\/Naranja_Logo_SoyMigrante-Mercado-1140x232.webp 1140w\" sizes=\"(max-width: 300px) 100vw, 300px\" title=\"SoyMigrante.com MERCADO \u2013 SoyMigrante.com REVISTA\" \/>\t\t\t\t\t\t\t\t<\/a>\n\t\t\t\t\t\t\t\t\t\t\t<figcaption class=\"widget-image-caption wp-caption-text\">Revista digital dedicada a noticias, historias y derechos de migrantes en Am\u00e9rica Latina y globalmente, promoviendo la integraci\u00f3n y la visibilidad de la comunidad migrante.<\/figcaption>\n\t\t\t\t\t\t\t\t\t\t<\/figure>\n\t\t\t\t\t\t\t\t\t<\/div>\n\t\t\t\t<div class=\"elementor-element elementor-element-dd82241 elementor-widget elementor-widget-text-editor\" data-id=\"dd82241\" data-element_type=\"widget\" data-e-type=\"widget\" data-widget_type=\"text-editor.default\">\n\t\t\t\t\t\t\t\t\t<h3>A trav\u00e9s de <a href=\"https:\/\/soymigrante.com\/revista\">REVISTA<\/a>, reconocemos y valoramos el esfuerzo de los migrantes guatemaltecos en los Estados Unidos, mediante contenidos que impulsan el desarrollo personal, familiar y comunitario.<\/h3>\t\t\t\t\t\t\t\t<\/div>\n\t\t\t\t<div class=\"elementor-element elementor-element-86002ea elementor-widget elementor-widget-image\" data-id=\"86002ea\" data-element_type=\"widget\" data-e-type=\"widget\" data-widget_type=\"image.default\">\n\t\t\t\t\t\t\t\t\t\t\t\t<figure class=\"wp-caption\">\n\t\t\t\t\t\t\t\t\t\t\t<a href=\"https:\/\/soymigrante.com\/revista\">\n\t\t\t\t\t\t\t<img decoding=\"async\" width=\"300\" height=\"61\" src=\"https:\/\/soymigrante.com\/revista\/wp-content\/uploads\/2025\/01\/Magenta_Logo_SM-Revista-300x61.png\" class=\"attachment-medium size-medium wp-image-19079\" alt=\"Revista SoyMigrante.com: recursos, historias y debate sobre migraci\u00f3n, derechos y cultura para migrantes y comunidades. Publicaciones relevantes y actualizadas en espa\u00f1ol.\" srcset=\"https:\/\/soymigrante.com\/revista\/wp-content\/uploads\/2025\/01\/Magenta_Logo_SM-Revista-300x61.png 300w, https:\/\/soymigrante.com\/revista\/wp-content\/uploads\/2025\/01\/Magenta_Logo_SM-Revista-1024x208.png 1024w, https:\/\/soymigrante.com\/revista\/wp-content\/uploads\/2025\/01\/Magenta_Logo_SM-Revista-768x156.png 768w, https:\/\/soymigrante.com\/revista\/wp-content\/uploads\/2025\/01\/Magenta_Logo_SM-Revista-1536x313.png 1536w, https:\/\/soymigrante.com\/revista\/wp-content\/uploads\/2025\/01\/Magenta_Logo_SM-Revista-750x153.webp 750w, https:\/\/soymigrante.com\/revista\/wp-content\/uploads\/2025\/01\/Magenta_Logo_SM-Revista-1140x232.webp 1140w, https:\/\/soymigrante.com\/revista\/wp-content\/uploads\/2025\/01\/Magenta_Logo_SM-Revista.webp 1808w\" sizes=\"(max-width: 300px) 100vw, 300px\" title=\"SoyMigrante.com REVISTA \u2013 SoyMigrante.com REVISTA\" \/>\t\t\t\t\t\t\t\t<\/a>\n\t\t\t\t\t\t\t\t\t\t\t<figcaption class=\"widget-image-caption wp-caption-text\">Una vista de la portada de SoyMigrante.com REVISTA, una publicaci\u00f3n en l\u00ednea que aborda temas de migraci\u00f3n, derechos humanos, cultura y comunidad para personas migrantes y sus familias.<\/figcaption>\n\t\t\t\t\t\t\t\t\t\t<\/figure>\n\t\t\t\t\t\t\t\t\t<\/div>\n\t\t\t\t<div class=\"elementor-element elementor-element-94df524 elementor-widget elementor-widget-text-editor\" data-id=\"94df524\" data-element_type=\"widget\" data-e-type=\"widget\" data-widget_type=\"text-editor.default\">\n\t\t\t\t\t\t\t\t\t<h3>SoyMigrante.com es una empresa de capital privado con socios en Estados Unidos y Guatemala, registrada como:<\/h3><h3>SoyMigrante.com, LLC \u2013 Empresa registrada en Florida<\/h3><h3>SoyMigrante.com, S.A. \u2013 Empresa registrada en Guatemala<\/h3>\t\t\t\t\t\t\t\t<\/div>\n\t\t\t\t\t<\/div>\n\t\t\t\t<\/div>\n\t\t\t\t<\/div>\n\t\t","protected":false},"excerpt":{"rendered":"<p>Sobre SoyMigrante.com, la EMPRESA Logotipo general de la empresa SoyMigrante.com La misi\u00f3n de SoyMigrante.com es reconocer y dignificar al migrante guatemalteco y aportar a la reducci\u00f3n de la migraci\u00f3n forzada. SoyMigrante.com es una plataforma dedicada a reconocer y dignificar al guatemalteco, impulsando oportunidades locales de producci\u00f3n y crecimiento econ\u00f3mico comunitario, para contribuir al desarrollo local [&hellip;]<\/p>\n","protected":false},"author":6,"featured_media":1043,"parent":0,"menu_order":0,"comment_status":"closed","ping_status":"closed","template":"elementor_header_footer","meta":{"_acf_changed":false,"_eb_attr":"","footnotes":""},"class_list":["post-19077","page","type-page","status-publish","has-post-thumbnail","hentry"],"acf":[],"aioseo_notices":[],"aioseo_head":"\n\t\t<!-- All in One SEO Pro 4.9.6.2 - aioseo.com -->\n\t<meta name=\"description\" content=\"Sobre SoyMigrante.com, la EMPRESA La misi\u00f3n de SoyMigrante.com es reconocer y dignificar al migrante guatemalteco y aportar a la reducci\u00f3n de la migraci\u00f3n forzada. SoyMigrante.com es una plataforma dedicada a reconocer y dignificar al guatemalteco, impulsando oportunidades locales de producci\u00f3n y crecimiento econ\u00f3mico comunitario, para contribuir al desarrollo local y la reducci\u00f3n de la migraci\u00f3n\" \/>\n\t<meta name=\"robots\" content=\"max-snippet:-1, max-image-preview:large, max-video-preview:-1\" \/>\n\t<link rel=\"canonical\" href=\"https:\/\/soymigrante.com\/revista\/sobre-soymigrante-com-la-empresa\/\" \/>\n\t<meta name=\"generator\" content=\"All in One SEO Pro (AIOSEO) 4.9.6.2\" \/>\n\n\t\t<link rel=\"preconnect\" href=\"https:\/\/fonts.googleapis.com\" crossorigin>\n<link rel=\"preconnect\" href=\"https:\/\/fonts.gstatic.com\" crossorigin>\n\t\t<meta property=\"og:locale\" content=\"es_ES\" \/>\n\t\t<meta property=\"og:site_name\" content=\"SoyMigrante.com REVISTA \u2013 Nuestra misi\u00f3n es reconocer y dignificar al migrante.\" \/>\n\t\t<meta property=\"og:type\" content=\"article\" \/>\n\t\t<meta property=\"og:title\" content=\"Sobre: SoyMigrante.com, la empresa\" \/>\n\t\t<meta property=\"og:description\" content=\"Sobre SoyMigrante.com, la EMPRESA La misi\u00f3n de SoyMigrante.com es reconocer y dignificar al migrante guatemalteco y aportar a la reducci\u00f3n de la migraci\u00f3n forzada. SoyMigrante.com es una plataforma dedicada a reconocer y dignificar al guatemalteco, impulsando oportunidades locales de producci\u00f3n y crecimiento econ\u00f3mico comunitario, para contribuir al desarrollo local y la reducci\u00f3n de la migraci\u00f3n\" \/>\n\t\t<meta property=\"og:url\" content=\"https:\/\/soymigrante.com\/revista\/sobre-soymigrante-com-la-empresa\/\" \/>\n\t\t<meta property=\"og:image\" content=\"https:\/\/soymigrante.com\/revista\/wp-content\/uploads\/2023\/05\/logo-loading.webp\" \/>\n\t\t<meta property=\"og:image:secure_url\" content=\"https:\/\/soymigrante.com\/revista\/wp-content\/uploads\/2023\/05\/logo-loading.webp\" \/>\n\t\t<meta property=\"og:image:width\" content=\"432\" \/>\n\t\t<meta property=\"og:image:height\" content=\"432\" \/>\n\t\t<meta property=\"article:published_time\" content=\"2025-01-03T04:04:03+00:00\" \/>\n\t\t<meta property=\"article:modified_time\" content=\"2025-01-09T04:03:35+00:00\" \/>\n\t\t<meta property=\"article:publisher\" content=\"https:\/\/www.facebook.com\/soymigrantecom\" \/>\n\t\t<meta name=\"twitter:card\" content=\"summary_large_image\" \/>\n\t\t<meta name=\"twitter:site\" content=\"@SoyMigrante_com\" \/>\n\t\t<meta name=\"twitter:title\" content=\"Sobre: SoyMigrante.com, la empresa\" \/>\n\t\t<meta name=\"twitter:description\" content=\"Sobre SoyMigrante.com, la EMPRESA La misi\u00f3n de SoyMigrante.com es reconocer y dignificar al migrante guatemalteco y aportar a la reducci\u00f3n de la migraci\u00f3n forzada. SoyMigrante.com es una plataforma dedicada a reconocer y dignificar al guatemalteco, impulsando oportunidades locales de producci\u00f3n y crecimiento econ\u00f3mico comunitario, para contribuir al desarrollo local y la reducci\u00f3n de la migraci\u00f3n\" \/>\n\t\t<meta name=\"twitter:creator\" content=\"@SoyMigrante_com\" \/>\n\t\t<meta name=\"twitter:image\" content=\"https:\/\/soymigrante.com\/revista\/wp-content\/uploads\/2023\/05\/logo-loading.webp\" \/>\n\t\t<!-- All in One SEO Pro -->\r\n\t\t<title>Sobre: SoyMigrante.com, la empresa<\/title>\n\n","aioseo_head_json":{"title":"Sobre: SoyMigrante.com, la empresa","description":"Sobre SoyMigrante.com, la EMPRESA La misi\u00f3n de SoyMigrante.com es reconocer y dignificar al migrante guatemalteco y aportar a la reducci\u00f3n de la migraci\u00f3n forzada. SoyMigrante.com es una plataforma dedicada a reconocer y dignificar al guatemalteco, impulsando oportunidades locales de producci\u00f3n y crecimiento econ\u00f3mico comunitario, para contribuir al desarrollo local y la reducci\u00f3n de la migraci\u00f3n","canonical_url":"https:\/\/soymigrante.com\/revista\/sobre-soymigrante-com-la-empresa\/","robots":"max-snippet:-1, max-image-preview:large, max-video-preview:-1","keywords":"","webmasterTools":{"miscellaneous":"&lt;link rel=\"preconnect\" href=\"https:\/\/fonts.googleapis.com\" crossorigin&gt;\n&lt;link rel=\"preconnect\" href=\"https:\/\/fonts.gstatic.com\" crossorigin&gt;"},"schema":null,"og:locale":"es_ES","og:site_name":"SoyMigrante.com REVISTA \u2013 Nuestra misi\u00f3n es reconocer y dignificar al migrante.","og:type":"article","og:title":"Sobre: SoyMigrante.com, la empresa","og:description":"Sobre SoyMigrante.com, la EMPRESA La misi\u00f3n de SoyMigrante.com es reconocer y dignificar al migrante guatemalteco y aportar a la reducci\u00f3n de la migraci\u00f3n forzada. SoyMigrante.com es una plataforma dedicada a reconocer y dignificar al guatemalteco, impulsando oportunidades locales de producci\u00f3n y crecimiento econ\u00f3mico comunitario, para contribuir al desarrollo local y la reducci\u00f3n de la migraci\u00f3n","og:url":"https:\/\/soymigrante.com\/revista\/sobre-soymigrante-com-la-empresa\/","og:image":"https:\/\/soymigrante.com\/revista\/wp-content\/uploads\/2023\/05\/logo-loading.webp","og:image:secure_url":"https:\/\/soymigrante.com\/revista\/wp-content\/uploads\/2023\/05\/logo-loading.webp","og:image:width":432,"og:image:height":432,"article:published_time":"2025-01-03T04:04:03+00:00","article:modified_time":"2025-01-09T04:03:35+00:00","article:publisher":"https:\/\/www.facebook.com\/soymigrantecom","twitter:card":"summary_large_image","twitter:site":"@SoyMigrante_com","twitter:title":"Sobre: SoyMigrante.com, la empresa","twitter:description":"Sobre SoyMigrante.com, la EMPRESA La misi\u00f3n de SoyMigrante.com es reconocer y dignificar al migrante guatemalteco y aportar a la reducci\u00f3n de la migraci\u00f3n forzada. SoyMigrante.com es una plataforma dedicada a reconocer y dignificar al guatemalteco, impulsando oportunidades locales de producci\u00f3n y crecimiento econ\u00f3mico comunitario, para contribuir al desarrollo local y la reducci\u00f3n de la migraci\u00f3n","twitter:creator":"@SoyMigrante_com","twitter:image":"https:\/\/soymigrante.com\/revista\/wp-content\/uploads\/2023\/05\/logo-loading.webp"},"aioseo_meta_data":{"post_id":"19077","title":null,"description":null,"keywords":null,"keyphrases":{"focus":{"keyphrase":"SoyMigrante.com","score":85,"analysis":{"keyphraseInTitle":{"score":9,"maxScore":9,"error":0},"keyphraseInDescription":{"score":9,"maxScore":9,"error":0},"keyphraseLength":{"score":9,"maxScore":9,"error":0,"length":1},"keyphraseInURL":{"score":5,"maxScore":5,"error":0},"keyphraseInIntroduction":{"score":9,"maxScore":9,"error":0},"keyphraseInSubHeadings":[],"keyphraseInImageAlt":{"score":9,"maxScore":9,"error":0},"keywordDensity":{"type":"high","score":0,"maxScore":9,"error":1}}},"additional":[]},"primary_term":null,"canonical_url":"https:\/\/soymigrante.com\/revista\/sobre-soymigrante-com-la-empresa\/","og_title":null,"og_description":null,"og_object_type":"default","og_image_type":"default","og_image_url":null,"og_image_width":null,"og_image_height":null,"og_image_custom_url":null,"og_image_custom_fields":null,"og_video":"","og_custom_url":null,"og_article_section":null,"og_article_tags":null,"twitter_use_og":false,"twitter_card":"default","twitter_image_type":"default","twitter_image_url":null,"twitter_image_custom_url":null,"twitter_image_custom_fields":null,"twitter_title":null,"twitter_description":null,"schema":{"blockGraphs":[],"customGraphs":[],"default":{"data":{"Article":[],"Course":[],"Dataset":[],"FAQPage":[],"Movie":[],"Person":[],"Product":[],"ProductReview":[],"Car":[],"Recipe":[],"Service":[],"SoftwareApplication":[],"WebPage":[]},"graphName":"WebPage","isEnabled":true},"graphs":[]},"schema_type":"default","schema_type_options":null,"pillar_content":false,"robots_default":true,"robots_noindex":false,"robots_noarchive":false,"robots_nosnippet":false,"robots_nofollow":false,"robots_noimageindex":false,"robots_noodp":false,"robots_notranslate":false,"robots_max_snippet":"-1","robots_max_videopreview":"-1","robots_max_imagepreview":"large","priority":null,"frequency":"default","local_seo":null,"seo_analyzer_scan_date":"2025-10-09 09:38:30","breadcrumb_settings":null,"limit_modified_date":false,"reviewed_by":null,"open_ai":"{\"title\":{\"suggestions\":[],\"usage\":0},\"description\":{\"suggestions\":[],\"usage\":0}}","ai":null,"created":"2025-01-03 03:50:00","updated":"2026-02-04 03:53:05"},"aioseo_breadcrumb":"<div class=\"aioseo-breadcrumbs\"><span class=\"aioseo-breadcrumb\">\n\t<a href=\"https:\/\/soymigrante.com\/revista\" title=\"Home\">Home<\/a>\n<\/span><span class=\"aioseo-breadcrumb-separator\">\u00bb<\/span><span class=\"aioseo-breadcrumb\">\n\tSobre: SoyMigrante.com, la empresa\n<\/span><\/div>","aioseo_breadcrumb_json":[{"label":"Home","link":"https:\/\/soymigrante.com\/revista"},{"label":"Sobre: SoyMigrante.com, la empresa","link":"https:\/\/soymigrante.com\/revista\/sobre-soymigrante-com-la-empresa\/"}],"_links":{"self":[{"href":"https:\/\/soymigrante.com\/revista\/wp-json\/wp\/v2\/pages\/19077","targetHints":{"allow":["GET"]}}],"collection":[{"href":"https:\/\/soymigrante.com\/revista\/wp-json\/wp\/v2\/pages"}],"about":[{"href":"https:\/\/soymigrante.com\/revista\/wp-json\/wp\/v2\/types\/page"}],"author":[{"embeddable":true,"href":"https:\/\/soymigrante.com\/revista\/wp-json\/wp\/v2\/users\/6"}],"replies":[{"embeddable":true,"href":"https:\/\/soymigrante.com\/revista\/wp-json\/wp\/v2\/comments?post=19077"}],"version-history":[{"count":0,"href":"https:\/\/soymigrante.com\/revista\/wp-json\/wp\/v2\/pages\/19077\/revisions"}],"wp:featuredmedia":[{"embeddable":true,"href":"https:\/\/soymigrante.com\/revista\/wp-json\/wp\/v2\/media\/1043"}],"wp:attachment":[{"href":"https:\/\/soymigrante.com\/revista\/wp-json\/wp\/v2\/media?parent=19077"}],"curies":[{"name":"wp","href":"https:\/\/api.w.org\/{rel}","templated":true}]}}