{"id":10119,"date":"2024-10-07T12:53:36","date_gmt":"2024-10-07T18:53:36","guid":{"rendered":"https:\/\/soymigrante.com\/revista\/?page_id=10119"},"modified":"2024-11-05T00:12:47","modified_gmt":"2024-11-05T06:12:47","slug":"terminos-y-condiciones-del-sitio","status":"publish","type":"page","link":"https:\/\/soymigrante.com\/revista\/terminos-y-condiciones-del-sitio\/","title":{"rendered":"T\u00e9rminos y condiciones del sitio"},"content":{"rendered":"\t\t<div data-elementor-type=\"wp-page\" data-elementor-id=\"10119\" class=\"elementor elementor-10119\" data-elementor-post-type=\"page\">\n\t\t\t\t<div data-particle_enable=\"false\" data-particle-mobile-disabled=\"false\" class=\"elementor-element elementor-element-50ba94b e-flex e-con-boxed e-con e-parent\" data-id=\"50ba94b\" data-element_type=\"container\" data-e-type=\"container\">\n\t\t\t\t\t<div class=\"e-con-inner\">\n\t\t\t\t<div class=\"elementor-element elementor-element-a705ff5 elementor-widget elementor-widget-image\" data-id=\"a705ff5\" data-element_type=\"widget\" data-e-type=\"widget\" data-widget_type=\"image.default\">\n\t\t\t\t\t\t\t\t\t\t\t\t\t\t\t\t<a href=\"https:\/\/soymigrante.com\/mercado\">\n\t\t\t\t\t\t\t<img decoding=\"async\" width=\"300\" height=\"61\" src=\"https:\/\/soymigrante.com\/revista\/wp-content\/uploads\/2024\/09\/Naranja_Logo_SoyMigrante-Mercado-300x61.webp\" class=\"attachment-medium size-medium wp-image-9686\" alt=\"Revista SoyMigrante.com: contenido sobre migraci\u00f3n, derechos, historias y desaf\u00edos de migrantes en su comunidad y en el mundo.\" srcset=\"https:\/\/soymigrante.com\/revista\/wp-content\/uploads\/2024\/09\/Naranja_Logo_SoyMigrante-Mercado-300x61.webp 300w, https:\/\/soymigrante.com\/revista\/wp-content\/uploads\/2024\/09\/Naranja_Logo_SoyMigrante-Mercado-1024x208.webp 1024w, https:\/\/soymigrante.com\/revista\/wp-content\/uploads\/2024\/09\/Naranja_Logo_SoyMigrante-Mercado-768x156.webp 768w, https:\/\/soymigrante.com\/revista\/wp-content\/uploads\/2024\/09\/Naranja_Logo_SoyMigrante-Mercado-1536x313.webp 1536w, https:\/\/soymigrante.com\/revista\/wp-content\/uploads\/2024\/09\/Naranja_Logo_SoyMigrante-Mercado-2048x417.png 2048w, https:\/\/soymigrante.com\/revista\/wp-content\/uploads\/2024\/09\/Naranja_Logo_SoyMigrante-Mercado-750x153.webp 750w, https:\/\/soymigrante.com\/revista\/wp-content\/uploads\/2024\/09\/Naranja_Logo_SoyMigrante-Mercado-1140x232.webp 1140w\" sizes=\"(max-width: 300px) 100vw, 300px\" title=\"SoyMigrante.com MERCADO \u2013 SoyMigrante.com REVISTA\" \/>\t\t\t\t\t\t\t\t<\/a>\n\t\t\t\t\t\t\t\t\t\t\t\t\t\t\t<\/div>\n\t\t\t\t<div class=\"elementor-element elementor-element-2149b56 elementor-widget elementor-widget-heading\" data-id=\"2149b56\" data-element_type=\"widget\" data-e-type=\"widget\" data-widget_type=\"heading.default\">\n\t\t\t\t\t<h2 class=\"elementor-heading-title elementor-size-default\">T\u00e9rminos y condiciones del sitio<\/h2>\t\t\t\t<\/div>\n\t\t\t\t<div class=\"elementor-element elementor-element-9add1e1 elementor-widget elementor-widget-text-editor\" data-id=\"9add1e1\" data-element_type=\"widget\" data-e-type=\"widget\" data-widget_type=\"text-editor.default\">\n\t\t\t\t\t\t\t\t\t<p>SoyMigrante.com, S.A. es una compa\u00f1\u00eda que ofrece servicios vinculados al comercio electr\u00f3nico.<\/p><p>El SoyMigrante.com Mercado es una plataforma de comercio electr\u00f3nico donde las Personas Usuarias pueden vender y comprar productos usando distintas soluciones de pago y env\u00edo.&nbsp;<\/p><p>En SoyMigrante.com Mercado, conectamos a las personas interesadas en realizar transacciones con productos y servicios con posibles vendedores.<\/p><p>SoyMigrante.com Mercado integra una plataforma de pagos y cobros que puede ser usada tanto para operaciones realizadas dentro del Marketplace como fuera de \u00e9l, en el entendido de que las Personas Usuarias est\u00e1n de acuerdo en recibir el dinero resultante de sus ventas en la plataforma de SoyMigrante.com Mercado o en cualquier sociedad dentro de su grupo econ\u00f3mico, indistintamente.<\/p><p>SoyMigrante.com Mercado ofrece diferentes formas de env\u00edo para que las Personas Usuarias puedan enviar y recibir sus compras hechas en sitio SoyMigrante.com Mercado.<\/p><p>Para poder operar en la plataforma todas las Personas Usuarias deber\u00e1n aceptar los T\u00e9rminos y Condiciones, los anexos y la Declaraci\u00f3n de Privacidad.<\/p><p>Cada Persona Usuaria es responsable de los datos personales que brinda al momento de registrarse y se obliga a mantenerlos actualizados. Adem\u00e1s, es el \u00fanico responsable del uso y resguardo de su contrase\u00f1a.&nbsp;<\/p><p>En algunos casos, podremos cobrar una tarifa por el uso de los servicios que integran el ecosistema de SoyMigrante.com Mercado, que la Persona Usuaria se compromete a pagar.<\/p><p>1. SoyMigrante.com Mercado<\/p><p>SoyMigrante.com, S.A. es una compa\u00f1\u00eda de tecnolog\u00eda que ofrece servicios vinculados principalmente al comercio electr\u00f3nico y a los pagos digitales.&nbsp;<\/p><p>Los servicios que ofrece SoyMigrante.com Mercado en el sitio www.soymigrante.com\/mercado y sus aplicaciones m\u00f3viles (de ahora en m\u00e1s: \u201cSitio\u201d) est\u00e1n dise\u00f1ados para formar un ecosistema que permita a las personas vender, comprar, pagar, enviar productos y realizar otras actividades comerciales con tecnolog\u00eda aplicada.<\/p><p>2. T\u00e9rminos y condiciones<\/p><p>Estos t\u00e9rminos y condiciones y los anexos que explican los servicios de sitio web soymigrante.com\/mercado (de ahora en m\u00e1s: \u201cT\u00e9rminos y Condiciones\u201d) regulan la relaci\u00f3n entre SoyMigrante.com Mercado y las&nbsp; personas que usan sus servicios (\u201cPersonas Usuarias\u201d).&nbsp;<\/p><p>Las Personas Usuarias aceptan estos T\u00e9rminos y Condiciones desde el momento en que se registran en el Sitio y usan el mismo.<\/p><p>Cuando debamos hacer cambios importantes en nuestros servicios, publicaremos las modificaciones con 10 d\u00edas corridos de anticipaci\u00f3n para que las Personas Usuarias puedan revisarlas y seguir usando sitio web soymigrante.com\/mercado. En ning\u00fan caso afectar\u00e1n las operaciones que ya hayan finalizado.<\/p><p>Las Personas Usuarias que no tengan obligaciones pendientes con SoyMigrante.com Mercado o con otras Personas Usuarias, podr\u00e1n finalizar la relaci\u00f3n con SoyMigrante.com Mercado cancelando su cuenta.<\/p><p>3. Capacidad<\/p><p>Podr\u00e1n usar nuestros servicios las personas mayores de edad que tengan capacidad legal para contratar.&nbsp;<\/p><p>Quien use el sitio web soymigrante.com\/mercado en representaci\u00f3n de una empresa deber\u00e1 tener capacidad para contratar a nombre de ella. Adem\u00e1s, para poder usar la cuenta, la Persona Usuaria debe encontrarse activa.&nbsp;<\/p><p>4. Registro y cuenta<\/p><p>Quien quiera usar nuestros servicios, deber\u00e1 completar el formulario de registro con los datos que le sean requeridos. Al completarlo, se compromete a hacerlo de manera exacta, precisa y verdadera y a mantener sus datos siempre actualizados. La Persona Usuaria ser\u00e1 la \u00fanica responsable de la certeza de sus datos de registro. Sin perjuicio de la informaci\u00f3n brindada en el formulario, podremos solicitar y\/o consultar informaci\u00f3n adicional para corroborar la identidad de la Persona Usuaria.&nbsp;<\/p><p>La cuenta es personal, \u00fanica e intransferible, es decir que bajo ning\u00fan concepto se podr\u00e1 vender o ceder a otra persona. Se accede a ella con la clave personal de seguridad que haya elegido y que deber\u00e1 mantener bajo estricta confidencialidad. La Persona Usuaria ser\u00e1 la \u00fanica responsable por las operaciones que se realicen en su cuenta. En caso de detectar un uso no autorizado de su cuenta, deber\u00e1 notificar de forma inmediata y fehaciente a SoyMigrante.com Mercado.<\/p><p>Podremos rechazar una solicitud de registro o bien cancelar un registro ya aceptado, sin que esto genere derecho a un resarcimiento. No podr\u00e1n registrarse nuevamente en el Sitio las Personas Usuarias que hayan sido inhabilitadas previamente. Tampoco podr\u00e1n registrarse quienes est\u00e9n incluidos o relacionados a personas incluidas en listas nacionales o internacionales de sanciones.&nbsp;<\/p><p>Adem\u00e1s, en caso de detectar el uso de m\u00e1s de una cuenta, podremos aplicar retenciones, d\u00e9bitos y\/o cualquier otra medida si consideramos que ese accionar puede perjudicar al resto de las personas que usan el sitio web soymigrante.com\/mercado o SoyMigrante.com Mercado, m\u00e1s all\u00e1 de las sanciones que pudieran corresponder.&nbsp;<\/p><p>5.&nbsp; Privacidad de datos<\/p><p>En SoyMigrante.com Mercado hacemos un uso responsable de la informaci\u00f3n personal, protegiendo la privacidad de las Personas Usuarias que nos confiaron sus datos y tomando las medidas necesarias para garantizar la seguridad en nuestro sitio web soymigrante.com\/mercado.&nbsp;<\/p><p><span style=\"text-align: var(--text-align);\">6. Acceso a Otra Informaci\u00f3n Comercial<\/span><br><\/p><p>Adem\u00e1s de lo previsto en las secciones anteriores, SoyMigrante.com Mercado proporciona herramientas, aplicaciones y servicios basados en otra informaci\u00f3n comercial provista por las Personas Usuarias y\/o generada al utilizar los servicios del sitio web soymigrante.com\/mercado, para ayudar a los Vendedores a optimizar sus ventas, aumentar su volumen y gestionar su negocio. Tambi\u00e9n podremos usarla para ofrecer a las Personas Usuarias promociones, productos y servicios de otras empresas o de marca compartida, tambi\u00e9n podr\u00e1 utilizarse en programas de prevenci\u00f3n de fraude y otras medidas destinadas a aumentar la seguridad del Mercado, de las Personas Usuarias y el cumplimiento de los T\u00e9rminos y Condiciones.&nbsp;<\/p><p>7.&nbsp; Sanciones<\/p><p>En caso que la Persona Usuaria incumpliera una ley o los T\u00e9rminos y Condiciones, podremos advertir, suspender, restringir o inhabilitar temporal o definitivamente su cuenta, sin perjuicio de otras sanciones que se establezcan en las reglas de uso particulares de los servicios de SoyMigrante.com Mercado.&nbsp;<\/p><p>8. Responsabilidad<\/p><p>SoyMigrante.com Mercado ser\u00e1 responsable por cualquier defecto en la prestaci\u00f3n de su servicio, en la medida en que le sea imputable y con el alcance previsto en las leyes vigentes.&nbsp;<\/p><p>9. Tarifas<\/p><p>SoyMigrante.com Mercado podr\u00e1 cobrar por sus servicios y la Persona Usuaria se compromete a pagarlos a tiempo.&nbsp;<\/p><p>Podremos modificar o eliminar las tarifas en cualquier momento con el debido preaviso establecido en la cl\u00e1usula 2 de estos T\u00e9rminos y Condiciones. De la misma manera, podremos modificar las tarifas temporalmente por promociones en favor de las Personas Usuarias.&nbsp;<\/p><p>La Persona Usuaria autoriza a SoyMigrante.com Mercado a retener y\/o debitar los fondos existentes y\/o futuros de su cuenta en SoyMigrante.com Mercado y\/o de las cuentas bancarias que haya registrado en ella, para saldar las tarifas impagas o cualquier otra deuda que pudiera tener.&nbsp;<\/p><p>Para conocer el detalle de las tarifas de cada servicio, las Personas Usuarias deber\u00e1n consultar los t\u00e9rminos y condiciones correspondientes.&nbsp;<\/p><p>En todos los casos se emitir\u00e1 la factura de conformidad con los datos fiscales que las personas tengan cargados en su cuenta.&nbsp;<\/p><p>10. Propiedad Intelectual<\/p><p>SoyMigrante.com Mercado y\/o sus sociedades relacionadas son propietarias de todos los derechos de propiedad intelectual sobre sus sitios, todo su contenido, servicios, productos, marcas, nombres comerciales, logos, dise\u00f1os, im\u00e1genes, frases publicitarias, derechos de autor, dominios, programas de computaci\u00f3n, c\u00f3digos, desarrollos, software, bases de datos, informaci\u00f3n, tecnolog\u00eda, patentes y modelos de utilidad, dise\u00f1os y modelos industriales, secretos comerciales, entre otros (\u201cPropiedad Intelectual\u201d) y se encuentran protegidos por leyes nacionales e internacionales.<\/p><p>Aunque SoyMigrante.com Mercado otorga permiso para usar sus productos y servicios conforme a lo previsto en los T\u00e9rminos y Condiciones, esto no implica una autorizaci\u00f3n para usar su Propiedad Intelectual, excepto consentimiento previo y expreso de SoyMigrante.com Mercado y\/o sus sociedades vinculadas. En cualquier caso, los usuarios vendedores que usen dichos productos y servicios no podr\u00e1n utilizar la Propiedad Intelectual de SoyMigrante.com Mercado de una manera que cause confusi\u00f3n en el p\u00fablico y deber\u00e1n llevar a cabo su actividad comercial bajo una marca o nombre comercial propio y distintivo, que no resulte confundible con la marca SoyMigrante.com y su familia de marcas \u201cSoyMigrante.com Mercado\u201d.<\/p><p>Est\u00e1 prohibido usar nuestros productos o servicios para fines ilegales, realizar cualquier tipo de ingenier\u00eda inversa u obras derivadas, utilizar herramientas de b\u00fasqueda o de extracci\u00f3n de datos y contenidos de nuestra plataforma para su reutilizaci\u00f3n y\/o crear bases de datos propias que incluyan en todo o en parte nuestro contenido sin nuestra expresa autorizaci\u00f3n. Est\u00e1 tambi\u00e9n prohibido el uso indebido, sin autorizaci\u00f3n y\/o contrario a la normativa vigente y\/o que genere confusi\u00f3n o implique uso denigratorio y\/o que le cause perjuicio, da\u00f1os o p\u00e9rdidas a SoyMigrante.com Mercado y\/o a sus sociedades relacionadas. La utilizaci\u00f3n de los productos y servicios de SoyMigrante.com Mercado tampoco implica la autorizaci\u00f3n para usar propiedad intelectual de terceros que pueda estar involucrada, cuyo uso quedar\u00e1 bajo exclusiva responsabilidad del usuario.&nbsp;<\/p><p>En caso que una Persona Usuaria o cualquier publicaci\u00f3n infrinja la Propiedad Intelectual de SoyMigrante.com Mercado o de terceros, SoyMigrante.com, S.A. podr\u00e1 remover dicha publicaci\u00f3n total o parcialmente), sancionar al usuario conforme a lo previsto en estos T\u00e9rminos y Condiciones y ejercer las acciones extrajudiciales y\/o judiciales correspondientes.<\/p><p>11.&nbsp; Indemnidad<\/p><p>La Persona Usuaria mantendr\u00e1 indemne a SoyMigrante.com Mercado y sus sociedades relacionadas, as\u00ed como a quienes la dirigen, suceden, administran, representan y\/o trabajan en ellas, por cualquier reclamo administrativo o judicial iniciado por otras Personas Usuarias, terceros o por cualquier Organismo, relacionado con sus actividades en el sitio web soymigrante.com\/mercado.<\/p><p><span style=\"text-align: var(--text-align);\">En virtud de esa responsabilidad, podr\u00e1n realizar compensaciones, retenciones u otras medidas necesarias para la reparaci\u00f3n de p\u00e9rdidas, da\u00f1os y perjuicios, cualquiera sea su naturaleza.<\/span><br><\/p><p>12.&nbsp; Anexos<\/p><p>Adem\u00e1s de estos T\u00e9rminos y Condiciones, cada servicio del soymigrante.com\/mercado tiene sus propias reglas de uso:&nbsp;&nbsp;<\/p><p>T\u00e9rminos y condiciones del sitio<\/p><p>T\u00e9rminos y condiciones del mercado<\/p><p>3.1 Pol\u00edticas de publicaci\u00f3n<\/p><p>3.2 Art\u00edculos prohibidos<\/p><p>Pol\u00edticas de env\u00edos<\/p><p>T\u00e9rminos y condiciones pagos<\/p><p>Pol\u00edticas de privacidad y cookies<\/p><p>13. Jurisdicci\u00f3n y ley aplicable<\/p><p>Estos T\u00e9rminos y Condiciones se rigen por la ley local de Guatemala. Toda controversia derivada de su aplicaci\u00f3n, interpretaci\u00f3n, ejecuci\u00f3n o validez ser\u00e1 resuelta por los tribunales nacionales ordinarios competentes, con asiento en la capital, salvo disposici\u00f3n espec\u00edfica de normas de orden p\u00fablico, como por ejemplo, legislaci\u00f3n relativa al Consumidor. Para todos los efectos relacionados con estos T\u00e9rminos y Condiciones y con el uso del sitio, sitio web soymigrante.com\/mercado, establece como domicilio ciudad de Guatemala.&nbsp;<\/p>\t\t\t\t\t\t\t\t<\/div>\n\t\t\t\t\t<\/div>\n\t\t\t\t<\/div>\n\t\t\t\t<\/div>\n\t\t","protected":false},"excerpt":{"rendered":"<p>T\u00e9rminos y condiciones del sitio SoyMigrante.com, S.A. es una compa\u00f1\u00eda que ofrece servicios vinculados al comercio electr\u00f3nico. El SoyMigrante.com Mercado es una plataforma de comercio electr\u00f3nico donde las Personas Usuarias pueden vender y comprar productos usando distintas soluciones de pago y env\u00edo.&nbsp; En SoyMigrante.com Mercado, conectamos a las personas interesadas en realizar transacciones con productos [&hellip;]<\/p>\n","protected":false},"author":11,"featured_media":0,"parent":0,"menu_order":0,"comment_status":"closed","ping_status":"closed","template":"elementor_header_footer","meta":{"_acf_changed":false,"_eb_attr":"","footnotes":""},"class_list":["post-10119","page","type-page","status-publish","hentry"],"acf":[],"aioseo_notices":[],"aioseo_head":"\n\t\t<!-- All in One SEO Pro 4.9.6.2 - aioseo.com -->\n\t<meta name=\"description\" content=\"T\u00e9rminos y condiciones del sitio SoyMigrante.com, S.A. es una compa\u00f1\u00eda que ofrece servicios vinculados al comercio electr\u00f3nico. El SoyMigrante.com Mercado es una plataforma de comercio electr\u00f3nico donde las Personas Usuarias pueden vender y comprar productos usando distintas soluciones de pago y env\u00edo. En SoyMigrante.com Mercado, conectamos a las personas interesadas en realizar transacciones con productos\" \/>\n\t<meta name=\"robots\" content=\"max-snippet:-1, max-image-preview:large, max-video-preview:-1\" \/>\n\t<link rel=\"canonical\" href=\"https:\/\/soymigrante.com\/revista\/terminos-y-condiciones-del-sitio\/\" \/>\n\t<meta name=\"generator\" content=\"All in One SEO Pro (AIOSEO) 4.9.6.2\" \/>\n\n\t\t<link rel=\"preconnect\" href=\"https:\/\/fonts.googleapis.com\" crossorigin>\n<link rel=\"preconnect\" href=\"https:\/\/fonts.gstatic.com\" crossorigin>\n\t\t<meta property=\"og:locale\" content=\"es_ES\" \/>\n\t\t<meta property=\"og:site_name\" content=\"SoyMigrante.com REVISTA \u2013 Nuestra misi\u00f3n es reconocer y dignificar al migrante.\" \/>\n\t\t<meta property=\"og:type\" content=\"article\" \/>\n\t\t<meta property=\"og:title\" content=\"T\u00e9rminos y condiciones del sitio\" \/>\n\t\t<meta property=\"og:description\" content=\"T\u00e9rminos y condiciones del sitio SoyMigrante.com, S.A. es una compa\u00f1\u00eda que ofrece servicios vinculados al comercio electr\u00f3nico. El SoyMigrante.com Mercado es una plataforma de comercio electr\u00f3nico donde las Personas Usuarias pueden vender y comprar productos usando distintas soluciones de pago y env\u00edo. En SoyMigrante.com Mercado, conectamos a las personas interesadas en realizar transacciones con productos\" \/>\n\t\t<meta property=\"og:url\" content=\"https:\/\/soymigrante.com\/revista\/terminos-y-condiciones-del-sitio\/\" \/>\n\t\t<meta property=\"og:image\" content=\"https:\/\/soymigrante.com\/revista\/wp-content\/uploads\/2024\/11\/SoyMigrantecom-V-color-112x112-1.webp\" \/>\n\t\t<meta property=\"og:image:secure_url\" content=\"https:\/\/soymigrante.com\/revista\/wp-content\/uploads\/2024\/11\/SoyMigrantecom-V-color-112x112-1.webp\" \/>\n\t\t<meta property=\"article:published_time\" content=\"2024-10-07T18:53:36+00:00\" \/>\n\t\t<meta property=\"article:modified_time\" content=\"2024-11-05T06:12:47+00:00\" \/>\n\t\t<meta property=\"article:publisher\" content=\"https:\/\/www.facebook.com\/soymigrantecom\" \/>\n\t\t<meta name=\"twitter:card\" content=\"summary_large_image\" \/>\n\t\t<meta name=\"twitter:site\" content=\"@SoyMigrante_com\" \/>\n\t\t<meta name=\"twitter:title\" content=\"T\u00e9rminos y condiciones del sitio\" \/>\n\t\t<meta name=\"twitter:description\" content=\"T\u00e9rminos y condiciones del sitio SoyMigrante.com, S.A. es una compa\u00f1\u00eda que ofrece servicios vinculados al comercio electr\u00f3nico. El SoyMigrante.com Mercado es una plataforma de comercio electr\u00f3nico donde las Personas Usuarias pueden vender y comprar productos usando distintas soluciones de pago y env\u00edo. En SoyMigrante.com Mercado, conectamos a las personas interesadas en realizar transacciones con productos\" \/>\n\t\t<meta name=\"twitter:creator\" content=\"@SoyMigrante_com\" \/>\n\t\t<meta name=\"twitter:image\" content=\"https:\/\/soymigrante.com\/revista\/wp-content\/uploads\/2024\/11\/SoyMigrantecom-V-color-112x112-1.webp\" \/>\n\t\t<!-- All in One SEO Pro -->\r\n\t\t<title>T\u00e9rminos y condiciones del sitio<\/title>\n\n","aioseo_head_json":{"title":"T\u00e9rminos y condiciones del sitio","description":"T\u00e9rminos y condiciones del sitio SoyMigrante.com, S.A. es una compa\u00f1\u00eda que ofrece servicios vinculados al comercio electr\u00f3nico. El SoyMigrante.com Mercado es una plataforma de comercio electr\u00f3nico donde las Personas Usuarias pueden vender y comprar productos usando distintas soluciones de pago y env\u00edo. En SoyMigrante.com Mercado, conectamos a las personas interesadas en realizar transacciones con productos","canonical_url":"https:\/\/soymigrante.com\/revista\/terminos-y-condiciones-del-sitio\/","robots":"max-snippet:-1, max-image-preview:large, max-video-preview:-1","keywords":"","webmasterTools":{"miscellaneous":"&lt;link rel=\"preconnect\" href=\"https:\/\/fonts.googleapis.com\" crossorigin&gt;\n&lt;link rel=\"preconnect\" href=\"https:\/\/fonts.gstatic.com\" crossorigin&gt;"},"schema":null,"og:locale":"es_ES","og:site_name":"SoyMigrante.com REVISTA \u2013 Nuestra misi\u00f3n es reconocer y dignificar al migrante.","og:type":"article","og:title":"T\u00e9rminos y condiciones del sitio","og:description":"T\u00e9rminos y condiciones del sitio SoyMigrante.com, S.A. es una compa\u00f1\u00eda que ofrece servicios vinculados al comercio electr\u00f3nico. El SoyMigrante.com Mercado es una plataforma de comercio electr\u00f3nico donde las Personas Usuarias pueden vender y comprar productos usando distintas soluciones de pago y env\u00edo. En SoyMigrante.com Mercado, conectamos a las personas interesadas en realizar transacciones con productos","og:url":"https:\/\/soymigrante.com\/revista\/terminos-y-condiciones-del-sitio\/","og:image":"https:\/\/soymigrante.com\/revista\/wp-content\/uploads\/2024\/11\/SoyMigrantecom-V-color-112x112-1.webp","og:image:secure_url":"https:\/\/soymigrante.com\/revista\/wp-content\/uploads\/2024\/11\/SoyMigrantecom-V-color-112x112-1.webp","article:published_time":"2024-10-07T18:53:36+00:00","article:modified_time":"2024-11-05T06:12:47+00:00","article:publisher":"https:\/\/www.facebook.com\/soymigrantecom","twitter:card":"summary_large_image","twitter:site":"@SoyMigrante_com","twitter:title":"T\u00e9rminos y condiciones del sitio","twitter:description":"T\u00e9rminos y condiciones del sitio SoyMigrante.com, S.A. es una compa\u00f1\u00eda que ofrece servicios vinculados al comercio electr\u00f3nico. El SoyMigrante.com Mercado es una plataforma de comercio electr\u00f3nico donde las Personas Usuarias pueden vender y comprar productos usando distintas soluciones de pago y env\u00edo. En SoyMigrante.com Mercado, conectamos a las personas interesadas en realizar transacciones con productos","twitter:creator":"@SoyMigrante_com","twitter:image":"https:\/\/soymigrante.com\/revista\/wp-content\/uploads\/2024\/11\/SoyMigrantecom-V-color-112x112-1.webp"},"aioseo_meta_data":{"post_id":"10119","title":null,"description":null,"keywords":null,"keyphrases":{"focus":{"keyphrase":"T\u00e9rminos y condiciones del sitio","score":0,"analysis":[]}},"primary_term":null,"canonical_url":null,"og_title":null,"og_description":null,"og_object_type":"default","og_image_type":"default","og_image_url":null,"og_image_width":null,"og_image_height":null,"og_image_custom_url":null,"og_image_custom_fields":null,"og_video":"","og_custom_url":null,"og_article_section":null,"og_article_tags":null,"twitter_use_og":false,"twitter_card":"default","twitter_image_type":"default","twitter_image_url":null,"twitter_image_custom_url":null,"twitter_image_custom_fields":null,"twitter_title":null,"twitter_description":null,"schema":{"blockGraphs":[],"customGraphs":[],"default":{"data":{"Article":[],"Course":[],"Dataset":[],"FAQPage":[],"Movie":[],"Person":[],"Product":[],"ProductReview":[],"Car":[],"Recipe":[],"Service":[],"SoftwareApplication":[],"WebPage":[]},"graphName":"","isEnabled":true},"graphs":[]},"schema_type":"default","schema_type_options":null,"pillar_content":false,"robots_default":true,"robots_noindex":false,"robots_noarchive":false,"robots_nosnippet":false,"robots_nofollow":false,"robots_noimageindex":false,"robots_noodp":false,"robots_notranslate":false,"robots_max_snippet":"-1","robots_max_videopreview":"-1","robots_max_imagepreview":"large","priority":null,"frequency":"default","local_seo":null,"seo_analyzer_scan_date":null,"breadcrumb_settings":null,"limit_modified_date":false,"reviewed_by":null,"open_ai":null,"ai":null,"created":"2024-10-07 18:52:57","updated":"2026-02-04 03:43:19"},"aioseo_breadcrumb":"<div class=\"aioseo-breadcrumbs\"><span class=\"aioseo-breadcrumb\">\n\t<a href=\"https:\/\/soymigrante.com\/revista\" title=\"Home\">Home<\/a>\n<\/span><span class=\"aioseo-breadcrumb-separator\">\u00bb<\/span><span class=\"aioseo-breadcrumb\">\n\tT\u00e9rminos y condiciones del sitio\n<\/span><\/div>","aioseo_breadcrumb_json":[{"label":"Home","link":"https:\/\/soymigrante.com\/revista"},{"label":"T\u00e9rminos y condiciones del sitio","link":"https:\/\/soymigrante.com\/revista\/terminos-y-condiciones-del-sitio\/"}],"_links":{"self":[{"href":"https:\/\/soymigrante.com\/revista\/wp-json\/wp\/v2\/pages\/10119","targetHints":{"allow":["GET"]}}],"collection":[{"href":"https:\/\/soymigrante.com\/revista\/wp-json\/wp\/v2\/pages"}],"about":[{"href":"https:\/\/soymigrante.com\/revista\/wp-json\/wp\/v2\/types\/page"}],"author":[{"embeddable":true,"href":"https:\/\/soymigrante.com\/revista\/wp-json\/wp\/v2\/users\/11"}],"replies":[{"embeddable":true,"href":"https:\/\/soymigrante.com\/revista\/wp-json\/wp\/v2\/comments?post=10119"}],"version-history":[{"count":0,"href":"https:\/\/soymigrante.com\/revista\/wp-json\/wp\/v2\/pages\/10119\/revisions"}],"wp:attachment":[{"href":"https:\/\/soymigrante.com\/revista\/wp-json\/wp\/v2\/media?parent=10119"}],"curies":[{"name":"wp","href":"https:\/\/api.w.org\/{rel}","templated":true}]}}