{"id":10118,"date":"2024-10-07T12:50:48","date_gmt":"2024-10-07T18:50:48","guid":{"rendered":"https:\/\/soymigrante.com\/revista\/?page_id=10118"},"modified":"2024-11-05T00:12:16","modified_gmt":"2024-11-05T06:12:16","slug":"terminos-y-condiciones-mercado","status":"publish","type":"page","link":"https:\/\/soymigrante.com\/revista\/terminos-y-condiciones-mercado\/","title":{"rendered":"T\u00e9rminos y condiciones del mercado (marketplace)"},"content":{"rendered":"\t\t<div data-elementor-type=\"wp-page\" data-elementor-id=\"10118\" class=\"elementor elementor-10118\" data-elementor-post-type=\"page\">\n\t\t\t\t<div data-particle_enable=\"false\" data-particle-mobile-disabled=\"false\" class=\"elementor-element elementor-element-50ba94b e-flex e-con-boxed e-con e-parent\" data-id=\"50ba94b\" data-element_type=\"container\" data-e-type=\"container\">\n\t\t\t\t\t<div class=\"e-con-inner\">\n\t\t\t\t<div class=\"elementor-element elementor-element-a705ff5 elementor-widget elementor-widget-image\" data-id=\"a705ff5\" data-element_type=\"widget\" data-e-type=\"widget\" data-widget_type=\"image.default\">\n\t\t\t\t\t\t\t\t\t\t\t\t\t\t\t\t<a href=\"https:\/\/soymigrante.com\/mercado\">\n\t\t\t\t\t\t\t<img decoding=\"async\" width=\"300\" height=\"61\" src=\"https:\/\/soymigrante.com\/revista\/wp-content\/uploads\/2024\/09\/Naranja_Logo_SoyMigrante-Mercado-300x61.webp\" class=\"attachment-medium size-medium wp-image-9686\" alt=\"Revista SoyMigrante.com: contenido sobre migraci\u00f3n, derechos, historias y desaf\u00edos de migrantes en su comunidad y en el mundo.\" srcset=\"https:\/\/soymigrante.com\/revista\/wp-content\/uploads\/2024\/09\/Naranja_Logo_SoyMigrante-Mercado-300x61.webp 300w, https:\/\/soymigrante.com\/revista\/wp-content\/uploads\/2024\/09\/Naranja_Logo_SoyMigrante-Mercado-1024x208.webp 1024w, https:\/\/soymigrante.com\/revista\/wp-content\/uploads\/2024\/09\/Naranja_Logo_SoyMigrante-Mercado-768x156.webp 768w, https:\/\/soymigrante.com\/revista\/wp-content\/uploads\/2024\/09\/Naranja_Logo_SoyMigrante-Mercado-1536x313.webp 1536w, https:\/\/soymigrante.com\/revista\/wp-content\/uploads\/2024\/09\/Naranja_Logo_SoyMigrante-Mercado-2048x417.png 2048w, https:\/\/soymigrante.com\/revista\/wp-content\/uploads\/2024\/09\/Naranja_Logo_SoyMigrante-Mercado-750x153.webp 750w, https:\/\/soymigrante.com\/revista\/wp-content\/uploads\/2024\/09\/Naranja_Logo_SoyMigrante-Mercado-1140x232.webp 1140w\" sizes=\"(max-width: 300px) 100vw, 300px\" title=\"SoyMigrante.com MERCADO \u2013 SoyMigrante.com REVISTA\" \/>\t\t\t\t\t\t\t\t<\/a>\n\t\t\t\t\t\t\t\t\t\t\t\t\t\t\t<\/div>\n\t\t\t\t<div class=\"elementor-element elementor-element-2149b56 elementor-widget elementor-widget-heading\" data-id=\"2149b56\" data-element_type=\"widget\" data-e-type=\"widget\" data-widget_type=\"heading.default\">\n\t\t\t\t\t<h2 class=\"elementor-heading-title elementor-size-default\">T\u00e9rminos y condiciones del mercado (marketplace)<\/h2>\t\t\t\t<\/div>\n\t\t\t\t<div class=\"elementor-element elementor-element-9add1e1 elementor-widget elementor-widget-text-editor\" data-id=\"9add1e1\" data-element_type=\"widget\" data-e-type=\"widget\" data-widget_type=\"text-editor.default\">\n\t\t\t\t\t\t\t\t\t<p>\u00bfQu\u00e9 es el Mercado?<\/p><p>Es la plataforma de comercio electr\u00f3nico de SoyMigrante.com donde las Personas Usuarias pueden vender y comprar productos usando distintas soluciones de pago y env\u00edo.\u00a0<\/p><p>Anexo<\/p><p>Este anexo explica las reglas de uso del Marketplace para todas las Personas Usuarias, sean quienes vendan (en adelante, \u201cVendedores\u201d) y\/o quienes compran (en adelante, \u201cCompradores\u201d).<\/p><p>1. Vender<\/p><p>a. Obligaciones del Vendedor<\/p><p>Para vender un producto en SoyMigrante.com mercado es necesario que el Vendedor cumpla con todos los requisitos y permisos que exige la ley.\u00a0<\/p><p>La publicaci\u00f3n del Vendedor deber\u00e1 respetar nuestra Pol\u00edtica de publicaci\u00f3n y de Art\u00edculos prohibidos.\u00a0<\/p><p>Respecto a cada Comprador, el Vendedor se obliga a:\u00a0<\/p><p>Respetar las condiciones de venta publicadas en el Sitio.<\/p><p>Emitir la factura correspondiente.<\/p><p>Si fuera un Fundaci\u00f3n, asociaci\u00f3n civil, ONG u otras deber\u00e1 emitir el recibo correspondiente.<\/p><p>Respetar las garant\u00edas legales aplicables, seg\u00fan el caso.<\/p><p>Aceptar devoluciones o cambios de los productos que no cumplan con la descripci\u00f3n ofrecida en la plataforma.<\/p><p>Asumir los costos de la revocaci\u00f3n o devoluci\u00f3n de los productos que no cumplan con la descripci\u00f3n ofrecida.<\/p><p>En caso de la devoluci\u00f3n o cambio del producto, SoyMigrante.com Mercado podr\u00e1 poner a disposici\u00f3n del Comprador el m\u00e9todo que considere m\u00e1s adecuado para facilitar el env\u00edo y debitar\u00e1 su costo de la cuenta de SoyMigrante.com Mercado del Vendedor.\u00a0<\/p><p>El Vendedor acepta usar \u00fanicamente los medios de pago que SoyMigrante.com Mercado pone a su disposici\u00f3n para garantizar la seguridad de las operaciones y el funcionamiento de los programas de protecci\u00f3n.<\/p><p>SoyMigrante.com Mercado podr\u00e1 poner a disposici\u00f3n del Vendedor herramientas para la gesti\u00f3n manual y\/o autom\u00e1tica de precios. Al utilizar las mismas, el Vendedor reconoce y acepta que SoyMigrante.com Mercado no sugiere, recomienda, ni fija los precios, siendo el Vendedor el \u00fanico responsable por los mismos.<\/p><p>b. Autorizaciones otorgadas a SoyMigrante.com Mercado<\/p><p>El Vendedor otorga a SoyMigrante.com Mercado y sus sociedades relacionadas una licencia gratuita, sin l\u00edmite de tiempo, internacional y no exclusiva sobre todos los contenidos incluidos en sus publicaciones, tales como, los nombres comerciales, marcas, im\u00e1genes, videos, textos y todo otro elemento o signo distintivo que identifique al Vendedor o a los productos o servicios publicados en el Mercado (\u201cMateriales\u201d).\u00a0<\/p><p>En particular, SoyMigrante.com Mercado podr\u00e1 utilizar, publicar, reproducir, poner a disposici\u00f3n, traducir y modificar los Materiales para:<\/p><p>Usarlos en todos los sitios de SoyMigrante.com\u00a0 y cualquier medio de comunicaci\u00f3n con el fin de clasificar productos, identificar ofertas y realizar acciones publicitarias y de marketing.<\/p><p>Crear publicaciones de Cat\u00e1logo.<\/p><p>Autorizar su uso a terceros.<\/p><p>Editarlos, incluyendo el uso de inteligencia artificial (ej. para traducci\u00f3n de videos).<\/p><p>Esta autorizaci\u00f3n no implica la cesi\u00f3n de los derechos morales e intelectuales que pudieran existir sobre los Materiales.<\/p><p>El Vendedor declara que tiene todos los derechos necesarios para autorizar a SoyMigrante.com Mercado para tal efecto, que es responsable exclusivo de cualquier infracci\u00f3n a derechos de terceros que el uso de los Materiales pueda ocasionar, y que se compromete a liberar a SoyMigrante.com Mercado de cualquier reclamo que pudiera recibir de terceros derivados del uso de ese Material. SoyMigrante.com Mercado tambi\u00e9n podr\u00e1 a su criterio restringir publicaciones de acuerdo a la geolocalizaci\u00f3n de la persona que est\u00e9 haciendo la b\u00fasqueda as\u00ed como de otros factores que determine relevantes con el objetivo de mejorar la experiencia de compra.<\/p><p>c. Reputaci\u00f3n<\/p><p>El sitio tendr\u00e1 un espacio donde los Compradores podr\u00e1n opinar sobre el Vendedor y\/o el producto adquirido. Dichos comentarios ser\u00e1n incluidos bajo exclusiva responsabilidad de quien lo emita. SoyMigrante.com Mercado podr\u00e1 editar y\/o eliminar aquellos comentarios que sean considerados inadecuados u ofensivos.\u00a0<\/p><p>d. Obligaciones adicionales<\/p><p>Para verificar que los Compradores del Marketplace est\u00e9n recibiendo una excelente experiencia de compra, con una oferta amplia de productos de calidad y a precios competitivos, desde SoyMigrante.com Mercado revisaremos peri\u00f3dicamente la oferta de los Vendedores que tengan una presencia importante en el mercado local y\/o sean titulares o licenciatarios de marcas reconocidas nacional y\/o internacionalmente .<\/p><p>Con el fin de\u00a0 resguardar la experiencia de los Compradores y el \u00e9xito del SoyMigrante.com Mercado en la democratizaci\u00f3n del comercio, si identificamos que est\u00e1n ofreciendo una experiencia de compra deficiente, una oferta de productos muy acotada y\/o precio que no son suficientemente competitivos en relaci\u00f3n a otros canales de venta comparables por tipo o categor\u00eda de producto (por ejemplo, sitios web propios, redes sociales, locales f\u00edsicos y otras plataformas en l\u00ednea), desde SoyMigrante.com Mercado podremos subsanar esa brecha de oferta y precio.\u00a0<\/p><p>En ese caso, podremos disponer un plazo para que los Vendedores puedan subsanar estas deficiencias en forma directa y, adem\u00e1s, ofrecer la posibilidad de convertirse en nuestros Proveedores para que nos ofrezcan directamente la m\u00e1s amplia oferta de productos que permitan su reventa al p\u00fablico a precios competitivos. Si el Vendedor no acepta esta posibilidad y su oferta contin\u00faa siendo deficiente, podr\u00edamos dar de baja su cuenta y\/o dejar sin efecto\u00a0 las funcionalidades que est\u00e1n destinadas a destacar exclusivamente a los vendedores que mejor experiencia de compra ofrecen a las Personas Usuarias<\/p><p>2. Comprar<\/p><p>El Comprador podr\u00e1 encontrar en la publicaci\u00f3n toda la informaci\u00f3n que el Vendedor proporcione en relaci\u00f3n al producto a ofertar.\u00a0<\/p><p>El Comprador se obliga a pagar el precio del producto y el costo de env\u00edo que est\u00e1 publicado. Todo esto ser\u00e1 indicado en el flujo de compra que comenzar\u00e1 con el clic en el bot\u00f3n\u00a0 \u201cComprar\u201d y finalizar\u00e1 con el aviso de confirmaci\u00f3n de la compra.\u00a0<\/p><p>Finalizada la operaci\u00f3n, el Comprador deber\u00e1 recibir el producto, teniendo la posibilidad de dejar su opini\u00f3n sobre el producto y\/o sobre el Vendedor. Conoce nuestras reglas para dejar opiniones.<\/p><p>Ante cualquier inconveniente, el Comprador podr\u00e1 iniciar un reclamo en el Sitio contra el Vendedor, dentro del plazo de 9 (nueve) d\u00edas h\u00e1biles posteriores a\u00a0 la compra. Cualquier inconveniente entre el Vendedor y el Comprador deber\u00e1n resolverlo entre ambas partes de conformidad con las leyes del pa\u00eds. SoyMigrante.com Mercado es ajeno a cualquier disputa legal entre las partes y su responsabilidad se limita a la devoluci\u00f3n del dinero, siendo ajeno a los da\u00f1os y perjuicios que pudieran darse entre el Vendedor y Comprador. Cualquier disputa ser\u00e1 resuelta ante los Tribunales de Arbitraje de la Rep\u00fablica de Guatemala.<\/p><p>3. Prohibiciones y Sanciones<\/p><p>Las Personas Usuarias no podr\u00e1n:\u00a0<\/p><p>a) Incumplir cualquier disposici\u00f3n de los T\u00e9rminos y Condiciones de SoyMigrante.com Mercado o de la normativa aplicable.<\/p><p>b) Mantener cualquier tipo de comunicaci\u00f3n por otro medio distinto al servicio de atenci\u00f3n al cliente que ofrece SoyMigrante.com Mercado (incluyendo mails, redes sociales, WhatsApp, etc.) ya sea durante la oferta del bien y hasta el vencimiento del plazo aplicable por Compra Protegida.<\/p><p>c) Usar su reputaci\u00f3n, calificaciones o comentarios recibidos en el sitio de SoyMigrante.com Mercado en cualquier \u00e1mbito fuera de SoyMigrante.com Mercado.<\/p><p>d) Cancelar un porcentaje de ventas mayor al permitido.\u00a0\u00a0<\/p><p>De detectarse alguna infracci\u00f3n, y sin perjuicio de las sanciones dispuestas en los T\u00e9rminos y Condiciones Generales, SoyMigrante.com Mercado podr\u00e1 suspender o finalizar las publicaciones en cuesti\u00f3n, suspender o inhabilitar a las Personas Usuarias.<\/p><p>4. Responsabilidad<\/p><p>SoyMigrante.com Mercado pone a disposici\u00f3n de las Personas Usuarias un espacio virtual que les permite ofrecer, vender y\/o comprar bienes.\u00a0<\/p><p>Los Vendedores utilizan SoyMigrante.com Mercado para publicar y definen las condiciones de su oferta.\u00a0<\/p><p>Por eso, ser\u00e1n responsables por la existencia, calidad, cantidad, regularidad, garant\u00eda, integridad y\/o legitimidad de los productos que ofrecen, y mantendr\u00e1n indemnes a SoyMigrante.com Mercado por cualquier acci\u00f3n administrativa o judicial que pudiera generarse con motivo de una oferta o venta.<\/p>\t\t\t\t\t\t\t\t<\/div>\n\t\t\t\t\t<\/div>\n\t\t\t\t<\/div>\n\t\t\t\t<\/div>\n\t\t","protected":false},"excerpt":{"rendered":"<p>T\u00e9rminos y condiciones del mercado (marketplace) \u00bfQu\u00e9 es el Mercado? Es la plataforma de comercio electr\u00f3nico de SoyMigrante.com donde las Personas Usuarias pueden vender y comprar productos usando distintas soluciones de pago y env\u00edo.\u00a0 Anexo Este anexo explica las reglas de uso del Marketplace para todas las Personas Usuarias, sean quienes vendan (en adelante, \u201cVendedores\u201d) [&hellip;]<\/p>\n","protected":false},"author":11,"featured_media":0,"parent":0,"menu_order":0,"comment_status":"closed","ping_status":"closed","template":"elementor_header_footer","meta":{"_acf_changed":false,"_eb_attr":"","footnotes":""},"class_list":["post-10118","page","type-page","status-publish","hentry"],"acf":[],"aioseo_notices":[],"aioseo_head":"\n\t\t<!-- All in One SEO Pro 4.9.6.2 - aioseo.com -->\n\t<meta name=\"description\" content=\"T\u00e9rminos y condiciones del mercado (marketplace) \u00bfQu\u00e9 es el Mercado? Es la plataforma de comercio electr\u00f3nico de SoyMigrante.com donde las Personas Usuarias pueden vender y comprar productos usando distintas soluciones de pago y env\u00edo. Anexo Este anexo explica las reglas de uso del Marketplace para todas las Personas Usuarias, sean quienes vendan (en adelante, \u201cVendedores\u201d)\" \/>\n\t<meta name=\"robots\" content=\"max-snippet:-1, max-image-preview:large, max-video-preview:-1\" \/>\n\t<link rel=\"canonical\" href=\"https:\/\/soymigrante.com\/revista\/terminos-y-condiciones-mercado\/\" \/>\n\t<meta name=\"generator\" content=\"All in One SEO Pro (AIOSEO) 4.9.6.2\" \/>\n\n\t\t<link rel=\"preconnect\" href=\"https:\/\/fonts.googleapis.com\" crossorigin>\n<link rel=\"preconnect\" href=\"https:\/\/fonts.gstatic.com\" crossorigin>\n\t\t<meta property=\"og:locale\" content=\"es_ES\" \/>\n\t\t<meta property=\"og:site_name\" content=\"SoyMigrante.com REVISTA \u2013 Nuestra misi\u00f3n es reconocer y dignificar al migrante.\" \/>\n\t\t<meta property=\"og:type\" content=\"article\" \/>\n\t\t<meta property=\"og:title\" content=\"T\u00e9rminos y condiciones del mercado (marketplace)\" \/>\n\t\t<meta property=\"og:description\" content=\"T\u00e9rminos y condiciones del mercado (marketplace) \u00bfQu\u00e9 es el Mercado? Es la plataforma de comercio electr\u00f3nico de SoyMigrante.com donde las Personas Usuarias pueden vender y comprar productos usando distintas soluciones de pago y env\u00edo. Anexo Este anexo explica las reglas de uso del Marketplace para todas las Personas Usuarias, sean quienes vendan (en adelante, \u201cVendedores\u201d)\" \/>\n\t\t<meta property=\"og:url\" content=\"https:\/\/soymigrante.com\/revista\/terminos-y-condiciones-mercado\/\" \/>\n\t\t<meta property=\"og:image\" content=\"https:\/\/soymigrante.com\/revista\/wp-content\/uploads\/2024\/11\/SoyMigrantecom-V-color-112x112-1.webp\" \/>\n\t\t<meta property=\"og:image:secure_url\" content=\"https:\/\/soymigrante.com\/revista\/wp-content\/uploads\/2024\/11\/SoyMigrantecom-V-color-112x112-1.webp\" \/>\n\t\t<meta property=\"article:published_time\" content=\"2024-10-07T18:50:48+00:00\" \/>\n\t\t<meta property=\"article:modified_time\" content=\"2024-11-05T06:12:16+00:00\" \/>\n\t\t<meta property=\"article:publisher\" content=\"https:\/\/www.facebook.com\/soymigrantecom\" \/>\n\t\t<meta name=\"twitter:card\" content=\"summary_large_image\" \/>\n\t\t<meta name=\"twitter:site\" content=\"@SoyMigrante_com\" \/>\n\t\t<meta name=\"twitter:title\" content=\"T\u00e9rminos y condiciones del mercado (marketplace)\" \/>\n\t\t<meta name=\"twitter:description\" content=\"T\u00e9rminos y condiciones del mercado (marketplace) \u00bfQu\u00e9 es el Mercado? Es la plataforma de comercio electr\u00f3nico de SoyMigrante.com donde las Personas Usuarias pueden vender y comprar productos usando distintas soluciones de pago y env\u00edo. Anexo Este anexo explica las reglas de uso del Marketplace para todas las Personas Usuarias, sean quienes vendan (en adelante, \u201cVendedores\u201d)\" \/>\n\t\t<meta name=\"twitter:creator\" content=\"@SoyMigrante_com\" \/>\n\t\t<meta name=\"twitter:image\" content=\"https:\/\/soymigrante.com\/revista\/wp-content\/uploads\/2024\/11\/SoyMigrantecom-V-color-112x112-1.webp\" \/>\n\t\t<!-- All in One SEO Pro -->\r\n\t\t<title>T\u00e9rminos y condiciones del mercado (marketplace)<\/title>\n\n","aioseo_head_json":{"title":"T\u00e9rminos y condiciones del mercado (marketplace)","description":"T\u00e9rminos y condiciones del mercado (marketplace) \u00bfQu\u00e9 es el Mercado? Es la plataforma de comercio electr\u00f3nico de SoyMigrante.com donde las Personas Usuarias pueden vender y comprar productos usando distintas soluciones de pago y env\u00edo. Anexo Este anexo explica las reglas de uso del Marketplace para todas las Personas Usuarias, sean quienes vendan (en adelante, \u201cVendedores\u201d)","canonical_url":"https:\/\/soymigrante.com\/revista\/terminos-y-condiciones-mercado\/","robots":"max-snippet:-1, max-image-preview:large, max-video-preview:-1","keywords":"","webmasterTools":{"miscellaneous":"&lt;link rel=\"preconnect\" href=\"https:\/\/fonts.googleapis.com\" crossorigin&gt;\n&lt;link rel=\"preconnect\" href=\"https:\/\/fonts.gstatic.com\" crossorigin&gt;"},"schema":null,"og:locale":"es_ES","og:site_name":"SoyMigrante.com REVISTA \u2013 Nuestra misi\u00f3n es reconocer y dignificar al migrante.","og:type":"article","og:title":"T\u00e9rminos y condiciones del mercado (marketplace)","og:description":"T\u00e9rminos y condiciones del mercado (marketplace) \u00bfQu\u00e9 es el Mercado? Es la plataforma de comercio electr\u00f3nico de SoyMigrante.com donde las Personas Usuarias pueden vender y comprar productos usando distintas soluciones de pago y env\u00edo. Anexo Este anexo explica las reglas de uso del Marketplace para todas las Personas Usuarias, sean quienes vendan (en adelante, \u201cVendedores\u201d)","og:url":"https:\/\/soymigrante.com\/revista\/terminos-y-condiciones-mercado\/","og:image":"https:\/\/soymigrante.com\/revista\/wp-content\/uploads\/2024\/11\/SoyMigrantecom-V-color-112x112-1.webp","og:image:secure_url":"https:\/\/soymigrante.com\/revista\/wp-content\/uploads\/2024\/11\/SoyMigrantecom-V-color-112x112-1.webp","article:published_time":"2024-10-07T18:50:48+00:00","article:modified_time":"2024-11-05T06:12:16+00:00","article:publisher":"https:\/\/www.facebook.com\/soymigrantecom","twitter:card":"summary_large_image","twitter:site":"@SoyMigrante_com","twitter:title":"T\u00e9rminos y condiciones del mercado (marketplace)","twitter:description":"T\u00e9rminos y condiciones del mercado (marketplace) \u00bfQu\u00e9 es el Mercado? Es la plataforma de comercio electr\u00f3nico de SoyMigrante.com donde las Personas Usuarias pueden vender y comprar productos usando distintas soluciones de pago y env\u00edo. Anexo Este anexo explica las reglas de uso del Marketplace para todas las Personas Usuarias, sean quienes vendan (en adelante, \u201cVendedores\u201d)","twitter:creator":"@SoyMigrante_com","twitter:image":"https:\/\/soymigrante.com\/revista\/wp-content\/uploads\/2024\/11\/SoyMigrantecom-V-color-112x112-1.webp"},"aioseo_meta_data":{"post_id":"10118","title":null,"description":null,"keywords":null,"keyphrases":{"focus":{"keyphrase":"T\u00e9rminos y condiciones de mercado","score":0,"analysis":[]}},"primary_term":null,"canonical_url":null,"og_title":null,"og_description":null,"og_object_type":"default","og_image_type":"default","og_image_url":null,"og_image_width":null,"og_image_height":null,"og_image_custom_url":null,"og_image_custom_fields":null,"og_video":"","og_custom_url":null,"og_article_section":null,"og_article_tags":null,"twitter_use_og":false,"twitter_card":"default","twitter_image_type":"default","twitter_image_url":null,"twitter_image_custom_url":null,"twitter_image_custom_fields":null,"twitter_title":null,"twitter_description":null,"schema":{"blockGraphs":[],"customGraphs":[],"default":{"data":{"Article":[],"Course":[],"Dataset":[],"FAQPage":[],"Movie":[],"Person":[],"Product":[],"ProductReview":[],"Car":[],"Recipe":[],"Service":[],"SoftwareApplication":[],"WebPage":[]},"graphName":"","isEnabled":true},"graphs":[]},"schema_type":"default","schema_type_options":null,"pillar_content":false,"robots_default":true,"robots_noindex":false,"robots_noarchive":false,"robots_nosnippet":false,"robots_nofollow":false,"robots_noimageindex":false,"robots_noodp":false,"robots_notranslate":false,"robots_max_snippet":"-1","robots_max_videopreview":"-1","robots_max_imagepreview":"large","priority":null,"frequency":"default","local_seo":null,"seo_analyzer_scan_date":null,"breadcrumb_settings":null,"limit_modified_date":false,"reviewed_by":null,"open_ai":null,"ai":null,"created":"2024-10-07 18:50:19","updated":"2026-02-04 03:43:19"},"aioseo_breadcrumb":"<div class=\"aioseo-breadcrumbs\"><span class=\"aioseo-breadcrumb\">\n\t<a href=\"https:\/\/soymigrante.com\/revista\" title=\"Home\">Home<\/a>\n<\/span><span class=\"aioseo-breadcrumb-separator\">\u00bb<\/span><span class=\"aioseo-breadcrumb\">\n\tT\u00e9rminos y condiciones del mercado (marketplace)\n<\/span><\/div>","aioseo_breadcrumb_json":[{"label":"Home","link":"https:\/\/soymigrante.com\/revista"},{"label":"T\u00e9rminos y condiciones del mercado (marketplace)","link":"https:\/\/soymigrante.com\/revista\/terminos-y-condiciones-mercado\/"}],"_links":{"self":[{"href":"https:\/\/soymigrante.com\/revista\/wp-json\/wp\/v2\/pages\/10118","targetHints":{"allow":["GET"]}}],"collection":[{"href":"https:\/\/soymigrante.com\/revista\/wp-json\/wp\/v2\/pages"}],"about":[{"href":"https:\/\/soymigrante.com\/revista\/wp-json\/wp\/v2\/types\/page"}],"author":[{"embeddable":true,"href":"https:\/\/soymigrante.com\/revista\/wp-json\/wp\/v2\/users\/11"}],"replies":[{"embeddable":true,"href":"https:\/\/soymigrante.com\/revista\/wp-json\/wp\/v2\/comments?post=10118"}],"version-history":[{"count":0,"href":"https:\/\/soymigrante.com\/revista\/wp-json\/wp\/v2\/pages\/10118\/revisions"}],"wp:attachment":[{"href":"https:\/\/soymigrante.com\/revista\/wp-json\/wp\/v2\/media?parent=10118"}],"curies":[{"name":"wp","href":"https:\/\/api.w.org\/{rel}","templated":true}]}}