{"id":10106,"date":"2024-10-07T12:11:01","date_gmt":"2024-10-07T18:11:01","guid":{"rendered":"https:\/\/soymigrante.com\/revista\/?page_id=10106"},"modified":"2025-10-28T11:10:47","modified_gmt":"2025-10-28T17:10:47","slug":"politica-de-privacidad-y-cookies","status":"publish","type":"page","link":"https:\/\/soymigrante.com\/revista\/politica-de-privacidad-y-cookies\/","title":{"rendered":"Pol\u00edtica de privacidad y Cookies"},"content":{"rendered":"\t\t<div data-elementor-type=\"wp-page\" data-elementor-id=\"10106\" class=\"elementor elementor-10106\" data-elementor-post-type=\"page\">\n\t\t\t\t<div data-particle_enable=\"false\" data-particle-mobile-disabled=\"false\" class=\"elementor-element elementor-element-50ba94b e-flex e-con-boxed e-con e-parent\" data-id=\"50ba94b\" data-element_type=\"container\" data-e-type=\"container\">\n\t\t\t\t\t<div class=\"e-con-inner\">\n\t\t\t\t<div class=\"elementor-element elementor-element-a705ff5 elementor-widget elementor-widget-image\" data-id=\"a705ff5\" data-element_type=\"widget\" data-e-type=\"widget\" data-widget_type=\"image.default\">\n\t\t\t\t\t\t\t\t\t\t\t\t\t\t\t\t<a href=\"https:\/\/soymigrante.com\/mercado\">\n\t\t\t\t\t\t\t<img decoding=\"async\" width=\"300\" height=\"61\" src=\"https:\/\/soymigrante.com\/revista\/wp-content\/uploads\/2024\/09\/Naranja_Logo_SoyMigrante-Mercado-300x61.webp\" class=\"attachment-medium size-medium wp-image-9686\" alt=\"Revista SoyMigrante.com: contenido sobre migraci\u00f3n, derechos, historias y desaf\u00edos de migrantes en su comunidad y en el mundo.\" srcset=\"https:\/\/soymigrante.com\/revista\/wp-content\/uploads\/2024\/09\/Naranja_Logo_SoyMigrante-Mercado-300x61.webp 300w, https:\/\/soymigrante.com\/revista\/wp-content\/uploads\/2024\/09\/Naranja_Logo_SoyMigrante-Mercado-1024x208.webp 1024w, https:\/\/soymigrante.com\/revista\/wp-content\/uploads\/2024\/09\/Naranja_Logo_SoyMigrante-Mercado-768x156.webp 768w, https:\/\/soymigrante.com\/revista\/wp-content\/uploads\/2024\/09\/Naranja_Logo_SoyMigrante-Mercado-1536x313.webp 1536w, https:\/\/soymigrante.com\/revista\/wp-content\/uploads\/2024\/09\/Naranja_Logo_SoyMigrante-Mercado-2048x417.png 2048w, https:\/\/soymigrante.com\/revista\/wp-content\/uploads\/2024\/09\/Naranja_Logo_SoyMigrante-Mercado-750x153.webp 750w, https:\/\/soymigrante.com\/revista\/wp-content\/uploads\/2024\/09\/Naranja_Logo_SoyMigrante-Mercado-1140x232.webp 1140w\" sizes=\"(max-width: 300px) 100vw, 300px\" title=\"SoyMigrante.com MERCADO \u2013 SoyMigrante.com REVISTA\" \/>\t\t\t\t\t\t\t\t<\/a>\n\t\t\t\t\t\t\t\t\t\t\t\t\t\t\t<\/div>\n\t\t\t\t<div class=\"elementor-element elementor-element-2149b56 elementor-widget elementor-widget-heading\" data-id=\"2149b56\" data-element_type=\"widget\" data-e-type=\"widget\" data-widget_type=\"heading.default\">\n\t\t\t\t\t<h2 class=\"elementor-heading-title elementor-size-default\">Pol\u00edtica de privacidad y Cookies<\/h2>\t\t\t\t<\/div>\n\t\t\t\t<div class=\"elementor-element elementor-element-9add1e1 elementor-widget elementor-widget-text-editor\" data-id=\"9add1e1\" data-element_type=\"widget\" data-e-type=\"widget\" data-widget_type=\"text-editor.default\">\n\t\t\t\t\t\t\t\t\t<h2 dir=\"ltr\" style=\"line-height: 1.44; margin-top: 12pt; margin-bottom: 12pt;\"><span style=\"background-color: transparent; font-variant-numeric: normal; font-variant-east-asian: normal; font-variant-alternates: normal; font-variant-position: normal; font-variant-emoji: normal; vertical-align: baseline;\"><span style=\"font-family: Arial, sans-serif;\"><span style=\"font-size: 14.6667px; white-space-collapse: preserve;\">Uso de datos de Facebook (Meta) <\/span><\/span><\/span><\/h2><p dir=\"ltr\" style=\"line-height: 1.44; margin-top: 12pt; margin-bottom: 12pt;\"><span style=\"background-color: transparent; font-variant-numeric: normal; font-variant-east-asian: normal; font-variant-alternates: normal; font-variant-position: normal; font-variant-emoji: normal; vertical-align: baseline;\"><span style=\"font-family: Arial, sans-serif;\"><span style=\"font-size: 14.6667px; white-space-collapse: preserve;\">Cuando un usuario elige registrarse o iniciar sesi\u00f3n en SoyMigrante.com a trav\u00e9s de su cuenta de Facebook (Meta), nuestra aplicaci\u00f3n accede \u00fanicamente a la informaci\u00f3n b\u00e1sica que el usuario autoriza compartir con nosotros: su nombre y direcci\u00f3n de correo electr\u00f3nico. Estos datos se utilizan exclusivamente para crear o autenticar su cuenta en SoyMigrante.com, con el fin de permitirle acceder a su perfil, realizar compras o administrar su tienda en el MERCADO. <\/span><\/span><\/span><\/p><p dir=\"ltr\" style=\"line-height: 1.44; margin-top: 12pt; margin-bottom: 12pt;\"><span style=\"background-color: transparent; font-variant-numeric: normal; font-variant-east-asian: normal; font-variant-alternates: normal; font-variant-position: normal; font-variant-emoji: normal; vertical-align: baseline;\"><span style=\"font-family: Arial, sans-serif;\"><span style=\"font-size: 14.6667px; white-space-collapse: preserve;\">No utilizamos esta informaci\u00f3n para ning\u00fan otro fin, como publicidad, an\u00e1lisis de comportamiento o env\u00edo de mensajes fuera de la plataforma, salvo que el usuario otorgue su consentimiento expl\u00edcito. No compartimos estos datos con terceros, y el usuario puede solicitar en cualquier momento la eliminaci\u00f3n de su informaci\u00f3n siguiendo las instrucciones detalladas en esta misma pol\u00edtica en la secci\u00f3n \u201cInstrucciones de eliminaci\u00f3n de datos\u201d. <\/span><\/span><\/span><\/p><p dir=\"ltr\" style=\"line-height: 1.44; margin-top: 12pt; margin-bottom: 12pt;\"><span style=\"background-color: transparent; font-variant-numeric: normal; font-variant-east-asian: normal; font-variant-alternates: normal; font-variant-position: normal; font-variant-emoji: normal; vertical-align: baseline;\"><span style=\"font-family: Arial, sans-serif;\"><span style=\"font-size: 14.6667px; white-space-collapse: preserve;\">En caso de eliminar su cuenta, tambi\u00e9n se eliminar\u00e1n los datos obtenidos a trav\u00e9s del inicio de sesi\u00f3n con Facebook.<\/span><\/span><\/span><\/p><h2 dir=\"ltr\" style=\"line-height: 1.44; margin-top: 12pt; margin-bottom: 12pt;\"><span style=\"font-size: 11pt; font-family: Arial,sans-serif; color: #000000; background-color: transparent; font-weight: bold; font-style: normal; font-variant: normal; text-decoration: none; vertical-align: baseline; white-space: pre-wrap;\">Instrucciones de eliminaci\u00f3n de datos<\/span><\/h2><p dir=\"ltr\" style=\"line-height: 1.44; margin-top: 12pt; margin-bottom: 12pt;\"><span style=\"font-size: 11pt; font-family: Arial,sans-serif; color: #000000; background-color: transparent; font-weight: bold; font-style: normal; font-variant: normal; text-decoration: none; vertical-align: baseline; white-space: pre-wrap;\">Elimina tus datos<\/span><\/p><p dir=\"ltr\" style=\"line-height: 1.44; margin-top: 12pt; margin-bottom: 12pt;\"><span style=\"font-size: 11pt; font-family: Arial,sans-serif; color: #000000; background-color: transparent; font-weight: 400; font-style: normal; font-variant: normal; text-decoration: none; vertical-align: baseline; white-space: pre-wrap;\">Entendemos que su privacidad es importante y queremos asegurarnos de que tenga control sobre sus datos. Si desea eliminar sus datos de nuestra aplicaci\u00f3n, siga los pasos a continuaci\u00f3n.<\/span><\/p><p dir=\"ltr\" style=\"line-height: 1.44; margin-top: 12pt; margin-bottom: 12pt;\"><span style=\"font-size: 11pt; font-family: Arial,sans-serif; color: #000000; background-color: transparent; font-weight: bold; font-style: normal; font-variant: normal; text-decoration: none; vertical-align: baseline; white-space: pre-wrap;\">Paso 1: Iniciar sesi\u00f3n<\/span><\/p><p dir=\"ltr\" style=\"line-height: 1.44; margin-top: 12pt; margin-bottom: 12pt;\"><span style=\"font-size: 11pt; font-family: Arial,sans-serif; color: #000000; background-color: transparent; font-weight: 400; font-style: normal; font-variant: normal; text-decoration: none; vertical-align: baseline; white-space: pre-wrap;\">Aseg\u00farese de haber iniciado sesi\u00f3n en su cuenta en <\/span><span style=\"font-size: 11pt; font-family: Arial,sans-serif; color: #0000ff; background-color: transparent; font-weight: bold; font-style: normal; font-variant: normal; text-decoration: none; vertical-align: baseline; white-space: pre-wrap;\">SOYMIGRANTE.COM<\/span><\/p><p dir=\"ltr\" style=\"line-height: 1.44; margin-top: 12pt; margin-bottom: 12pt;\"><span style=\"font-size: 11pt; font-family: Arial,sans-serif; color: #000000; background-color: transparent; font-weight: bold; font-style: normal; font-variant: normal; text-decoration: none; vertical-align: baseline; white-space: pre-wrap;\">Paso 2: acceda a la configuraci\u00f3n de la cuenta<\/span><\/p><p dir=\"ltr\" style=\"line-height: 1.44; margin-top: 12pt; margin-bottom: 12pt;\"><span style=\"font-size: 11pt; font-family: Arial,sans-serif; color: #000000; background-color: transparent; font-weight: 400; font-style: normal; font-variant: normal; text-decoration: none; vertical-align: baseline; white-space: pre-wrap;\">Navegue a la p\u00e1gina de configuraci\u00f3n de la cuenta. Normalmente puedes encontrar esta opci\u00f3n en la esquina superior derecha de la pantalla o en el men\u00fa principal.<\/span><\/p><p dir=\"ltr\" style=\"line-height: 1.44; margin-top: 12pt; margin-bottom: 12pt;\"><span style=\"font-size: 11pt; font-family: Arial,sans-serif; color: #000000; background-color: transparent; font-weight: bold; font-style: normal; font-variant: normal; text-decoration: none; vertical-align: baseline; white-space: pre-wrap;\">Paso 3: localizar la opci\u00f3n de eliminaci\u00f3n de datos<\/span><\/p><p dir=\"ltr\" style=\"line-height: 1.44; margin-top: 12pt; margin-bottom: 12pt;\"><span style=\"font-size: 11pt; font-family: Arial,sans-serif; color: #000000; background-color: transparent; font-weight: 400; font-style: normal; font-variant: normal; text-decoration: none; vertical-align: baseline; white-space: pre-wrap;\">Busque la opci\u00f3n &#8220;Eliminar datos&#8221; o &#8220;Eliminar mis datos&#8221;. Esto podr\u00eda estar en una secci\u00f3n de privacidad o seguridad.<\/span><\/p><p dir=\"ltr\" style=\"line-height: 1.44; margin-top: 12pt; margin-bottom: 12pt;\"><span style=\"font-size: 11pt; font-family: Arial,sans-serif; color: #000000; background-color: transparent; font-weight: bold; font-style: normal; font-variant: normal; text-decoration: none; vertical-align: baseline; white-space: pre-wrap;\">Paso 4: confirmar la eliminaci\u00f3n<\/span><\/p><p dir=\"ltr\" style=\"line-height: 1.44; margin-top: 12pt; margin-bottom: 12pt;\"><span style=\"font-size: 11pt; font-family: Arial,sans-serif; color: #000000; background-color: transparent; font-weight: 400; font-style: normal; font-variant: normal; text-decoration: none; vertical-align: baseline; white-space: pre-wrap;\">Siga las instrucciones en pantalla para confirmar su decisi\u00f3n de eliminar sus datos. Es posible que se le solicite que proporcione informaci\u00f3n adicional para fines de verificaci\u00f3n.<\/span><\/p><p dir=\"ltr\" style=\"line-height: 1.44; margin-top: 12pt; margin-bottom: 12pt;\"><span style=\"font-size: 11pt; font-family: Arial,sans-serif; color: #000000; background-color: transparent; font-weight: bold; font-style: normal; font-variant: normal; text-decoration: none; vertical-align: baseline; white-space: pre-wrap;\">Paso 5: Confirmaci\u00f3n final<\/span><\/p><p dir=\"ltr\" style=\"line-height: 1.44; margin-top: 12pt; margin-bottom: 12pt;\"><span style=\"font-size: 11pt; font-family: Arial,sans-serif; color: #000000; background-color: transparent; font-weight: 400; font-style: normal; font-variant: normal; text-decoration: none; vertical-align: baseline; white-space: pre-wrap;\">Despu\u00e9s de confirmar, recibir\u00e1 un mensaje de confirmaci\u00f3n final. Este mensaje normalmente le informar\u00e1 sobre las consecuencias de la eliminaci\u00f3n de datos, como la naturaleza irreversible del proceso.<\/span><\/p><p dir=\"ltr\" style=\"line-height: 1.44; margin-top: 12pt; margin-bottom: 12pt;\"><span style=\"font-size: 11pt; font-family: Arial,sans-serif; color: #000000; background-color: transparent; font-weight: bold; font-style: normal; font-variant: normal; text-decoration: none; vertical-align: baseline; white-space: pre-wrap;\">Paso 6: revisa tu correo electr\u00f3nico<\/span><\/p><p dir=\"ltr\" style=\"line-height: 1.44; margin-top: 12pt; margin-bottom: 12pt;\"><span style=\"font-size: 11pt; font-family: Arial,sans-serif; color: #000000; background-color: transparent; font-weight: 400; font-style: normal; font-variant: normal; text-decoration: none; vertical-align: baseline; white-space: pre-wrap;\">Por motivos de seguridad, se enviar\u00e1 un correo electr\u00f3nico de confirmaci\u00f3n a la direcci\u00f3n de correo electr\u00f3nico asociada a su cuenta. Abra el correo electr\u00f3nico y haga clic en el enlace de confirmaci\u00f3n proporcionado.<\/span><\/p><p dir=\"ltr\" style=\"line-height: 1.44; margin-top: 12pt; margin-bottom: 12pt;\"><span style=\"font-size: 11pt; font-family: Arial,sans-serif; color: #000000; background-color: transparent; font-weight: bold; font-style: normal; font-variant: normal; text-decoration: none; vertical-align: baseline; white-space: pre-wrap;\">Paso 7: Eliminaci\u00f3n de datos completa<\/span><\/p><p dir=\"ltr\" style=\"line-height: 1.44; margin-top: 12pt; margin-bottom: 12pt;\"><span style=\"font-size: 11pt; font-family: Arial,sans-serif; color: #000000; background-color: transparent; font-weight: 400; font-style: normal; font-variant: normal; text-decoration: none; vertical-align: baseline; white-space: pre-wrap;\">Una vez que haya completado todos los pasos y confirmado por correo electr\u00f3nico, sus datos ser\u00e1n eliminados de nuestro sistema. Tenga en cuenta que este proceso es irreversible y no podr\u00e1 recuperar sus datos una vez que se eliminen.<\/span><\/p>\t\t\t\t\t\t\t\t<\/div>\n\t\t\t\t\t<\/div>\n\t\t\t\t<\/div>\n\t\t\t\t<\/div>\n\t\t","protected":false},"excerpt":{"rendered":"<p>Pol\u00edtica de privacidad y Cookies Uso de datos de Facebook (Meta) Cuando un usuario elige registrarse o iniciar sesi\u00f3n en SoyMigrante.com a trav\u00e9s de su cuenta de Facebook (Meta), nuestra aplicaci\u00f3n accede \u00fanicamente a la informaci\u00f3n b\u00e1sica que el usuario autoriza compartir con nosotros: su nombre y direcci\u00f3n de correo electr\u00f3nico. Estos datos se utilizan [&hellip;]<\/p>\n","protected":false},"author":11,"featured_media":0,"parent":0,"menu_order":0,"comment_status":"closed","ping_status":"closed","template":"elementor_header_footer","meta":{"_acf_changed":false,"_eb_attr":"","footnotes":""},"class_list":["post-10106","page","type-page","status-publish","hentry"],"acf":[],"aioseo_notices":[],"aioseo_head":"\n\t\t<!-- All in One SEO Pro 4.9.6.2 - aioseo.com -->\n\t<meta name=\"description\" content=\"Pol\u00edtica de privacidad y Cookies Uso de datos de Facebook (Meta) Cuando un usuario elige registrarse o iniciar sesi\u00f3n en SoyMigrante.com a trav\u00e9s de su cuenta de Facebook (Meta), nuestra aplicaci\u00f3n accede \u00fanicamente a la informaci\u00f3n b\u00e1sica que el usuario autoriza compartir con nosotros: su nombre y direcci\u00f3n de correo electr\u00f3nico. Estos datos se utilizan\" \/>\n\t<meta name=\"robots\" content=\"max-snippet:-1, max-image-preview:large, max-video-preview:-1\" \/>\n\t<link rel=\"canonical\" href=\"https:\/\/soymigrante.com\/revista\/politica-de-privacidad-y-cookies\/\" \/>\n\t<meta name=\"generator\" content=\"All in One SEO Pro (AIOSEO) 4.9.6.2\" \/>\n\n\t\t<link rel=\"preconnect\" href=\"https:\/\/fonts.googleapis.com\" crossorigin>\n<link rel=\"preconnect\" href=\"https:\/\/fonts.gstatic.com\" crossorigin>\n\t\t<meta property=\"og:locale\" content=\"es_ES\" \/>\n\t\t<meta property=\"og:site_name\" content=\"SoyMigrante.com REVISTA \u2013 Nuestra misi\u00f3n es reconocer y dignificar al migrante.\" \/>\n\t\t<meta property=\"og:type\" content=\"article\" \/>\n\t\t<meta property=\"og:title\" content=\"Pol\u00edtica de privacidad y Cookies\" \/>\n\t\t<meta property=\"og:description\" content=\"Pol\u00edtica de privacidad y Cookies Uso de datos de Facebook (Meta) Cuando un usuario elige registrarse o iniciar sesi\u00f3n en SoyMigrante.com a trav\u00e9s de su cuenta de Facebook (Meta), nuestra aplicaci\u00f3n accede \u00fanicamente a la informaci\u00f3n b\u00e1sica que el usuario autoriza compartir con nosotros: su nombre y direcci\u00f3n de correo electr\u00f3nico. Estos datos se utilizan\" \/>\n\t\t<meta property=\"og:url\" content=\"https:\/\/soymigrante.com\/revista\/politica-de-privacidad-y-cookies\/\" \/>\n\t\t<meta property=\"og:image\" content=\"https:\/\/soymigrante.com\/revista\/wp-content\/uploads\/2024\/11\/SoyMigrantecom-V-color-112x112-1.webp\" \/>\n\t\t<meta property=\"og:image:secure_url\" content=\"https:\/\/soymigrante.com\/revista\/wp-content\/uploads\/2024\/11\/SoyMigrantecom-V-color-112x112-1.webp\" \/>\n\t\t<meta property=\"article:published_time\" content=\"2024-10-07T18:11:01+00:00\" \/>\n\t\t<meta property=\"article:modified_time\" content=\"2025-10-28T17:10:47+00:00\" \/>\n\t\t<meta property=\"article:publisher\" content=\"https:\/\/www.facebook.com\/soymigrantecom\" \/>\n\t\t<meta name=\"twitter:card\" content=\"summary_large_image\" \/>\n\t\t<meta name=\"twitter:site\" content=\"@SoyMigrante_com\" \/>\n\t\t<meta name=\"twitter:title\" content=\"Pol\u00edtica de privacidad y Cookies\" \/>\n\t\t<meta name=\"twitter:description\" content=\"Pol\u00edtica de privacidad y Cookies Uso de datos de Facebook (Meta) Cuando un usuario elige registrarse o iniciar sesi\u00f3n en SoyMigrante.com a trav\u00e9s de su cuenta de Facebook (Meta), nuestra aplicaci\u00f3n accede \u00fanicamente a la informaci\u00f3n b\u00e1sica que el usuario autoriza compartir con nosotros: su nombre y direcci\u00f3n de correo electr\u00f3nico. Estos datos se utilizan\" \/>\n\t\t<meta name=\"twitter:creator\" content=\"@SoyMigrante_com\" \/>\n\t\t<meta name=\"twitter:image\" content=\"https:\/\/soymigrante.com\/revista\/wp-content\/uploads\/2024\/11\/SoyMigrantecom-V-color-112x112-1.webp\" \/>\n\t\t<!-- All in One SEO Pro -->\r\n\t\t<title>Pol\u00edtica de privacidad y Cookies<\/title>\n\n","aioseo_head_json":{"title":"Pol\u00edtica de privacidad y Cookies","description":"Pol\u00edtica de privacidad y Cookies Uso de datos de Facebook (Meta) Cuando un usuario elige registrarse o iniciar sesi\u00f3n en SoyMigrante.com a trav\u00e9s de su cuenta de Facebook (Meta), nuestra aplicaci\u00f3n accede \u00fanicamente a la informaci\u00f3n b\u00e1sica que el usuario autoriza compartir con nosotros: su nombre y direcci\u00f3n de correo electr\u00f3nico. Estos datos se utilizan","canonical_url":"https:\/\/soymigrante.com\/revista\/politica-de-privacidad-y-cookies\/","robots":"max-snippet:-1, max-image-preview:large, max-video-preview:-1","keywords":"","webmasterTools":{"miscellaneous":"&lt;link rel=\"preconnect\" href=\"https:\/\/fonts.googleapis.com\" crossorigin&gt;\n&lt;link rel=\"preconnect\" href=\"https:\/\/fonts.gstatic.com\" crossorigin&gt;"},"schema":null,"og:locale":"es_ES","og:site_name":"SoyMigrante.com REVISTA \u2013 Nuestra misi\u00f3n es reconocer y dignificar al migrante.","og:type":"article","og:title":"Pol\u00edtica de privacidad y Cookies","og:description":"Pol\u00edtica de privacidad y Cookies Uso de datos de Facebook (Meta) Cuando un usuario elige registrarse o iniciar sesi\u00f3n en SoyMigrante.com a trav\u00e9s de su cuenta de Facebook (Meta), nuestra aplicaci\u00f3n accede \u00fanicamente a la informaci\u00f3n b\u00e1sica que el usuario autoriza compartir con nosotros: su nombre y direcci\u00f3n de correo electr\u00f3nico. Estos datos se utilizan","og:url":"https:\/\/soymigrante.com\/revista\/politica-de-privacidad-y-cookies\/","og:image":"https:\/\/soymigrante.com\/revista\/wp-content\/uploads\/2024\/11\/SoyMigrantecom-V-color-112x112-1.webp","og:image:secure_url":"https:\/\/soymigrante.com\/revista\/wp-content\/uploads\/2024\/11\/SoyMigrantecom-V-color-112x112-1.webp","article:published_time":"2024-10-07T18:11:01+00:00","article:modified_time":"2025-10-28T17:10:47+00:00","article:publisher":"https:\/\/www.facebook.com\/soymigrantecom","twitter:card":"summary_large_image","twitter:site":"@SoyMigrante_com","twitter:title":"Pol\u00edtica de privacidad y Cookies","twitter:description":"Pol\u00edtica de privacidad y Cookies Uso de datos de Facebook (Meta) Cuando un usuario elige registrarse o iniciar sesi\u00f3n en SoyMigrante.com a trav\u00e9s de su cuenta de Facebook (Meta), nuestra aplicaci\u00f3n accede \u00fanicamente a la informaci\u00f3n b\u00e1sica que el usuario autoriza compartir con nosotros: su nombre y direcci\u00f3n de correo electr\u00f3nico. Estos datos se utilizan","twitter:creator":"@SoyMigrante_com","twitter:image":"https:\/\/soymigrante.com\/revista\/wp-content\/uploads\/2024\/11\/SoyMigrantecom-V-color-112x112-1.webp"},"aioseo_meta_data":{"post_id":"10106","title":null,"description":null,"keywords":null,"keyphrases":{"focus":{"keyphrase":"privacidad cookies","score":0,"analysis":[]}},"primary_term":null,"canonical_url":null,"og_title":null,"og_description":null,"og_object_type":"default","og_image_type":"default","og_image_url":null,"og_image_width":null,"og_image_height":null,"og_image_custom_url":null,"og_image_custom_fields":null,"og_video":"","og_custom_url":null,"og_article_section":null,"og_article_tags":null,"twitter_use_og":false,"twitter_card":"default","twitter_image_type":"default","twitter_image_url":null,"twitter_image_custom_url":null,"twitter_image_custom_fields":null,"twitter_title":null,"twitter_description":null,"schema":{"blockGraphs":[],"customGraphs":[],"default":{"data":{"Article":[],"Course":[],"Dataset":[],"FAQPage":[],"Movie":[],"Person":[],"Product":[],"ProductReview":[],"Car":[],"Recipe":[],"Service":[],"SoftwareApplication":[],"WebPage":[]},"graphName":"","isEnabled":true},"graphs":[]},"schema_type":"default","schema_type_options":null,"pillar_content":false,"robots_default":true,"robots_noindex":false,"robots_noarchive":false,"robots_nosnippet":false,"robots_nofollow":false,"robots_noimageindex":false,"robots_noodp":false,"robots_notranslate":false,"robots_max_snippet":"-1","robots_max_videopreview":"-1","robots_max_imagepreview":"large","priority":null,"frequency":"default","local_seo":null,"seo_analyzer_scan_date":null,"breadcrumb_settings":null,"limit_modified_date":false,"reviewed_by":null,"open_ai":null,"ai":null,"created":"2024-10-07 18:10:41","updated":"2026-02-04 03:17:47"},"aioseo_breadcrumb":"<div class=\"aioseo-breadcrumbs\"><span class=\"aioseo-breadcrumb\">\n\t<a href=\"https:\/\/soymigrante.com\/revista\" title=\"Home\">Home<\/a>\n<\/span><span class=\"aioseo-breadcrumb-separator\">\u00bb<\/span><span class=\"aioseo-breadcrumb\">\n\tPol\u00edtica de privacidad y Cookies\n<\/span><\/div>","aioseo_breadcrumb_json":[{"label":"Home","link":"https:\/\/soymigrante.com\/revista"},{"label":"Pol\u00edtica de privacidad y Cookies","link":"https:\/\/soymigrante.com\/revista\/politica-de-privacidad-y-cookies\/"}],"_links":{"self":[{"href":"https:\/\/soymigrante.com\/revista\/wp-json\/wp\/v2\/pages\/10106","targetHints":{"allow":["GET"]}}],"collection":[{"href":"https:\/\/soymigrante.com\/revista\/wp-json\/wp\/v2\/pages"}],"about":[{"href":"https:\/\/soymigrante.com\/revista\/wp-json\/wp\/v2\/types\/page"}],"author":[{"embeddable":true,"href":"https:\/\/soymigrante.com\/revista\/wp-json\/wp\/v2\/users\/11"}],"replies":[{"embeddable":true,"href":"https:\/\/soymigrante.com\/revista\/wp-json\/wp\/v2\/comments?post=10106"}],"version-history":[{"count":3,"href":"https:\/\/soymigrante.com\/revista\/wp-json\/wp\/v2\/pages\/10106\/revisions"}],"predecessor-version":[{"id":47825,"href":"https:\/\/soymigrante.com\/revista\/wp-json\/wp\/v2\/pages\/10106\/revisions\/47825"}],"wp:attachment":[{"href":"https:\/\/soymigrante.com\/revista\/wp-json\/wp\/v2\/media?parent=10106"}],"curies":[{"name":"wp","href":"https:\/\/api.w.org\/{rel}","templated":true}]}}