{"id":10104,"date":"2024-10-07T12:07:51","date_gmt":"2024-10-07T18:07:51","guid":{"rendered":"https:\/\/soymigrante.com\/revista\/?page_id=10104"},"modified":"2025-01-10T15:09:51","modified_gmt":"2025-01-10T21:09:51","slug":"preguntas-y-respuestas","status":"publish","type":"page","link":"https:\/\/soymigrante.com\/revista\/preguntas-y-respuestas\/","title":{"rendered":"Preguntas y respuestas de MERCADO @ SoyMigrante.com"},"content":{"rendered":"\t\t<div data-elementor-type=\"wp-page\" data-elementor-id=\"10104\" class=\"elementor elementor-10104\" data-elementor-post-type=\"page\">\n\t\t\t\t<div data-particle_enable=\"false\" data-particle-mobile-disabled=\"false\" class=\"elementor-element elementor-element-50ba94b e-flex e-con-boxed e-con e-parent\" data-id=\"50ba94b\" data-element_type=\"container\" data-e-type=\"container\">\n\t\t\t\t\t<div class=\"e-con-inner\">\n\t\t\t\t<div class=\"elementor-element elementor-element-a705ff5 elementor-widget elementor-widget-image\" data-id=\"a705ff5\" data-element_type=\"widget\" data-e-type=\"widget\" data-widget_type=\"image.default\">\n\t\t\t\t\t\t\t\t\t\t\t\t\t\t\t\t<a href=\"https:\/\/soymigrante.com\/mercado\">\n\t\t\t\t\t\t\t<img decoding=\"async\" width=\"300\" height=\"61\" src=\"https:\/\/soymigrante.com\/revista\/wp-content\/uploads\/2024\/09\/Naranja_Logo_SoyMigrante-Mercado-300x61.webp\" class=\"attachment-medium size-medium wp-image-9686\" alt=\"Revista SoyMigrante.com: contenido sobre migraci\u00f3n, derechos, historias y desaf\u00edos de migrantes en su comunidad y en el mundo.\" srcset=\"https:\/\/soymigrante.com\/revista\/wp-content\/uploads\/2024\/09\/Naranja_Logo_SoyMigrante-Mercado-300x61.webp 300w, https:\/\/soymigrante.com\/revista\/wp-content\/uploads\/2024\/09\/Naranja_Logo_SoyMigrante-Mercado-1024x208.webp 1024w, https:\/\/soymigrante.com\/revista\/wp-content\/uploads\/2024\/09\/Naranja_Logo_SoyMigrante-Mercado-768x156.webp 768w, https:\/\/soymigrante.com\/revista\/wp-content\/uploads\/2024\/09\/Naranja_Logo_SoyMigrante-Mercado-1536x313.webp 1536w, https:\/\/soymigrante.com\/revista\/wp-content\/uploads\/2024\/09\/Naranja_Logo_SoyMigrante-Mercado-2048x417.png 2048w, https:\/\/soymigrante.com\/revista\/wp-content\/uploads\/2024\/09\/Naranja_Logo_SoyMigrante-Mercado-750x153.webp 750w, https:\/\/soymigrante.com\/revista\/wp-content\/uploads\/2024\/09\/Naranja_Logo_SoyMigrante-Mercado-1140x232.webp 1140w\" sizes=\"(max-width: 300px) 100vw, 300px\" title=\"SoyMigrante.com MERCADO \u2013 SoyMigrante.com REVISTA\" \/>\t\t\t\t\t\t\t\t<\/a>\n\t\t\t\t\t\t\t\t\t\t\t\t\t\t\t<\/div>\n\t\t\t\t<div class=\"elementor-element elementor-element-2149b56 elementor-widget elementor-widget-heading\" data-id=\"2149b56\" data-element_type=\"widget\" data-e-type=\"widget\" data-widget_type=\"heading.default\">\n\t\t\t\t\t<h2 class=\"elementor-heading-title elementor-size-default\">Preguntas frecuentes de MERCADO<\/h2>\t\t\t\t<\/div>\n\t\t\t\t<div class=\"elementor-element elementor-element-9add1e1 elementor-widget elementor-widget-text-editor\" data-id=\"9add1e1\" data-element_type=\"widget\" data-e-type=\"widget\" data-widget_type=\"text-editor.default\">\n\t\t\t\t\t\t\t\t\t<ol><li><pre><b>\u00bfEl vendedor cubrir\u00e1 alg\u00fan cargo por el env\u00edo del producto?<\/b><\/pre><ul><li><pre>No.\u00a0 El comprador es quien pagar\u00e1 el costo del env\u00edo.<\/pre><\/li><li><pre>Con la excepci\u00f3n si el comprador elige pago contraentrega, Cargo Expreso recibir\u00e1 el pago cuando realice la entrega y cobrar\u00e1 una comisi\u00f3n de 4% sobre el monto cobrado.<\/pre><\/li><\/ul><\/li><li><pre><b>\u00bfDe d\u00f3nde saldr\u00e1 el env\u00edo de producto?<\/b><\/pre><ul><li><pre>SoyMigrante.com <b>MERCADO <\/b>no cuenta con bodega centralizada.\u00a0 Todos los pedidos deben ser preparados y enviados en\u00a0 la bodega o local del vendedor.\u00a0 Cargo Expreso realizar\u00e1 la recolecci\u00f3n de producto en la direcci\u00f3n que el vendedor haya colocado en el momento que registr\u00f3 su tienda.<\/pre><\/li><\/ul><\/li><li><pre><strong>\u00bfEntiendo que las ventas son netamente locales (solo en Guatemala), es correcto.<\/strong><\/pre><ul><li><pre>CORRECTO<\/pre><\/li><\/ul><\/li><li><pre><strong>\u00bfSe puede elegir dos formas de pago o solamente una?<\/strong> <b>\u00a0<\/b><\/pre><ul><li><pre>SOLAMENTE UNA ELIGE EL CLIENTE<\/pre><\/li><\/ul><\/li><li><pre><strong>\u00a1El comprobante de entrega del producto que menciona, ustedes tienen alg\u00fan formato en espec\u00edfico o nosotros creamos uno?<\/strong><\/pre><ul><li><pre>SI LO ENTREGAN EN TIENDA USTEDES PUEDES CREARLO, O PUEDE SER LA GUIA QUE ENTREGA CARGO EXPRESO<\/pre><\/li><\/ul><\/li><li><pre><strong>\u00bfEl producto nosotros entregamos directamente al cliente final o es por medio de ustedes? al igual que la factura ?<\/strong><\/pre><ul><li><pre>EL PRODUCTO LLEGA CARGO EXPRESO A RECOGERLO A LA DIRECCI\u00d3N QUE NOS PROPORCIONEN Y USTEDES ADJUNTAN LA FACTURA O BIEN SE LAS ENV\u00cdAN DIGITAL AL CLIENTE,, NOSOTROS LES ENVIAMOS LAS GUIA PARA QUE LA IMPRIMAN<\/pre><\/li><\/ul><\/li><li><pre><strong>\u00a0\u00bfLa comisi\u00f3n va a tener FACTURA\u00a0 DE LA SAT.<\/strong><\/pre><ul><li><pre>Si, SoyMigrante.com le enviar\u00e1 una factura al vendedor por la comisi\u00f3n de la venta que se cobre.<\/pre><\/li><\/ul><\/li><li><pre><strong>\u00bfcuando es personalizado el producto que precio tendr\u00eda, hay opciones de rango de precio?<\/strong><\/pre><ul><li><pre>No hay opci\u00f3n de rangos de precio. El precio debe ser una cifra y esto lo establece el emprendedor\/vendedor.<\/pre><\/li><li><pre>OPCI\u00d3N DE PROMOCI\u00d3N DE VENTA: Sin embargo, al momento de subir el producto, el vendedor puede poner En Oferta su producto. Es decir, si su producto cuesta Q100, y quiere por un tiempo limitado (que el vendedor quiera) puede poner su producto en oferta en Q90.00. Estos productos tendr\u00e1n otra exposici\u00f3n por medio de MERCADO, donde el consumidor pueda ver los productos que est\u00e1n en oferta.<\/pre><\/li><\/ul><\/li><li><pre><strong>\u00bfpor ser arte no tienen disponibilidad de producto stock, lleva varios d\u00edas en trabajarlo?<\/strong><\/pre><ul><li><pre>Deben ofrecer productos que tengan disponibles para la venta. En caso el producto sea \u00fanico y lo vendan por otro medio, deber\u00e1n actualizar el inventario a 0 para que ya no aparezca disponible a los clientes.<\/pre><\/li><\/ul><\/li><li><pre><strong>\u00bfCargo Expreso tiene cadena en fr\u00edo?<\/strong><\/pre><ul><li><pre>Por el momento el servicio que nos brindan, no tiene cadena en fr\u00edo.<\/pre><\/li><\/ul><\/li><li><pre><strong>Pueden comprar de USA y que se entregue el producto aqu\u00ed en Guatemala ?<\/strong><\/pre><ul><li><pre>Si, los consumidores pueden comprar en el sitio SoyMigrante.com MERCADO desde USA y la entrega del producto sea en Guatemala. Para las compras de consumidores en USA tenemos habilitado la forma de pago con tarjeta de cr\u00e9dito, Paypal, transferencia bancaria.<\/pre><\/li><\/ul><\/li><li><pre><strong>\u00bfHay penalizaci\u00f3n por salir de la p\u00e1gina si ya no quiere estar?<\/strong><\/pre><ul><li><pre>No hay penalizaci\u00f3n por cerrar su tienda si desea no estar en el sitio SoyMigrante.com MERCADO.<\/pre><\/li><li><pre>Pero recuerde que tener una tienda en SoyMigrante.com MERCADO no tiene costo. El costo es \u00fanicamente si se concreta una venta.<\/pre><\/li><\/ul><\/li><li><pre><strong>\u00bfEs requisito tener NIT para abrir la tienda virtual?<\/strong><\/pre><ul><li><pre>En esta fase si necesitamos que tenga NIT para poder abrir la tienda de su emprendimiento.<\/pre><\/li><\/ul><\/li><li><pre><strong>\u00bfLos familiares que viven en Estados Unidos podr\u00e1n hacer las compras, y que se env\u00eden a sus familiares aqu\u00ed en Guatemala?<\/strong><\/pre><ul><li><pre>Si lo pueden realizar. Las personas pueden comprar en el sitio SoyMigrante.com MERCADO desde USA, y que la entrega del producto sea en Guatemala. Para las compras de personas en USA tenemos habilitado la forma de pago con tarjeta de cr\u00e9dito, Paypal, transferencia bancaria.<\/pre><\/li><\/ul><\/li><li><pre><strong>\u00bfC\u00f3mo se genera la constancia de env\u00edo? \u00bfC\u00faal es el comprobante de entrega que deber\u00e1 subir a la plataforma de SoyMigrante.com?<\/strong><\/pre><ul><li><pre><span style=\"font-weight: 400;\">Si el env\u00edo se realiz\u00f3 por Cargo Expreso, el comprobante es la gu\u00eda impresa firmada por la persona de Cargo Expreso que recolect\u00f3 el paquete.\u00a0 Adicional nosotros podremos hacer tracking de la entrega en la plataforma de Cargo Expreso.<\/span><\/pre><p><span style=\"font-weight: 400;\">Si el comprador recoge en tienda o local del emprendedor el producto, deber\u00e1 subir la factura del producto impresa con la firma de recibido del comprador.<\/span><\/p><\/li><\/ul><\/li><li><pre><strong>\u00bfCuando son Muebles grandes como se va a manejar el env\u00edo?<\/strong><\/pre><ul><li><pre>En esta primera fase, esto no est\u00e1 habilitado.<\/pre><\/li><\/ul><\/li><li><pre><strong>Si el producto necesita traslado en fr\u00edo como helados, carnes yogur artesanal como se maneja el env\u00edo?<\/strong><\/pre><ul><li><pre>En esta primera fase, esto no est\u00e1 habilitado.<\/pre><\/li><\/ul><\/li><\/ol>\t\t\t\t\t\t\t\t<\/div>\n\t\t\t\t\t<\/div>\n\t\t\t\t<\/div>\n\t\t\t\t<\/div>\n\t\t","protected":false},"excerpt":{"rendered":"<p>Preguntas frecuentes de MERCADO \u00bfEl vendedor cubrir\u00e1 alg\u00fan cargo por el env\u00edo del producto? No.\u00a0 El comprador es quien pagar\u00e1 el costo del env\u00edo. Con la excepci\u00f3n si el comprador elige pago contraentrega, Cargo Expreso recibir\u00e1 el pago cuando realice la entrega y cobrar\u00e1 una comisi\u00f3n de 4% sobre el monto cobrado. \u00bfDe d\u00f3nde saldr\u00e1 [&hellip;]<\/p>\n","protected":false},"author":11,"featured_media":0,"parent":0,"menu_order":0,"comment_status":"closed","ping_status":"closed","template":"elementor_header_footer","meta":{"_acf_changed":false,"_eb_attr":"","footnotes":""},"class_list":["post-10104","page","type-page","status-publish","hentry"],"acf":[],"aioseo_notices":[],"aioseo_head":"\n\t\t<!-- All in One SEO Pro 4.9.6.2 - aioseo.com -->\n\t<meta name=\"description\" content=\"Preguntas frecuentes de MERCADO \u00bfEl vendedor cubrir\u00e1 alg\u00fan cargo por el env\u00edo del producto? No. El comprador es quien pagar\u00e1 el costo del env\u00edo. Con la excepci\u00f3n si el comprador elige pago contraentrega, Cargo Expreso recibir\u00e1 el pago cuando realice la entrega y cobrar\u00e1 una comisi\u00f3n de 4% sobre el monto cobrado. \u00bfDe d\u00f3nde saldr\u00e1\" \/>\n\t<meta name=\"robots\" content=\"max-snippet:-1, max-image-preview:large, max-video-preview:-1\" \/>\n\t<link rel=\"canonical\" href=\"https:\/\/soymigrante.com\/revista\/preguntas-y-respuestas\/\" \/>\n\t<meta name=\"generator\" content=\"All in One SEO Pro (AIOSEO) 4.9.6.2\" \/>\n\n\t\t<link rel=\"preconnect\" href=\"https:\/\/fonts.googleapis.com\" crossorigin>\n<link rel=\"preconnect\" href=\"https:\/\/fonts.gstatic.com\" crossorigin>\n\t\t<meta property=\"og:locale\" content=\"es_ES\" \/>\n\t\t<meta property=\"og:site_name\" content=\"SoyMigrante.com REVISTA \u2013 Nuestra misi\u00f3n es reconocer y dignificar al migrante.\" \/>\n\t\t<meta property=\"og:type\" content=\"article\" \/>\n\t\t<meta property=\"og:title\" content=\"Preguntas y respuestas de MERCADO @ SoyMigrante.com\" \/>\n\t\t<meta property=\"og:description\" content=\"Preguntas frecuentes de MERCADO \u00bfEl vendedor cubrir\u00e1 alg\u00fan cargo por el env\u00edo del producto? No. El comprador es quien pagar\u00e1 el costo del env\u00edo. Con la excepci\u00f3n si el comprador elige pago contraentrega, Cargo Expreso recibir\u00e1 el pago cuando realice la entrega y cobrar\u00e1 una comisi\u00f3n de 4% sobre el monto cobrado. \u00bfDe d\u00f3nde saldr\u00e1\" \/>\n\t\t<meta property=\"og:url\" content=\"https:\/\/soymigrante.com\/revista\/preguntas-y-respuestas\/\" \/>\n\t\t<meta property=\"og:image\" content=\"https:\/\/soymigrante.com\/revista\/wp-content\/uploads\/2024\/11\/SoyMigrantecom-V-color-112x112-1.webp\" \/>\n\t\t<meta property=\"og:image:secure_url\" content=\"https:\/\/soymigrante.com\/revista\/wp-content\/uploads\/2024\/11\/SoyMigrantecom-V-color-112x112-1.webp\" \/>\n\t\t<meta property=\"article:published_time\" content=\"2024-10-07T18:07:51+00:00\" \/>\n\t\t<meta property=\"article:modified_time\" content=\"2025-01-10T21:09:51+00:00\" \/>\n\t\t<meta property=\"article:publisher\" content=\"https:\/\/www.facebook.com\/soymigrantecom\" \/>\n\t\t<meta name=\"twitter:card\" content=\"summary_large_image\" \/>\n\t\t<meta name=\"twitter:site\" content=\"@SoyMigrante_com\" \/>\n\t\t<meta name=\"twitter:title\" content=\"Preguntas y respuestas de MERCADO @ SoyMigrante.com\" \/>\n\t\t<meta name=\"twitter:description\" content=\"Preguntas frecuentes de MERCADO \u00bfEl vendedor cubrir\u00e1 alg\u00fan cargo por el env\u00edo del producto? No. El comprador es quien pagar\u00e1 el costo del env\u00edo. Con la excepci\u00f3n si el comprador elige pago contraentrega, Cargo Expreso recibir\u00e1 el pago cuando realice la entrega y cobrar\u00e1 una comisi\u00f3n de 4% sobre el monto cobrado. \u00bfDe d\u00f3nde saldr\u00e1\" \/>\n\t\t<meta name=\"twitter:creator\" content=\"@SoyMigrante_com\" \/>\n\t\t<meta name=\"twitter:image\" content=\"https:\/\/soymigrante.com\/revista\/wp-content\/uploads\/2024\/11\/SoyMigrantecom-V-color-112x112-1.webp\" \/>\n\t\t<!-- All in One SEO Pro -->\r\n\t\t<title>Preguntas y respuestas de MERCADO @ SoyMigrante.com<\/title>\n\n","aioseo_head_json":{"title":"Preguntas y respuestas de MERCADO @ SoyMigrante.com","description":"Preguntas frecuentes de MERCADO \u00bfEl vendedor cubrir\u00e1 alg\u00fan cargo por el env\u00edo del producto? No. El comprador es quien pagar\u00e1 el costo del env\u00edo. Con la excepci\u00f3n si el comprador elige pago contraentrega, Cargo Expreso recibir\u00e1 el pago cuando realice la entrega y cobrar\u00e1 una comisi\u00f3n de 4% sobre el monto cobrado. \u00bfDe d\u00f3nde saldr\u00e1","canonical_url":"https:\/\/soymigrante.com\/revista\/preguntas-y-respuestas\/","robots":"max-snippet:-1, max-image-preview:large, max-video-preview:-1","keywords":"","webmasterTools":{"miscellaneous":"&lt;link rel=\"preconnect\" href=\"https:\/\/fonts.googleapis.com\" crossorigin&gt;\n&lt;link rel=\"preconnect\" href=\"https:\/\/fonts.gstatic.com\" crossorigin&gt;"},"schema":null,"og:locale":"es_ES","og:site_name":"SoyMigrante.com REVISTA \u2013 Nuestra misi\u00f3n es reconocer y dignificar al migrante.","og:type":"article","og:title":"Preguntas y respuestas de MERCADO @ SoyMigrante.com","og:description":"Preguntas frecuentes de MERCADO \u00bfEl vendedor cubrir\u00e1 alg\u00fan cargo por el env\u00edo del producto? No. El comprador es quien pagar\u00e1 el costo del env\u00edo. Con la excepci\u00f3n si el comprador elige pago contraentrega, Cargo Expreso recibir\u00e1 el pago cuando realice la entrega y cobrar\u00e1 una comisi\u00f3n de 4% sobre el monto cobrado. \u00bfDe d\u00f3nde saldr\u00e1","og:url":"https:\/\/soymigrante.com\/revista\/preguntas-y-respuestas\/","og:image":"https:\/\/soymigrante.com\/revista\/wp-content\/uploads\/2024\/11\/SoyMigrantecom-V-color-112x112-1.webp","og:image:secure_url":"https:\/\/soymigrante.com\/revista\/wp-content\/uploads\/2024\/11\/SoyMigrantecom-V-color-112x112-1.webp","article:published_time":"2024-10-07T18:07:51+00:00","article:modified_time":"2025-01-10T21:09:51+00:00","article:publisher":"https:\/\/www.facebook.com\/soymigrantecom","twitter:card":"summary_large_image","twitter:site":"@SoyMigrante_com","twitter:title":"Preguntas y respuestas de MERCADO @ SoyMigrante.com","twitter:description":"Preguntas frecuentes de MERCADO \u00bfEl vendedor cubrir\u00e1 alg\u00fan cargo por el env\u00edo del producto? No. El comprador es quien pagar\u00e1 el costo del env\u00edo. Con la excepci\u00f3n si el comprador elige pago contraentrega, Cargo Expreso recibir\u00e1 el pago cuando realice la entrega y cobrar\u00e1 una comisi\u00f3n de 4% sobre el monto cobrado. \u00bfDe d\u00f3nde saldr\u00e1","twitter:creator":"@SoyMigrante_com","twitter:image":"https:\/\/soymigrante.com\/revista\/wp-content\/uploads\/2024\/11\/SoyMigrantecom-V-color-112x112-1.webp"},"aioseo_meta_data":{"post_id":"10104","title":null,"description":null,"keywords":null,"keyphrases":{"focus":{"keyphrase":"preguntas y respuestas MERCADO","score":0,"analysis":[]}},"primary_term":null,"canonical_url":null,"og_title":null,"og_description":null,"og_object_type":"default","og_image_type":"default","og_image_url":null,"og_image_width":null,"og_image_height":null,"og_image_custom_url":null,"og_image_custom_fields":null,"og_video":"","og_custom_url":null,"og_article_section":null,"og_article_tags":null,"twitter_use_og":false,"twitter_card":"default","twitter_image_type":"default","twitter_image_url":null,"twitter_image_custom_url":null,"twitter_image_custom_fields":null,"twitter_title":null,"twitter_description":null,"schema":{"blockGraphs":[],"customGraphs":[],"default":{"data":{"Article":[],"Course":[],"Dataset":[],"FAQPage":[],"Movie":[],"Person":[],"Product":[],"ProductReview":[],"Car":[],"Recipe":[],"Service":[],"SoftwareApplication":[],"WebPage":[]},"graphName":"WebPage","isEnabled":true},"graphs":[]},"schema_type":"default","schema_type_options":null,"pillar_content":false,"robots_default":true,"robots_noindex":false,"robots_noarchive":false,"robots_nosnippet":false,"robots_nofollow":false,"robots_noimageindex":false,"robots_noodp":false,"robots_notranslate":false,"robots_max_snippet":"-1","robots_max_videopreview":"-1","robots_max_imagepreview":"large","priority":null,"frequency":"default","local_seo":null,"seo_analyzer_scan_date":null,"breadcrumb_settings":null,"limit_modified_date":false,"reviewed_by":null,"open_ai":"{\"title\":{\"suggestions\":[],\"usage\":0},\"description\":{\"suggestions\":[],\"usage\":0}}","ai":null,"created":"2024-10-07 18:07:28","updated":"2026-02-04 03:17:47"},"aioseo_breadcrumb":"<div class=\"aioseo-breadcrumbs\"><span class=\"aioseo-breadcrumb\">\n\t<a href=\"https:\/\/soymigrante.com\/revista\" title=\"Home\">Home<\/a>\n<\/span><span class=\"aioseo-breadcrumb-separator\">\u00bb<\/span><span class=\"aioseo-breadcrumb\">\n\tPreguntas y respuestas de MERCADO @ SoyMigrante.com\n<\/span><\/div>","aioseo_breadcrumb_json":[{"label":"Home","link":"https:\/\/soymigrante.com\/revista"},{"label":"Preguntas y respuestas de MERCADO @ SoyMigrante.com","link":"https:\/\/soymigrante.com\/revista\/preguntas-y-respuestas\/"}],"_links":{"self":[{"href":"https:\/\/soymigrante.com\/revista\/wp-json\/wp\/v2\/pages\/10104","targetHints":{"allow":["GET"]}}],"collection":[{"href":"https:\/\/soymigrante.com\/revista\/wp-json\/wp\/v2\/pages"}],"about":[{"href":"https:\/\/soymigrante.com\/revista\/wp-json\/wp\/v2\/types\/page"}],"author":[{"embeddable":true,"href":"https:\/\/soymigrante.com\/revista\/wp-json\/wp\/v2\/users\/11"}],"replies":[{"embeddable":true,"href":"https:\/\/soymigrante.com\/revista\/wp-json\/wp\/v2\/comments?post=10104"}],"version-history":[{"count":0,"href":"https:\/\/soymigrante.com\/revista\/wp-json\/wp\/v2\/pages\/10104\/revisions"}],"wp:attachment":[{"href":"https:\/\/soymigrante.com\/revista\/wp-json\/wp\/v2\/media?parent=10104"}],"curies":[{"name":"wp","href":"https:\/\/api.w.org\/{rel}","templated":true}]}}